{"id":1415,"date":"2019-03-25T15:36:54","date_gmt":"2019-03-25T14:36:54","guid":{"rendered":"https:\/\/www.golfduvaudreuil.com\/?page_id=1415"},"modified":"2020-03-04T12:00:04","modified_gmt":"2020-03-04T11:00:04","slug":"mentions-legales","status":"publish","type":"page","link":"https:\/\/www.golfduvaudreuil.com\/en\/mentions-legales\/","title":{"rendered":"Mentions l\u00e9gales"},"content":{"rendered":"<div class=\"fusion-fullwidth fullwidth-box fusion-builder-row-1 hundred-percent-fullwidth non-hundred-percent-height-scrolling fusion-equal-height-columns\" style=\"background-color: rgba(255,255,255,0);background-position: center center;background-repeat: no-repeat;padding-top:0px;padding-right:12%;padding-bottom:0px;padding-left:12%;margin-bottom: 0px;margin-top: 0px;border-width: 0px 0px 0px 0px;border-color:#eae9e9;border-style:solid;\" ><div class=\"fusion-builder-row fusion-row\"><div class=\"fusion-layout-column fusion_builder_column fusion-builder-column-0 fusion_builder_column_1_1 1_1 fusion-one-full fusion-column-first fusion-column-last\" style=\"margin-top:20px;margin-bottom:20px;\"><div class=\"fusion-column-wrapper fusion-flex-column-wrapper-legacy\" style=\"background-position:left top;background-repeat:no-repeat;-webkit-background-size:cover;-moz-background-size:cover;-o-background-size:cover;background-size:cover;padding: 0px 0px 0px 0px;\"><div class=\"fusion-text fusion-text-1\"><h3 style=\"text-align: left;\">Le pr\u00e9sent site est \u00e9dit\u00e9 par la<br \/>\nSOCI\u00c9T\u00c9 D&rsquo;EXPLOITATION DU GOLF DU VAUDREUIL<\/h3>\n<p style=\"text-align: left;\"><strong>G\u00e9rant :<\/strong> M. Jean-Claude FORESTIER<\/p>\n<p style=\"text-align: left;\"><strong>Directeur de la publication :<\/strong> M. Jean-Claude FORESTIER<\/p>\n<p style=\"text-align: left;\"><strong>Activit\u00e9 :<\/strong> Gestion d\u2019installations sportives<\/p>\n<p style=\"text-align: left;\"><strong>Adresse du si\u00e8ge social : <\/strong>26 Avenue Marc de la Haye 27100 Le Vaudreuil<\/p>\n<p style=\"text-align: left;\"><strong>Forme juridique : <\/strong>Soci\u00e9t\u00e9 \u00e0 responsabilit\u00e9 limit\u00e9e<\/p>\n<p style=\"text-align: left;\"><strong>Capital social : <\/strong>100 000 \u20ac<\/p>\n<p style=\"text-align: left;\"><strong>Email : <\/strong>info@golfduvaudreuil.com<\/p>\n<p style=\"text-align: left;\"><strong>SIRET : <\/strong>41999876000013<\/p>\n<p style=\"text-align: left;\"><strong>RCS : <\/strong>Evreux B 419 998 760<\/p>\n<p style=\"text-align: left;\"><strong>Immatriculation : <\/strong>02-09-1998<\/p>\n<h3>1. PROPRI\u00c9T\u00c9 INTELLECTUELLE<\/h3>\n<p>Les \u00e9l\u00e9ments \u00e9dit\u00e9s sur le site de www.golfduvaudreuil.com incluant notamment des logos, des marques enregistr\u00e9es, des textes, des photographies, des images, des dessins, mod\u00e8les ou tableaux, constituent des \u0153uvres prot\u00e9g\u00e9es par des droits de propri\u00e9t\u00e9 intellectuelle ou des droits de la personne.<br \/>\nLa reproduction ou la repr\u00e9sentation, totale ou partielle, de ce site est donc interdite sans l&rsquo;accord expr\u00e8s et pr\u00e9alable des titulaires de ces droits et constituerait une contrefa\u00e7on sanctionn\u00e9e par les dispositions du Code de la propri\u00e9t\u00e9 intellectuelle et\/ou une faute d\u00e9lictuelle de nature \u00e0 engager la responsabilit\u00e9 civile des contrevenants aux droits susmentionn\u00e9s.<\/p>\n<h3>2. RESPONSABILIT\u00c9 DES UTILISATEURS<\/h3>\n<p>La navigation sur le site www.golfduvaudreuil.com rel\u00e8ve de la seule responsabilit\u00e9 des utilisateurs.<br \/>\nwww.golfduvaudreuil.com ne saurait \u00eatre tenue responsable au titre des pannes, erreurs, virus informatiques qui pourraient faire obstacle \u00e0 la continuit\u00e9 d\u2019acc\u00e8s \u00e0 son site ou au titre des dysfonctionnements dans l\u2019installation informatique des utilisateurs qui pourraient \u00eatre constat\u00e9s \u00e0 la suite d\u2019un acc\u00e8s au site.<br \/>\nIl ne pourra d\u00e8s lors \u00eatre tenue \u00e0 la r\u00e9paration des dommages directs ou indirects qui pourraient \u00eatre li\u00e9s \u00e0 l\u2019utilisation, \u00e0 l\u2019acc\u00e8s \u00e0 son site ou au t\u00e9l\u00e9chargement d\u2019\u00e9l\u00e9ments conserv\u00e9s sur le site (images, textes, fichiers vid\u00e9o\u2026).<\/p>\n<h3>3. LOI INFORMATIQUE ET LIBERT\u00c9<\/h3>\n<p>Pour enregistrer et traiter les messages, www.golfduvaudreuil.com ne collecte que les informations saisies dans les formulaires de contact. Elles ne sont pas transmises \u00e0 des tiers et sont conserv\u00e9es dans une p\u00e9riode maximale d\u2019un an. Vous ne recevrez aucun courrier \u00e9lectronique non sollicit\u00e9 de notre part \u00e0 moins d\u2019en avoir fait la demande expresse.<br \/>\nVous disposez d\u2019un droit d\u2019acc\u00e8s, de rectification, d\u2019opposition et de suppression de ces donn\u00e9es, conform\u00e9ment aux dispositions de la loi \u00ab\u00a0Informatique et Libert\u00e9\u00a0\u00bb du 6 janvier 1978. Pour toute demande, il conviendra de s\u2019adresser \u00e0 info@golfduvaudreuil.com par mail ou via le formulaire de contact.<\/p>\n<p>Pour savoir exactement quelles sont les donn\u00e9es personnelles vous concernant r\u00e9colt\u00e9es et comment elles sont trait\u00e9es, veuillez consulter notre <a href=\"https:\/\/www.golfduvaudreuil.com\/en\/politique-confidentialite\/\">Politique de confidentialit\u00e9 sur les donn\u00e9es personnelles ici<\/a>.<\/p>\n<h3>4. \u00c9TABLIR UN LIEN VERS LE SITE<\/h3>\n<p>Le site www.golfduvaudreuil.com autorise tout site Internet ou tout autre support \u00e0 le citer ou \u00e0 mettre en place un lien hypertexte pointant vers son contenu.<br \/>\nL\u2019autorisation de mise en place d\u2019un lien est valable pour tout support, \u00e0 l\u2019exception de ceux diffusant des informations \u00e0 caract\u00e8re pol\u00e9mique, pornographique, x\u00e9nophobe ou pouvant, dans une plus large mesure porter atteinte \u00e0 la sensibilit\u00e9 du plus grand nombre. Pour ce faire, et toujours dans le respect des droits de leurs auteurs, une ic\u00f4ne peut \u00eatre fournie pour agr\u00e9menter votre lien et pr\u00e9ciser que le site d\u2019origine est celui-ci.<\/p>\n<h3>5. COOKIES<\/h3>\n<p>L\u2019utilisateur est inform\u00e9 que lors de ses visites sur le site, un cookie peut s\u2019installer automatiquement sur son logiciel de navigation.<br \/>\nLe cookie est un bloc de donn\u00e9es qui ne permet pas d\u2019identifier les utilisateurs mais sert \u00e0 enregistrer des informations relatives \u00e0 la navigation de celui-ci sur le site (les pages que vous avez consult\u00e9es, la date et l&rsquo;heure de la consultation, etc&#8230;) que nous pourrons lire lors de vos visites ult\u00e9rieures.<br \/>\nLe param\u00e9trage du logiciel de navigation permet d\u2019informer de la pr\u00e9sence de cookie et \u00e9ventuellement, de la refuser de la mani\u00e8re d\u00e9crite \u00e0 l\u2019adresse suivante : www.cnil.fr.<\/p>\n<p>Pour en savoir plus sur les cookies, veuillez consulter notre <a href=\"https:\/\/www.golfduvaudreuil.com\/en\/politique-confidentialite\/\">Politique de confidentialit\u00e9 ici<\/a>.<\/p>\n<h3>6. LIENS HYPERTEXTES<\/h3>\n<p>L\u2019existence d\u2019un lien hypertexte depuis www.golfduvaudreuil.com vers un autre site ne constitue pas une validation de ce site ou de son contenu.<br \/>\nIl appartient \u00e0 l\u2019internaute d\u2019utiliser ces informations avec discernement et esprit critique.<br \/>\nLa responsabilit\u00e9 de l\u2019\u00e9diteur ne saurait \u00eatre engag\u00e9e quant aux informations, opinions et recommandations formul\u00e9es par ces tiers.<\/p>\n<h3>7. CONCEPTION ET H\u00c9BERGEMENT<\/h3>\n<p><strong>Conception : <\/strong>ZeWebFactory<\/p>\n<p><strong>H\u00e9bergement :<\/strong> Cognix systems \/ OVH SAS<\/p>\n<p><strong>Cr\u00e9dits photos :<\/strong> Karin Prissert, Philippe Millereau, Alexis Orloff, JF. Damois, L. Saintier, Freepik, A.S.O Timoth\u00e9 Renaud.<\/p>\n<\/div><div class=\"fusion-clearfix\"><\/div><\/div><\/div><\/div><\/div>","protected":false},"excerpt":{"rendered":"","protected":false},"author":1,"featured_media":0,"parent":0,"menu_order":0,"comment_status":"closed","ping_status":"closed","template":"100-width.php","meta":{"footnotes":""},"class_list":["post-1415","page","type-page","status-publish","hentry"],"_links":{"self":[{"href":"https:\/\/www.golfduvaudreuil.com\/en\/wp-json\/wp\/v2\/pages\/1415","targetHints":{"allow":["GET"]}}],"collection":[{"href":"https:\/\/www.golfduvaudreuil.com\/en\/wp-json\/wp\/v2\/pages"}],"about":[{"href":"https:\/\/www.golfduvaudreuil.com\/en\/wp-json\/wp\/v2\/types\/page"}],"author":[{"embeddable":true,"href":"https:\/\/www.golfduvaudreuil.com\/en\/wp-json\/wp\/v2\/users\/1"}],"replies":[{"embeddable":true,"href":"https:\/\/www.golfduvaudreuil.com\/en\/wp-json\/wp\/v2\/comments?post=1415"}],"version-history":[{"count":11,"href":"https:\/\/www.golfduvaudreuil.com\/en\/wp-json\/wp\/v2\/pages\/1415\/revisions"}],"predecessor-version":[{"id":2987,"href":"https:\/\/www.golfduvaudreuil.com\/en\/wp-json\/wp\/v2\/pages\/1415\/revisions\/2987"}],"wp:attachment":[{"href":"https:\/\/www.golfduvaudreuil.com\/en\/wp-json\/wp\/v2\/media?parent=1415"}],"curies":[{"name":"wp","href":"https:\/\/api.w.org\/{rel}","templated":true}]}}