{"id":1420,"date":"2019-03-25T16:40:41","date_gmt":"2019-03-25T15:40:41","guid":{"rendered":"https:\/\/www.golfduvaudreuil.com\/?page_id=1420"},"modified":"2019-04-17T16:14:56","modified_gmt":"2019-04-17T14:14:56","slug":"politique-confidentialite","status":"publish","type":"page","link":"https:\/\/www.golfduvaudreuil.com\/en\/politique-confidentialite\/","title":{"rendered":"Politique de confidentialit\u00e9"},"content":{"rendered":"<div class=\"fusion-fullwidth fullwidth-box fusion-builder-row-1 hundred-percent-fullwidth non-hundred-percent-height-scrolling\" style=\"background-color: rgba(255,255,255,0);background-position: center center;background-repeat: no-repeat;padding-top:0px;padding-right:12%;padding-bottom:0px;padding-left:12%;margin-bottom: 0px;margin-top: 0px;border-width: 0px 0px 0px 0px;border-color:#eae9e9;border-style:solid;\" ><div class=\"fusion-builder-row fusion-row\"><div class=\"fusion-layout-column fusion_builder_column fusion-builder-column-0 fusion_builder_column_1_1 1_1 fusion-one-full fusion-column-first fusion-column-last\" style=\"margin-top:0px;margin-bottom:0px;\"><div class=\"fusion-column-wrapper fusion-flex-column-wrapper-legacy\" style=\"background-position:left top;background-repeat:no-repeat;-webkit-background-size:cover;-moz-background-size:cover;-o-background-size:cover;background-size:cover;padding: 0px 0px 3% 0px;\"><div class=\"fusion-sep-clear\"><\/div><div class=\"fusion-separator fusion-clearfix\" style=\"float:left;margin-bottom:3%;width:100%;max-width:40%;\"><div class=\"fusion-separator-border sep-double sep-solid\" style=\"border-color:#3d5567;border-top-width:1px;border-bottom-width:1px;\"><\/div><\/div><div class=\"fusion-sep-clear\"><\/div><div class=\"fusion-text fusion-text-1\"><h3>1 \u2013 PR\u00c9AMBULE<\/h3>\n<h3>2 \u2013 COLLECTE DES DONN\u00c9ES PERSONNELLES<\/h3>\n<h3>3 \u2013 UTILISATION ET TRANSMISSION DE VOS DONN\u00c9ES PERSONNELLES<\/h3>\n<h3>4 \u2013 DUR\u00c9ES DE CONSERVATION DE VOS DONN\u00c9ES PERSONNELLES<\/h3>\n<h3>5 \u2013 VOS DROITS D&rsquo;ACC\u00c8S, DE RECTIFICATION, ET D&rsquo;OPPOSITION<\/h3>\n<h3>6 \u2013 PROTECTION DE VOS DONN\u00c9ES PERSONNELLES<\/h3>\n<h3>7 \u2013 NEWSLETTER<\/h3>\n<h3>8 \u2013 MODIFICATIONS DE NOTRE POLITIQUE DE PROTECTION DE LA VIE PRIV\u00c9E<\/h3>\n<\/div><div class=\"fusion-sep-clear\"><\/div><div class=\"fusion-separator fusion-clearfix\" style=\"float:left;margin-top:3%;width:100%;max-width:40%;\"><div class=\"fusion-separator-border sep-double sep-solid\" style=\"border-color:#3d5567;border-top-width:1px;border-bottom-width:1px;\"><\/div><\/div><div class=\"fusion-sep-clear\"><\/div><div class=\"fusion-clearfix\"><\/div><\/div><\/div><div class=\"fusion-layout-column fusion_builder_column fusion-builder-column-1 fusion_builder_column_1_1 1_1 fusion-one-full fusion-column-first fusion-column-last\" style=\"margin-top:0px;margin-bottom:0px;\"><div class=\"fusion-column-wrapper fusion-flex-column-wrapper-legacy\" style=\"background-position:left top;background-repeat:no-repeat;-webkit-background-size:cover;-moz-background-size:cover;-o-background-size:cover;background-size:cover;padding: 0px 0px 0px 0px;\"><div class=\"fusion-text fusion-text-2\"><h3>1- Pr\u00e9ambule<\/h3>\n<p>Ce document d\u00e9taille la politique de confidentialit\u00e9 globale du Domaine du Golf PGA France du Vaudreuil (Golf PGA France du Vaudreuil, Golf Court Academy, Grand Slam H\u00f4tel, Pavillon Ryder Cup, Altus Performance Europe, Restaurant du Golf PGA France du Vaudreuil) et de son site internet dont l&rsquo;adresse est https:\/\/www.golfduvaudreuil.com concernant le traitement de vos donn\u00e9es personnelles.<br \/>\nLe terme \u00ab\u00a0donn\u00e9es personnelles\u00a0\u00bb d\u00e9signe toute information vous concernant qui vous rend directement ou indirectement personnellement identifiable, notamment vos nom, pr\u00e9nom, adresse, num\u00e9ro de t\u00e9l\u00e9phone, adresse email, identifiant, mot de passe, cookies, adresse IP et autres informations qui permettent votre identification et que vous mettez \u00e0 notre disposition \u00e0 tout moment.<\/p>\n<p>Le Domaine du Golf PGA France du Vaudreuil s&rsquo;engage \u00e0 ne pas vendre, louer ou c\u00e9der vos donn\u00e9es personnelles, qui demeurent \u00e0 l&rsquo;usage exclusif du Domaine du Golf PGA France du Vaudreuil.<\/p>\n<h3>2- Collecte des donn\u00e9es personnelles<\/h3>\n<p>Nous pouvons collecter vos donn\u00e9es personnelles lorsque :<br \/>\n&#8211; vous visitez notre site internet;<br \/>\n&#8211; vous cr\u00e9ez un compte client sur notre site internet ou celui de nos prestataires ;<br \/>\n&#8211; vous passez une commande sur notre site internet ou celui de nos prestataires ;<br \/>\n&#8211; vous vous inscrivez \u00e0 la Newsletter;<br \/>\n&#8211; vous envoyez une r\u00e9clamation, posez une question ou nous faites parvenir toute autre remarque;<br \/>\n&#8211; vous nous communiquez vos donn\u00e9es personnelles sur notre site internet ou de quelque fa\u00e7on que ce soit.<\/p>\n<p><strong>2.1- Formulaire de contact\/cr\u00e9ation de compte<\/strong><\/p>\n<p>Par l&rsquo;interm\u00e9diaire de notre formulaire de contact, ou lors de la cr\u00e9ation d&rsquo;un compte client, nous collectons les donn\u00e9es suivantes vous concernant : civilit\u00e9, nom, pr\u00e9nom, nom de l&rsquo;entreprise, adresse email, num\u00e9ro de t\u00e9l\u00e9phone, adresse postale, identifiant, mot de passe (crypt\u00e9).<br \/>\nCes donn\u00e9es nous permettent de vous contacter en cas de besoin ou concernant une commande. Elles peuvent \u00e9galement nous permettre de vous transmettre des offres particuli\u00e8res concernant les produits du Domaine du Golf PGA France du Vaudreuil, de mani\u00e8re tr\u00e8s ponctuelle.<\/p>\n<p><strong>2.2- M\u00e9dias<\/strong><br \/>\nSi vous \u00eates un utilisateur ou une utilisatrice enregistr\u00e9(e) et que vous t\u00e9l\u00e9chargez des images sur notre site internet, nous vous conseillons d\u2019\u00e9viter de t\u00e9l\u00e9charger des images contenant des donn\u00e9es EXIF de coordonn\u00e9es GPS. Les visiteurs de notre site web peuvent t\u00e9l\u00e9charger et extraire des donn\u00e9es de localisation depuis ces images.<\/p>\n<p><strong>2.3- Cookies<\/strong><br \/>\nLors de la consultation de notre site www.golfduvaudreuil.com, des informations sont susceptibles d&rsquo;\u00eatre enregistr\u00e9es dans des fichiers appel\u00e9s \u00ab\u00a0Cookies\u00a0\u00bb install\u00e9s dans votre ordinateur, tablette ou t\u00e9l\u00e9phone mobile.<br \/>\nNous pouvons utiliser les types de cookies suivants :<br \/>\n&#8211; Des cookies techniques relatifs aux fonctionnalit\u00e9s notre site web : ils vous permettent de parcourir notre site internet, d&rsquo;utiliser ses fonctionnalit\u00e9s et d\u2019enregistrer vos pr\u00e9f\u00e9rences (ex: ajouter un article \u00e0 votre panier).<br \/>\n&#8211; Des cookies d&rsquo;analyse notre site internet : ils nous permettent de mesurer la fr\u00e9quentation notre site internet et vos r\u00e9actions face aux produits que nous proposons. Ils nous permettent \u00e9galement d&rsquo;am\u00e9liorer notre site internet.<br \/>\n&#8211; Des cookies relatifs \u00e0 vos pr\u00e9f\u00e9rences : lorsque vous naviguez ou effectuez des achats en ligne, notre site internet m\u00e9morise vos pr\u00e9f\u00e9rences (par exemple, votre nom d&rsquo;utilisateur, votre langue ou votre emplacement g\u00e9ographique). Cela simplifie, facilite et personnalise votre exp\u00e9rience de navigation.<br \/>\n&#8211; Des cookies relatifs aux r\u00e9seaux sociaux : ils permettent de partager des contenus de notre site avec d\u2019autres personnes. Tel est notamment le cas des boutons \u00ab partager \u00bb ou \u00ab j\u2019aime \u00bb issus de r\u00e9seaux sociaux comme facebook, twitter, linkedin. Le r\u00e9seau social fournissant un tel bouton applicatif est susceptible de vous identifier gr\u00e2ce \u00e0 ce bouton, m\u00eame si vous ne l\u2019avez pas utilis\u00e9 lors de la consultation de notre site. Nous vous invitons \u00e0 consulter les politiques de protection de la vie priv\u00e9e de ces r\u00e9seaux sociaux afin de prendre connaissance des finalit\u00e9s d\u2019utilisation, notamment publicitaires, des informations de navigation qu\u2019ils peuvent recueillir gr\u00e2ce \u00e0 ces boutons applicatifs.<\/p>\n<p>La plupart des navigateurs acceptent automatiquement les cookies, mais ce n&rsquo;est pas une obligation. En poursuivant votre navigation sur notre site internet, vous acceptez l\u2019utilisation de ces cookies. Si vous voulez d\u00e9sactiver les cookies, il vous suffira d&rsquo;adapter les r\u00e9glages de votre navigateur en cons\u00e9quence, mais vous devez savoir qu&rsquo;en d\u00e9sactivant les cookies, vous risquez de ne pas pouvoir cr\u00e9er de compte en ligne ou utiliser toutes les fonctionnalit\u00e9s notre site internet.<\/p>\n<p>Si vous avez un compte et que vous vous connectez sur notre site internet, un cookie temporaire sera cr\u00e9\u00e9 afin de d\u00e9terminer si votre navigateur accepte les cookies. Il ne contient pas de donn\u00e9es personnelles et sera supprim\u00e9 automatiquement \u00e0 la fermeture de votre navigateur.<\/p>\n<p>Lorsque vous vous connecterez, nous mettrons en place un certain nombre de cookies pour enregistrer vos informations de connexion et vos pr\u00e9f\u00e9rences d\u2019\u00e9cran. La dur\u00e9e de vie d\u2019un cookie de connexion est de deux jours, celle d\u2019un cookie d\u2019option d\u2019\u00e9cran est d\u2019un an. Si vous cochez \u00ab\u00a0Se souvenir de moi\u00a0\u00bb, votre cookie de connexion sera conserv\u00e9 pendant deux semaines. Si vous vous d\u00e9connectez de votre compte, le cookie de connexion sera effac\u00e9.<\/p>\n<p><strong>2.4- Contenu embarqu\u00e9 depuis d\u2019autres sites<\/strong><br \/>\nLe contenu de ce site peut inclure des contenus int\u00e9gr\u00e9s (par exemple des vid\u00e9os, images, articles ; iframes&#8230;). Le contenu int\u00e9gr\u00e9 depuis d\u2019autres sites se comporte de la m\u00eame mani\u00e8re que si le visiteur se rendait sur cet autre site.<br \/>\nCes sites web pourraient collecter des donn\u00e9es sur vous, utiliser des cookies, embarquer des outils de suivis tiers, suivre vos interactions avec ces contenus embarqu\u00e9s si vous disposez d\u2019un compte connect\u00e9 sur leur site web. C\u2019est notamment le cas pour la r\u00e9servation en ligne de green-fees avec Mygreenfee.com, de l\u2019utilisation de l\u2019espace membre Albatros ou de la r\u00e9servation en ligne de chambres.<\/p>\n<h3>3- Utilisation et transmission de vos donn\u00e9es personnelles<\/h3>\n<p>Vos donn\u00e9es personnelles sont collect\u00e9es et trait\u00e9es afin de :<br \/>\n&#8211; Traiter et ex\u00e9cuter les commandes que vous passez sur notre site internet;<br \/>\n&#8211; Traiter et r\u00e9soudre toutes vos r\u00e9clamations ou questions relatives \u00e0 vos commandes pass\u00e9es ou futures, \u00e0 votre compte client ou \u00e0 notre marque;<br \/>\n&#8211; G\u00e9rer la cr\u00e9ation et la maintenance de votre compte client;<br \/>\n&#8211; Suivre, d\u00e9velopper et am\u00e9liorer notre site internet;<br \/>\n&#8211; R\u00e9pondre \u00e0 vos demandes et aux obligations de renseignement li\u00e9es \u00e0 leur ex\u00e9cution (ex : Commande, annulation de commande)<br \/>\n&#8211; Respecter le cadre l\u00e9gal (factures conformes, respect de la loi)<br \/>\n&#8211; Vous proposer des offres susceptibles de vous int\u00e9resser et \u00e0 un moment opportun. Exemples : Vous informer d&rsquo;offres sp\u00e9ciales.<br \/>\n&#8211; Vous inviter \u00e0 des \u00e9v\u00e9nements susceptibles de vous int\u00e9resser.<br \/>\n&#8211; Vous proposer de r\u00e9pondre \u00e0 des enqu\u00eates \u00e0 des fins d&rsquo;am\u00e9lioration de services.<br \/>\nCes traitements sont mis en \u0153uvre conform\u00e9ment \u00e0 la r\u00e9glementation en vigueur, \u00e0 votre accord et aux fins de vous proposer nos produits et services conform\u00e9ment aux CGV que vous avez pr\u00e9alablement accept\u00e9es.<\/p>\n<p>Nous conservons vos donn\u00e9es personnelles dans l&rsquo;Espace Economique Europ\u00e9en o\u00f9 se trouvent les serveurs de notre site internet. Nous nous engageons \u00e0 ne pas transf\u00e9rer vos donn\u00e9es personnelles en dehors de l\u2019Union Europ\u00e9enne.<\/p>\n<h3>4- Dur\u00e9es de conservation de vos donn\u00e9es<\/h3>\n<p>Pour les traitements de donn\u00e9es personnelles relatifs \u00e0 la gestion des clients e-commerce, incluant notamment la gestion de la relation client, la gestion des campagnes marketing, la gestion des produits d\u00e9fectueux et le suivi des colis, nous appliquerons les dur\u00e9es de conservation suivantes :<br \/>\n&#8211; Les donn\u00e9es personnelles relatives aux clients : dur\u00e9e de la relation contractuelle augment\u00e9e des dur\u00e9es de prescription l\u00e9gales soit 5 ans.<br \/>\n&#8211; Les donn\u00e9es relatives aux prospects non clients : 3 ans \u00e0 compter du dernier contact actif avec notre marque.<br \/>\n&#8211; Cookies historiques d&rsquo;achat et de navigation : 13 mois.<\/p>\n<h3>5- Vos droits d&rsquo;acc\u00e8s, de rectification, et d&rsquo;opposition<\/h3>\n<p>Vous disposez d\u2019un droit d\u2019acc\u00e8s \u00e0 vos donn\u00e9es, de rectification et d\u2019effacement de vos donn\u00e9es personnelles. Vous b\u00e9n\u00e9ficiez \u00e9galement d\u2019un droit de limitation du traitement, d\u2019un droit \u00e0 la portabilit\u00e9 et d\u2019un droit d\u2019opposition.<\/p>\n<p>Vous disposez \u00e9galement du droit de d\u00e9finir ses directives relatives \u00e0 la conservation, \u00e0 l\u2019effacement et \u00e0 la communication de vos donn\u00e9es \u00e0 caract\u00e8re personnel apr\u00e8s votre d\u00e9c\u00e8s conform\u00e9ment \u00e0 l\u2019article 40-1 de la Loi Informatique et Libert\u00e9s.<\/p>\n<p>Nous ferons le n\u00e9cessaire pour r\u00e9pondre de mani\u00e8re satisfaisante \u00e0 vos demandes. Si, pour quelle que raison que ce soit, vous consid\u00e9rez que notre r\u00e9ponse n\u2019est pas satisfaisante, nous vous informons que vous pouvez introduire une r\u00e9clamation aupr\u00e8s de la CNIL.<\/p>\n<p>Si vous avez un compte ou si vous avez laiss\u00e9 des commentaires sur le site, vous pouvez demander \u00e0 recevoir un fichier contenant toutes les donn\u00e9es personnelles que nous poss\u00e9dons \u00e0 votre sujet, incluant celles que vous nous avez fournies. Vous pouvez \u00e9galement demander la suppression des donn\u00e9es personnelles vous concernant. Cela ne prend pas en compte les donn\u00e9es stock\u00e9es \u00e0 des fins administratives, l\u00e9gales ou pour des raisons de s\u00e9curit\u00e9.<\/p>\n<p><strong>5.1- Informations de contact<\/strong><\/p>\n<p>Vous pouvez exercer vos droits ou exercer la possibilit\u00e9 de retirer votre consentement au traitement de vos donn\u00e9es personnelles \u00e0 tout moment en vous connectant sur votre compte client, en nous adressant un courriel \u00e0 info@golfduvaudreuil.com ou en nous \u00e9crivant \u00e0 :<br \/>\nSoci\u00e9t\u00e9 d\u2019exploitation du Golf du Vaudreuil<br \/>\n26 avenue Marc de la Haye<br \/>\n27100 Le Vaudreuil.<\/p>\n<h3>6- Protection de vos donn\u00e9es personnelles<\/h3>\n<p>L&rsquo;acc\u00e8s aux donn\u00e9es personnelles collect\u00e9es est limit\u00e9 et s\u00e9curis\u00e9.<\/p>\n<p>&#8211; Il est restreint au gestionnaire de la boutique en ligne, au responsable du traitement des commandes et au webmaster qui sont en charge des traitements marketing et commerciaux de vos donn\u00e9es personnelles ou qui sont en charge de faire respecter vos droits (information, modification, retrait). Ceux-ci n\u2019ont acc\u00e8s qu\u2019aux seules donn\u00e9es qui leurs sont n\u00e9cessaires dans le cadre de leurs fonctions.<\/p>\n<p>&#8211; Les donn\u00e9es sont stock\u00e9es dans une base de donn\u00e9es dont l&rsquo;acc\u00e8s et s\u00e9curis\u00e9 et peuvent \u00eatre d\u00e9pos\u00e9es sur la plateforme d&#8217;emailing Netmessage utilis\u00e9e pour nos \u00e9ventuelles newsletters d&rsquo;information. Seules les donn\u00e9es n\u00e9cessaires aux campagnes marketing sont d\u00e9pos\u00e9es. Leur politique de confidentialit\u00e9 est accessible ici : http:\/\/www.netmessage.com\/wp-content\/uploads\/2018\/03\/LINK-Privacy-Notice-Avis%20de%20confidentialit%C3%A9.pdf<\/p>\n<p>Ils ne sont pas destinataires, mais les donn\u00e9es transitent sur leurs serveurs :<br \/>\n&#8211; Netmessage : Plateforme professionnelle de routage d&#8217;emails.<br \/>\n&#8211; Cognix Systems \/ OVH : H\u00e9bergeur de notre site internet et de notre base de donn\u00e9es.<\/p>\n<h3>7- Newsletter<\/h3>\n<p>Vous pouvez vous inscrire \u00e0 la Newsletter du Domaine du Golf PGA France du Vaudreuil et ainsi choisir d\u2019\u00eatre inform\u00e9s, \u00e0 intervalle r\u00e9gulier, des offres propos\u00e9es par nos soci\u00e9t\u00e9s ou par nos partenaires.<br \/>\nVous avez la possibilit\u00e9 vous d\u00e9sinscrire de cette newsletter en bas de page de chaque newsletter.<\/p>\n<h3>8- Modifications de notre politique de protection de la vie priv\u00e9e<\/h3>\n<p>Nous nous r\u00e9servons le droit de modifier notre politique de confidentialit\u00e9, dans le respect des lois en vigueur en mati\u00e8re de protection des donn\u00e9es personnelles. Dans cette hypoth\u00e8se, les modifications de notre politique de protection de la vie priv\u00e9e seront indiqu\u00e9es ici m\u00eame.<\/p>\n<\/div><div class=\"fusion-clearfix\"><\/div><\/div><\/div><\/div><\/div>","protected":false},"excerpt":{"rendered":"","protected":false},"author":1,"featured_media":0,"parent":0,"menu_order":0,"comment_status":"closed","ping_status":"closed","template":"100-width.php","meta":{"footnotes":""},"class_list":["post-1420","page","type-page","status-publish","hentry"],"_links":{"self":[{"href":"https:\/\/www.golfduvaudreuil.com\/en\/wp-json\/wp\/v2\/pages\/1420","targetHints":{"allow":["GET"]}}],"collection":[{"href":"https:\/\/www.golfduvaudreuil.com\/en\/wp-json\/wp\/v2\/pages"}],"about":[{"href":"https:\/\/www.golfduvaudreuil.com\/en\/wp-json\/wp\/v2\/types\/page"}],"author":[{"embeddable":true,"href":"https:\/\/www.golfduvaudreuil.com\/en\/wp-json\/wp\/v2\/users\/1"}],"replies":[{"embeddable":true,"href":"https:\/\/www.golfduvaudreuil.com\/en\/wp-json\/wp\/v2\/comments?post=1420"}],"version-history":[{"count":5,"href":"https:\/\/www.golfduvaudreuil.com\/en\/wp-json\/wp\/v2\/pages\/1420\/revisions"}],"predecessor-version":[{"id":1425,"href":"https:\/\/www.golfduvaudreuil.com\/en\/wp-json\/wp\/v2\/pages\/1420\/revisions\/1425"}],"wp:attachment":[{"href":"https:\/\/www.golfduvaudreuil.com\/en\/wp-json\/wp\/v2\/media?parent=1420"}],"curies":[{"name":"wp","href":"https:\/\/api.w.org\/{rel}","templated":true}]}}