{"id":1647,"date":"2019-04-01T15:24:57","date_gmt":"2019-04-01T13:24:57","guid":{"rendered":"https:\/\/www.golfduvaudreuil.com\/?page_id=1647"},"modified":"2025-03-16T09:27:39","modified_gmt":"2025-03-16T08:27:39","slug":"devenir-membre","status":"publish","type":"page","link":"https:\/\/www.golfduvaudreuil.com\/en\/devenir-membre\/","title":{"rendered":"Devenir membre"},"content":{"rendered":"<p><div class=\"fusion-fullwidth fullwidth-box fusion-builder-row-1 fusion-parallax-none hauteurtitre hundred-percent-fullwidth non-hundred-percent-height-scrolling fusion-equal-height-columns\" style=\"background-color: rgba(255,255,255,0);background-image: url(&quot;https:\/\/www.golfduvaudreuil.com\/segv_sitewp\/wp-content\/uploads\/2024\/02\/DSC_4569-1-scaled.jpg&quot;);background-position: center center;background-repeat: no-repeat;padding-top:0px;padding-right:0px;padding-bottom:0px;padding-left:0px;border-width: 0px 0px 0px 0px;border-color:#eae9e9;border-style:solid;-webkit-background-size:cover;-moz-background-size:cover;-o-background-size:cover;background-size:cover;\" ><div class=\"fusion-builder-row fusion-row\"><div class=\"fusion-layout-column fusion_builder_column fusion-builder-column-0 fusion_builder_column_1_1 1_1 fusion-one-full fusion-column-first fusion-column-last hauteurtitre\" style=\"margin-top:0px;margin-bottom:0px;\"><div class=\"fusion-column-wrapper fusion-flex-column-wrapper-legacy\" style=\"background-position:left top;background-blend-mode: overlay;background-repeat:no-repeat;-webkit-background-size:cover;-moz-background-size:cover;-o-background-size:cover;background-size:cover;padding: 0px 0px 0px 0px;\"><div class=\"fusion-column-content-centered\"><div class=\"fusion-column-content\"><style type=\"text\/css\"><\/style><div class=\"fusion-title title fusion-title-1 fusion-sep-none fusion-title-text fusion-title-size-one ombretitre\" style=\"font-size:52px;margin-top:0px;margin-right:0px;margin-bottom:10px;margin-left:0px;\"><h1 class=\"title-heading-left fusion-responsive-typography-calculated\" style=\"margin:0;font-size:1em;color:#ffffff;--fontSize:52;line-height:1.2;\">DEVENIR MEMBRE<\/h1><\/div><\/div><\/div><div class=\"fusion-clearfix\"><\/div><\/div><\/div><\/div><\/div><div class=\"fusion-fullwidth fullwidth-box fusion-builder-row-2 hundred-percent-fullwidth non-hundred-percent-height-scrolling fusion-equal-height-columns\" style=\"background-color: rgba(255,255,255,0);background-position: center center;background-repeat: no-repeat;padding-top:0px;padding-right:15%;padding-bottom:0px;padding-left:15%;margin-bottom: 3%;margin-top: 1%;border-width: 0px 0px 0px 0px;border-color:#eae9e9;border-style:solid;\" ><div class=\"fusion-builder-row fusion-row\"><div class=\"fusion-layout-column fusion_builder_column fusion-builder-column-1 fusion_builder_column_1_2 1_2 fusion-one-half fusion-column-first\" style=\"width:50%;width:calc(50% - ( ( 4% ) * 0.5 ) );margin-right: 4%;margin-top:20px;margin-bottom:20px;\"><div class=\"fusion-column-wrapper fusion-flex-column-wrapper-legacy\" style=\"background-position:left top;background-blend-mode: overlay;background-repeat:no-repeat;-webkit-background-size:cover;-moz-background-size:cover;-o-background-size:cover;background-size:cover;padding: 0px 0px 0px 0px;\"><div class=\"fusion-column-content-centered\"><div class=\"fusion-column-content\"><div class=\"fusion-text fusion-text-1\"><h2 class=\"fusion-responsive-typography-calculated\" style=\"--fontsize: 16; line-height: 1.5; --minfontsize: 16;\" data-fontsize=\"16\" data-lineheight=\"24px\">L&rsquo;\u00e9quipe de l&rsquo;accueil du Golf PGA France du Vaudreuil serait ravi de vous compter parmi ses membres.<\/h2>\n<h2 class=\"fusion-responsive-typography-calculated\" style=\"--fontsize: 16; line-height: 1.5; --minfontsize: 16;\" data-fontsize=\"16\" data-lineheight=\"24px\">Nous disposons de <strong>plusieurs offres d&rsquo;abonnements<\/strong> : temps plein, semainier.<br \/>\nNous avons \u00e9galement des <strong>offres pr\u00e9f\u00e9rentielles pour les jeunes de moins de 30 ans<\/strong>.<\/h2>\n<h2 class=\"fusion-responsive-typography-calculated\" style=\"--fontsize: 16; line-height: 1.5; --minfontsize: 16;\" data-fontsize=\"16\" data-lineheight=\"24px\">Votre abonnement temps plein ou semainier, ainsi que votre adh\u00e9sion \u00e0 l&rsquo;Association Sportive, vous donne la possibilit\u00e9 de <strong>jouer quatre des plus beaux golfs de la r\u00e9gion<\/strong> : Golf du Champ de Bataille, du Parc Robert Hersant, de l&rsquo;Amiraut\u00e9 et d&rsquo;\u00c9tretat.<\/h2>\n<\/div><div class=\"fusion-aligncenter\"><style>.fusion-button.button-1{border-radius:2px 2px 2px 2px;}<\/style><a class=\"fusion-button button-flat fusion-button-default-size button-default button-1 fusion-button-default-span fusion-button-default-type\" target=\"_self\" href=\"https:\/\/www.golfduvaudreuil.com\/segv_sitewp\/wp-content\/uploads\/2025\/03\/D_pliants_standards_16da0e4fa3d590dd4081165c89f52a72_organized.pdf.pdf\"><span class=\"fusion-button-text\">T\u00c9L\u00c9CHARGER NOTRE BROCHURE <\/span><\/a><\/div><\/div><\/div><div class=\"fusion-clearfix\"><\/div><\/div><\/div><div class=\"fusion-layout-column fusion_builder_column fusion-builder-column-2 fusion_builder_column_1_2 1_2 fusion-one-half fusion-column-last\" style=\"width:50%;width:calc(50% - ( ( 4% ) * 0.5 ) );margin-top:20px;margin-bottom:20px;\"><div class=\"fusion-column-wrapper fusion-flex-column-wrapper-legacy\" style=\"background-position:left top;background-blend-mode: overlay;background-repeat:no-repeat;-webkit-background-size:cover;-moz-background-size:cover;-o-background-size:cover;background-size:cover;padding: 0px 0px 0px 0px;\"><div class=\"fusion-column-content-centered\"><div class=\"fusion-column-content\"><span class=\"fusion-imageframe imageframe-none imageframe-1 hover-type-none\"><img decoding=\"async\" width=\"948\" height=\"944\" title=\"Capture d&rsquo;\u00e9cran 2024-02-25 112747\" src=\"https:\/\/www.golfduvaudreuil.com\/segv_sitewp\/wp-content\/uploads\/2024\/02\/Capture-decran-2024-02-25-112747.png\" alt class=\"img-responsive wp-image-5351\" srcset=\"https:\/\/www.golfduvaudreuil.com\/segv_sitewp\/wp-content\/uploads\/2024\/02\/Capture-decran-2024-02-25-112747-200x199.png 200w, https:\/\/www.golfduvaudreuil.com\/segv_sitewp\/wp-content\/uploads\/2024\/02\/Capture-decran-2024-02-25-112747-400x398.png 400w, https:\/\/www.golfduvaudreuil.com\/segv_sitewp\/wp-content\/uploads\/2024\/02\/Capture-decran-2024-02-25-112747-600x597.png 600w, https:\/\/www.golfduvaudreuil.com\/segv_sitewp\/wp-content\/uploads\/2024\/02\/Capture-decran-2024-02-25-112747-800x797.png 800w, https:\/\/www.golfduvaudreuil.com\/segv_sitewp\/wp-content\/uploads\/2024\/02\/Capture-decran-2024-02-25-112747.png 948w\" sizes=\"(max-width: 970px) 100vw, 600px\" \/><\/span><\/div><\/div><div class=\"fusion-clearfix\"><\/div><\/div><\/div><\/div><\/div><div class=\"fusion-fullwidth fullwidth-box fusion-builder-row-3 hundred-percent-fullwidth non-hundred-percent-height-scrolling fusion-equal-height-columns\" style=\"background-color: rgba(255,255,255,0);background-position: center center;background-repeat: no-repeat;padding-top:0px;padding-right:15%;padding-bottom:0px;padding-left:15%;margin-bottom: 5%;margin-top: 5%;border-width: 0px 0px 0px 0px;border-color:#eae9e9;border-style:solid;\" ><div class=\"fusion-builder-row fusion-row\"><div class=\"fusion-layout-column fusion_builder_column fusion-builder-column-3 fusion_builder_column_1_2 1_2 fusion-one-half fusion-column-first\" style=\"width:50%;width:calc(50% - ( ( 4% ) * 0.5 ) );margin-right: 4%;margin-top:20px;margin-bottom:20px;\"><div class=\"fusion-column-wrapper fusion-flex-column-wrapper-legacy\" style=\"background-position:left top;background-blend-mode: overlay;background-repeat:no-repeat;-webkit-background-size:cover;-moz-background-size:cover;-o-background-size:cover;background-size:cover;background-color:rgba(134,185,216,0.1);padding: 3% 3% 3% 3%;\"><style type=\"text\/css\"><\/style><div class=\"fusion-title title fusion-title-2 fusion-sep-none fusion-title-text fusion-title-size-one\" style=\"margin-top:0px;margin-right:0px;margin-bottom:10px;margin-left:0px;\"><h1 class=\"title-heading-left fusion-responsive-typography-calculated\" style=\"margin:0;--fontSize:38;line-height:1.2;\">VOS AUTRES AVANTAGES<\/h1><\/div><div class=\"fusion-sep-clear\"><\/div><div class=\"fusion-separator fusion-clearfix\" style=\"float:left;margin-top:10px;margin-bottom:30px;width:100%;max-width:20%;\"><div class=\"fusion-separator-border sep-double sep-solid\" style=\"border-color:#3d5567;border-top-width:1px;border-bottom-width:1px;\"><\/div><\/div><div class=\"fusion-sep-clear\"><\/div><ul class=\"fusion-checklist fusion-checklist-1\" style=\"font-size:16px;line-height:27.2px;\"><li style=\"background-color:rgba(255,255,255,0);\" class=\"fusion-li-item\"><span style=\"height:27.2px;width:27.2px;margin-right:11.2px;\" class=\"icon-wrapper circle-no\"><i class=\"fusion-li-icon fa-golf-ball fas\" style=\"color:#3d5567;\" aria-hidden=\"true\"><\/i><\/span><div class=\"fusion-li-item-content\" style=\"margin-left:38.4px;color:var(--awb-color8);\">Carte de paiement \u00ab\u00a0Membres\u00a0\u00bb Myfare vous permettant de b\u00e9n\u00e9ficier de multiples r\u00e9ductions en fonction de votre versement.<\/div><\/li><li style=\"background-color:rgba(255,255,255,0);\" class=\"fusion-li-item\"><span style=\"height:27.2px;width:27.2px;margin-right:11.2px;\" class=\"icon-wrapper circle-no\"><i class=\"fusion-li-icon fa-golf-ball fas\" style=\"color:#3d5567;\" aria-hidden=\"true\"><\/i><\/span><div class=\"fusion-li-item-content\" style=\"margin-left:38.4px;color:var(--awb-color8);\">\n<p>L&rsquo;acc\u00e8s \u00e0 une application mobile d\u00e9di\u00e9e au golf PGA France du Vaudreuil.<\/p>\n<\/div><\/li><li style=\"background-color:rgba(255,255,255,0);\" class=\"fusion-li-item\"><span style=\"height:27.2px;width:27.2px;margin-right:11.2px;\" class=\"icon-wrapper circle-no\"><i class=\"fusion-li-icon fa-golf-ball fas\" style=\"color:#3d5567;\" aria-hidden=\"true\"><\/i><\/span><div class=\"fusion-li-item-content\" style=\"margin-left:38.4px;color:var(--awb-color8);\">\n<p>Votre carte LeClub Gold offerte.<\/p>\n<\/div><\/li><li style=\"background-color:rgba(255,255,255,0);\" class=\"fusion-li-item\"><span style=\"height:27.2px;width:27.2px;margin-right:11.2px;\" class=\"icon-wrapper circle-no\"><i class=\"fusion-li-icon fa-golf-ball fas\" style=\"color:#3d5567;\" aria-hidden=\"true\"><\/i><\/span><div class=\"fusion-li-item-content\" style=\"margin-left:38.4px;color:var(--awb-color8);\">\n<p>Vous devenez membre du PGA France le Club et b\u00e9n\u00e9ficiez d&rsquo;un abonnement au magazine \u00ab\u00a0Practice\u00a0\u00bb.<\/p>\n<\/div><\/li><\/ul><div class=\"fusion-clearfix\"><\/div><\/div><\/div><div class=\"fusion-layout-column fusion_builder_column fusion-builder-column-4 fusion_builder_column_1_2 1_2 fusion-one-half fusion-column-last\" style=\"width:50%;width:calc(50% - ( ( 4% ) * 0.5 ) );margin-top:20px;margin-bottom:20px;\"><div class=\"fusion-column-wrapper fusion-flex-column-wrapper-legacy\" style=\"background-position:left top;background-blend-mode: overlay;background-repeat:no-repeat;-webkit-background-size:cover;-moz-background-size:cover;-o-background-size:cover;background-size:cover;padding: 0px 0px 0px 0px;\"><style type=\"text\/css\"><\/style><div class=\"fusion-title title fusion-title-3 fusion-sep-none fusion-title-text fusion-title-size-one\" style=\"margin-top:0px;margin-right:0px;margin-bottom:10px;margin-left:0px;\"><h1 class=\"title-heading-left fusion-responsive-typography-calculated\" style=\"margin:0;--fontSize:38;line-height:1.2;\">NOUS CONTACTER<\/h1><\/div><div class=\"fusion-sep-clear\"><\/div><div class=\"fusion-separator fusion-clearfix\" style=\"float:left;margin-top:10px;margin-bottom:30px;width:100%;max-width:20%;\"><div class=\"fusion-separator-border sep-double sep-solid\" style=\"border-color:#3d5567;border-top-width:1px;border-bottom-width:1px;\"><\/div><\/div><div class=\"fusion-sep-clear\"><\/div><div class=\"fusion-text fusion-text-2\"><p><strong>Nous sommes \u00e0 votre enti\u00e8re disposition pour de plus amples renseignements :<\/strong><\/p>\n<p>En haute saison :<br \/>\nEn semaine de 8h \u00e0 18h.<br \/>\nLe week-end de 7h30 \u00e0 19h.<\/p>\n<p>En basse saison :<br \/>\nEn semaine de 8h30 \u00e0 17h30.<br \/>\nLe week-end de 8h \u00e0 18h30.<\/p>\n<p>Vous pouvez nous joindre par t\u00e9l\u00e9phone au 02 32 59 02 60.<\/p>\n<p>Vous pouvez nous envoyer un email en utilisant le <a href=\"https:\/\/www.golfduvaudreuil.com\/en\/contact\/\">formulaire de contact<\/a> ou en nous \u00e9crivant \u00e0 info@golfduvaudreuil.com<\/p>\n<\/div><div class=\"fusion-clearfix\"><\/div><\/div><\/div><\/div><\/div><\/p>","protected":false},"excerpt":{"rendered":"","protected":false},"author":1,"featured_media":0,"parent":0,"menu_order":0,"comment_status":"closed","ping_status":"closed","template":"100-width.php","meta":{"footnotes":""},"class_list":["post-1647","page","type-page","status-publish","hentry"],"_links":{"self":[{"href":"https:\/\/www.golfduvaudreuil.com\/en\/wp-json\/wp\/v2\/pages\/1647","targetHints":{"allow":["GET"]}}],"collection":[{"href":"https:\/\/www.golfduvaudreuil.com\/en\/wp-json\/wp\/v2\/pages"}],"about":[{"href":"https:\/\/www.golfduvaudreuil.com\/en\/wp-json\/wp\/v2\/types\/page"}],"author":[{"embeddable":true,"href":"https:\/\/www.golfduvaudreuil.com\/en\/wp-json\/wp\/v2\/users\/1"}],"replies":[{"embeddable":true,"href":"https:\/\/www.golfduvaudreuil.com\/en\/wp-json\/wp\/v2\/comments?post=1647"}],"version-history":[{"count":23,"href":"https:\/\/www.golfduvaudreuil.com\/en\/wp-json\/wp\/v2\/pages\/1647\/revisions"}],"predecessor-version":[{"id":6576,"href":"https:\/\/www.golfduvaudreuil.com\/en\/wp-json\/wp\/v2\/pages\/1647\/revisions\/6576"}],"wp:attachment":[{"href":"https:\/\/www.golfduvaudreuil.com\/en\/wp-json\/wp\/v2\/media?parent=1647"}],"curies":[{"name":"wp","href":"https:\/\/api.w.org\/{rel}","templated":true}]}}