{"id":1854,"date":"2019-04-11T11:17:03","date_gmt":"2019-04-11T09:17:03","guid":{"rendered":"https:\/\/www.golfduvaudreuil.com\/?page_id=1854"},"modified":"2026-01-03T17:21:05","modified_gmt":"2026-01-03T16:21:05","slug":"pavillon-ryder-cup","status":"publish","type":"page","link":"https:\/\/www.golfduvaudreuil.com\/en\/pavillon-ryder-cup\/","title":{"rendered":"Pavillon Ryder Cup"},"content":{"rendered":"<p><div class=\"fusion-fullwidth fullwidth-box fusion-builder-row-1 fusion-parallax-none hauteurtitre hundred-percent-fullwidth non-hundred-percent-height-scrolling fusion-equal-height-columns\" style=\"background-color: rgba(255,255,255,0);background-image: url(&quot;https:\/\/www.golfduvaudreuil.com\/segv_sitewp\/wp-content\/uploads\/2024\/12\/IMG_4537-1.jpg&quot;);background-position: center center;background-repeat: no-repeat;padding-top:0px;padding-right:0px;padding-bottom:0px;padding-left:0px;border-width: 0px 0px 0px 0px;border-color:#eae9e9;border-style:solid;-webkit-background-size:cover;-moz-background-size:cover;-o-background-size:cover;background-size:cover;\" ><div class=\"fusion-builder-row fusion-row\"><div class=\"fusion-layout-column fusion_builder_column fusion-builder-column-0 fusion_builder_column_1_1 1_1 fusion-one-full fusion-column-first fusion-column-last hauteurtitre\" style=\"margin-top:0px;margin-bottom:0px;\"><div class=\"fusion-column-wrapper fusion-flex-column-wrapper-legacy\" style=\"background-position:left top;background-blend-mode: overlay;background-repeat:no-repeat;-webkit-background-size:cover;-moz-background-size:cover;-o-background-size:cover;background-size:cover;padding: 0px 0px 0px 0px;\"><div class=\"fusion-column-content-centered\"><div class=\"fusion-column-content\"><style type=\"text\/css\"><\/style><div class=\"fusion-title title fusion-title-1 fusion-sep-none fusion-title-text fusion-title-size-one ombretitre\" style=\"font-size:52px;margin-top:0px;margin-right:0px;margin-bottom:10px;margin-left:0px;\"><h1 class=\"title-heading-left fusion-responsive-typography-calculated\" style=\"margin:0;font-size:1em;color:#ffffff;--fontSize:52;line-height:1.2;\">PAVILLON RYDER CUP<\/h1><\/div><\/div><\/div><div class=\"fusion-clearfix\"><\/div><\/div><\/div><\/div><\/div><div class=\"fusion-fullwidth fullwidth-box fusion-builder-row-2 hundred-percent-fullwidth non-hundred-percent-height-scrolling fusion-equal-height-columns\" style=\"background-color: rgba(255,255,255,0);background-position: center center;background-repeat: no-repeat;padding-top:0px;padding-right:15%;padding-bottom:0px;padding-left:15%;margin-bottom: 0px;margin-top: 3%;border-width: 0px 0px 0px 0px;border-color:#eae9e9;border-style:solid;\" ><div class=\"fusion-builder-row fusion-row\"><div class=\"fusion-layout-column fusion_builder_column fusion-builder-column-1 fusion_builder_column_2_3 2_3 fusion-two-third fusion-column-first\" style=\"width:66.666666666667%;width:calc(66.666666666667% - ( ( 4% ) * 0.66666666666667 ) );margin-right: 4%;margin-top:20px;margin-bottom:20px;\"><div class=\"fusion-column-wrapper fusion-flex-column-wrapper-legacy\" style=\"background-position:left top;background-blend-mode: overlay;background-repeat:no-repeat;-webkit-background-size:cover;-moz-background-size:cover;-o-background-size:cover;background-size:cover;padding: 3% 3% 3% 3%;\"><div class=\"fusion-text fusion-text-1\"><h1 style=\"margin-bottom: 20px;\">LE PAVILLON RYDER CUP<\/h1>\n<h2><strong>Ce pavillon mus\u00e9e du golf relate l\u2019histoire de la Ryder Cup et de ses \u00e9quipes mythiques. Chaque chambre est \u00e0 l\u2019effigie d\u2019une ann\u00e9e historique de la Ryder Cup vous permettant une immersion totale dans cette ambiance extraordinaire opposant les Etats-Unis \u00e0 l\u2019Europe.<\/strong><\/h2>\n<p>S\u00e9journez dans le prestigieux Pavillon Ryder Cup, un lieu charg\u00e9 d\u2019histoire et de charme, nich\u00e9 au sein du Golf PGA France du Vaudreuil. Ce pavillon exclusif offre une exp\u00e9rience unique, id\u00e9ale pour les groupes ou les familles, avec de grands espaces de vie.\u00a0 L\u2019endroit parfait pour un week-end golfique en Normandie.<\/p>\n<p>Par sa situation exceptionnelle \u2013 5 minutes de la sortie 19 de l\u2019autoroute A13 \u2013 c\u2019est le point de d\u00e9part id\u00e9al d\u2019un week-end de d\u00e9couverte de la Normandie et de sa diversit\u00e9 : Giverny, Deauville, Rouen\u2026<\/p>\n<p>Id\u00e9alement implant\u00e9 au c\u0153ur du Domaine du Golf PGA France du Vaudreuil, \u00e0 moins de 400m du Club House et de son restaurant, le pavillon Ryder Cup est le lieu de r\u00e9sidence id\u00e9al pour vos s\u00e9jours golfiques ou pauses d\u00e9tente.<\/p>\n<p>Enti\u00e8rement r\u00e9nov\u00e9 en 2018, il vous offre d\u00e9sormais des prestations haut de gamme.<\/p>\n<\/div><div class=\"fusion-clearfix\"><\/div><\/div><\/div><div class=\"fusion-layout-column fusion_builder_column fusion-builder-column-2 fusion_builder_column_1_3 1_3 fusion-one-third fusion-column-last\" style=\"width:33.333333333333%;width:calc(33.333333333333% - ( ( 4% ) * 0.33333333333333 ) );margin-top:45px;margin-bottom:0px;\"><div class=\"fusion-column-wrapper fusion-flex-column-wrapper-legacy\" style=\"background-position:left top;background-repeat:no-repeat;-webkit-background-size:cover;-moz-background-size:cover;-o-background-size:cover;background-size:cover;background-color:#d5e2ea;border-width: 0 20px 0 20px;border-color:#d5e2ea;border-style:solid;padding: 2% 0% 0% 1%;\"><div class=\"fusion-fa-align-center\"><i class=\"fb-icon-element-1 fb-icon-element fontawesome-icon fa-user-friends fas circle-no fusion-no-medium-visibility\" style=\"font-size:30px;margin-top:15px;\"><\/i><\/div><style>i.fb-icon-element.fontawesome-icon.fb-icon-element-1{ color: #002a57;}i.fb-icon-element.fontawesome-icon.fb-icon-element-1:hover { color: #002a57;}<\/style><div class=\"fusion-text fusion-text-2\"><p style=\"text-align: center;\"><strong>Capacit\u00e9 : 13 personnes<\/strong><\/p>\n<p class=\"cvGsUA direction-ltr align-justify para-style-body\">5 chambres  :<\/p>\n<ul>\n<li>4 chambres doubles :<\/li>\n<ul>\n<li>lit double ou 2 lits simples<\/li>\n<\/ul>\n<li>1 chambre familiale (5 personnes) :<\/li>\n<ul>\n<li>3 lits simples (ou 1 double + 1 simple) + 1 canap\u00e9 convertible<\/li>\n<\/ul>\n<\/ul>\n<p>4 salles d\u2019eau (dont 1 partag\u00e9e avec 2 chambres) :<\/p>\n<ul>\n<li>3 salles d\u2019eau avec douche<\/li>\n<li>1 salle de bain avec douche et baignoire<\/li>\n<\/ul>\n<p>Grand s\u00e9jour, avec cuisine ouverte \u00e9quip\u00e9e :<\/p>\n<ul>\n<li>Plaques \u00e0 induction, r\u00e9frig\u00e9rateur, four,      micro-ondes,  bouilloire, machine \u00e0 caf\u00e9 (dosettes)      grille-pain, lave-vaisselle.<\/li>\n<\/ul>\n<p>Linge de lit et serviettes de toilettes fournies.<\/p>\n<\/div><div class=\"fusion-clearfix\"><\/div><\/div><\/div><\/div><\/div><div class=\"fusion-fullwidth fullwidth-box fusion-builder-row-3 hundred-percent-fullwidth non-hundred-percent-height-scrolling fusion-equal-height-columns\" style=\"background-color: rgba(255,255,255,0);background-position: center center;background-repeat: no-repeat;padding-top:0px;padding-right:15%;padding-bottom:0px;padding-left:15%;margin-bottom: 1%;border-width: 0px 0px 0px 0px;border-color:#eae9e9;border-style:solid;\" ><div class=\"fusion-builder-row fusion-row\"><div class=\"fusion-layout-column fusion_builder_column fusion-builder-column-3 fusion_builder_column_1_1 1_1 fusion-one-full fusion-column-first fusion-column-last\" style=\"margin-top:20px;margin-bottom:20px;\"><div class=\"fusion-column-wrapper fusion-flex-column-wrapper-legacy\" style=\"background-position:left top;background-blend-mode: overlay;background-repeat:no-repeat;-webkit-background-size:cover;-moz-background-size:cover;-o-background-size:cover;background-size:cover;padding: 0px 0px 3% 0px;\"><div class=\"fusion-aligncenter\"><style>.fusion-button.button-1{border-radius:2px 2px 2px 2px;}<\/style><a class=\"fusion-button button-flat fusion-button-default-size button-default button-1 fusion-button-default-span fusion-button-default-type\" target=\"_self\" href=\"https:\/\/www.golfduvaudreuil.com\/segv_sitewp\/wp-content\/uploads\/2026\/01\/Tarifs-2026-Hebergements-Golf-PGA-France-du-Vaudreuil-7.pdf\"><span class=\"fusion-button-text\">d\u00e9couvrir notre Plaquette tarifaire<\/span><\/a><\/div><div class=\"fusion-clearfix\"><\/div><\/div><\/div><\/div><\/div><div class=\"fusion-fullwidth fullwidth-box fusion-builder-row-4 hundred-percent-fullwidth non-hundred-percent-height-scrolling\" style=\"background-color: rgba(255,255,255,0);background-position: center center;background-repeat: no-repeat;padding-top:0px;padding-right:0px;padding-bottom:0px;padding-left:0px;margin-bottom: 2%;margin-top: 2%;border-width: 0px 0px 0px 0px;border-color:#eae9e9;border-style:solid;\" ><div class=\"fusion-builder-row fusion-row\"><div class=\"fusion-layout-column fusion_builder_column fusion-builder-column-4 fusion_builder_column_1_1 1_1 fusion-one-full fusion-column-first fusion-column-last\" style=\"margin-top:20px;margin-bottom:20px;\"><div class=\"fusion-column-wrapper fusion-flex-column-wrapper-legacy\" style=\"background-position:left top;background-blend-mode: overlay;background-repeat:no-repeat;-webkit-background-size:cover;-moz-background-size:cover;-o-background-size:cover;background-size:cover;padding: 1% 0px 1% 0px;\"><div class=\"fusion-image-carousel fusion-image-carousel-auto fusion-image-carousel-1 lightbox-enabled\"><div class=\"fusion-carousel\" data-autoplay=\"yes\" data-columns=\"4\" data-itemmargin=\"10\" data-itemwidth=\"180\" data-touchscroll=\"no\" data-imagesize=\"auto\" data-scrollitems=\"1\"><div class=\"fusion-carousel-positioner\"><ul class=\"fusion-carousel-holder\"><li class=\"fusion-carousel-item\"><div class=\"fusion-carousel-item-wrapper\"><div class=\"fusion-image-wrapper hover-type-zoomin\"><a data-rel=\"iLightbox[image_carousel_1]\" data-title=\"Entr\u00e9e\" aria-label=\"Entr\u00e9e\" href=\"https:\/\/www.golfduvaudreuil.com\/segv_sitewp\/wp-content\/uploads\/2019\/04\/entree-1.jpg\" target=\"_self\"><img decoding=\"async\" width=\"1045\" height=\"700\" src=\"https:\/\/www.golfduvaudreuil.com\/segv_sitewp\/wp-content\/uploads\/2019\/04\/entree-1.jpg\" class=\"attachment-full size-full\" alt=\"Entr\u00e9e\" srcset=\"https:\/\/www.golfduvaudreuil.com\/segv_sitewp\/wp-content\/uploads\/2019\/04\/entree-1-200x134.jpg 200w, https:\/\/www.golfduvaudreuil.com\/segv_sitewp\/wp-content\/uploads\/2019\/04\/entree-1-400x268.jpg 400w, https:\/\/www.golfduvaudreuil.com\/segv_sitewp\/wp-content\/uploads\/2019\/04\/entree-1-600x402.jpg 600w, https:\/\/www.golfduvaudreuil.com\/segv_sitewp\/wp-content\/uploads\/2019\/04\/entree-1-800x536.jpg 800w, https:\/\/www.golfduvaudreuil.com\/segv_sitewp\/wp-content\/uploads\/2019\/04\/entree-1.jpg 1045w\" sizes=\"(min-width: 2200px) 100vw, (min-width: 766px) 285px, (min-width: 724px) 380px, (min-width: 682px) 570px, (min-width: 640px) 682px, \" \/><\/a><\/div><\/div><\/li><li class=\"fusion-carousel-item\"><div class=\"fusion-carousel-item-wrapper\"><div class=\"fusion-image-wrapper hover-type-zoomin\"><a data-rel=\"iLightbox[image_carousel_1]\" data-title=\"Salon\" aria-label=\"Salon\" href=\"https:\/\/www.golfduvaudreuil.com\/segv_sitewp\/wp-content\/uploads\/2019\/04\/salon.jpg\" target=\"_self\"><img decoding=\"async\" width=\"1045\" height=\"700\" src=\"https:\/\/www.golfduvaudreuil.com\/segv_sitewp\/wp-content\/uploads\/2019\/04\/salon.jpg\" class=\"attachment-full size-full\" alt=\"Salon\" srcset=\"https:\/\/www.golfduvaudreuil.com\/segv_sitewp\/wp-content\/uploads\/2019\/04\/salon-200x134.jpg 200w, https:\/\/www.golfduvaudreuil.com\/segv_sitewp\/wp-content\/uploads\/2019\/04\/salon-400x268.jpg 400w, https:\/\/www.golfduvaudreuil.com\/segv_sitewp\/wp-content\/uploads\/2019\/04\/salon-600x402.jpg 600w, https:\/\/www.golfduvaudreuil.com\/segv_sitewp\/wp-content\/uploads\/2019\/04\/salon-800x536.jpg 800w, https:\/\/www.golfduvaudreuil.com\/segv_sitewp\/wp-content\/uploads\/2019\/04\/salon.jpg 1045w\" sizes=\"(min-width: 2200px) 100vw, (min-width: 766px) 285px, (min-width: 724px) 380px, (min-width: 682px) 570px, (min-width: 640px) 682px, \" \/><\/a><\/div><\/div><\/li><li class=\"fusion-carousel-item\"><div class=\"fusion-carousel-item-wrapper\"><div class=\"fusion-image-wrapper hover-type-zoomin\"><a data-rel=\"iLightbox[image_carousel_1]\" data-title=\"Salle \u00e0 manger\" aria-label=\"Salle \u00e0 manger\" href=\"https:\/\/www.golfduvaudreuil.com\/segv_sitewp\/wp-content\/uploads\/2019\/04\/salle-a-manger.jpg\" target=\"_self\"><img decoding=\"async\" width=\"1045\" height=\"700\" src=\"https:\/\/www.golfduvaudreuil.com\/segv_sitewp\/wp-content\/uploads\/2019\/04\/salle-a-manger.jpg\" class=\"attachment-full size-full\" alt=\"Salle \u00e0 manger\" srcset=\"https:\/\/www.golfduvaudreuil.com\/segv_sitewp\/wp-content\/uploads\/2019\/04\/salle-a-manger-200x134.jpg 200w, https:\/\/www.golfduvaudreuil.com\/segv_sitewp\/wp-content\/uploads\/2019\/04\/salle-a-manger-400x268.jpg 400w, https:\/\/www.golfduvaudreuil.com\/segv_sitewp\/wp-content\/uploads\/2019\/04\/salle-a-manger-600x402.jpg 600w, https:\/\/www.golfduvaudreuil.com\/segv_sitewp\/wp-content\/uploads\/2019\/04\/salle-a-manger-800x536.jpg 800w, https:\/\/www.golfduvaudreuil.com\/segv_sitewp\/wp-content\/uploads\/2019\/04\/salle-a-manger.jpg 1045w\" sizes=\"(min-width: 2200px) 100vw, (min-width: 766px) 285px, (min-width: 724px) 380px, (min-width: 682px) 570px, (min-width: 640px) 682px, \" \/><\/a><\/div><\/div><\/li><li class=\"fusion-carousel-item\"><div class=\"fusion-carousel-item-wrapper\"><div class=\"fusion-image-wrapper hover-type-zoomin\"><a data-rel=\"iLightbox[image_carousel_1]\" data-title=\"Cuisine\" aria-label=\"Cuisine\" href=\"https:\/\/www.golfduvaudreuil.com\/segv_sitewp\/wp-content\/uploads\/2019\/04\/cuisine.jpg\" target=\"_self\"><img decoding=\"async\" width=\"1045\" height=\"700\" src=\"https:\/\/www.golfduvaudreuil.com\/segv_sitewp\/wp-content\/uploads\/2019\/04\/cuisine.jpg\" class=\"attachment-full size-full\" alt=\"Cuisine\" srcset=\"https:\/\/www.golfduvaudreuil.com\/segv_sitewp\/wp-content\/uploads\/2019\/04\/cuisine-200x134.jpg 200w, https:\/\/www.golfduvaudreuil.com\/segv_sitewp\/wp-content\/uploads\/2019\/04\/cuisine-400x268.jpg 400w, https:\/\/www.golfduvaudreuil.com\/segv_sitewp\/wp-content\/uploads\/2019\/04\/cuisine-600x402.jpg 600w, https:\/\/www.golfduvaudreuil.com\/segv_sitewp\/wp-content\/uploads\/2019\/04\/cuisine-800x536.jpg 800w, https:\/\/www.golfduvaudreuil.com\/segv_sitewp\/wp-content\/uploads\/2019\/04\/cuisine.jpg 1045w\" sizes=\"(min-width: 2200px) 100vw, (min-width: 766px) 285px, (min-width: 724px) 380px, (min-width: 682px) 570px, (min-width: 640px) 682px, \" \/><\/a><\/div><\/div><\/li><li class=\"fusion-carousel-item\"><div class=\"fusion-carousel-item-wrapper\"><div class=\"fusion-image-wrapper hover-type-zoomin\"><a data-rel=\"iLightbox[image_carousel_1]\" data-title=\"Salle de bains\" aria-label=\"Salle de bains\" href=\"https:\/\/www.golfduvaudreuil.com\/segv_sitewp\/wp-content\/uploads\/2019\/04\/salle_de_bains.jpg\" target=\"_self\"><img decoding=\"async\" width=\"1045\" height=\"700\" src=\"https:\/\/www.golfduvaudreuil.com\/segv_sitewp\/wp-content\/uploads\/2019\/04\/salle_de_bains.jpg\" class=\"attachment-full size-full\" alt=\"Salle de bains\" srcset=\"https:\/\/www.golfduvaudreuil.com\/segv_sitewp\/wp-content\/uploads\/2019\/04\/salle_de_bains-200x134.jpg 200w, https:\/\/www.golfduvaudreuil.com\/segv_sitewp\/wp-content\/uploads\/2019\/04\/salle_de_bains-400x268.jpg 400w, https:\/\/www.golfduvaudreuil.com\/segv_sitewp\/wp-content\/uploads\/2019\/04\/salle_de_bains-600x402.jpg 600w, https:\/\/www.golfduvaudreuil.com\/segv_sitewp\/wp-content\/uploads\/2019\/04\/salle_de_bains-800x536.jpg 800w, https:\/\/www.golfduvaudreuil.com\/segv_sitewp\/wp-content\/uploads\/2019\/04\/salle_de_bains.jpg 1045w\" sizes=\"(min-width: 2200px) 100vw, (min-width: 766px) 285px, (min-width: 724px) 380px, (min-width: 682px) 570px, (min-width: 640px) 682px, \" \/><\/a><\/div><\/div><\/li><li class=\"fusion-carousel-item\"><div class=\"fusion-carousel-item-wrapper\"><div class=\"fusion-image-wrapper hover-type-zoomin\"><a data-rel=\"iLightbox[image_carousel_1]\" data-title=\"Chambre 1969\" aria-label=\"Chambre 1969\" href=\"https:\/\/www.golfduvaudreuil.com\/segv_sitewp\/wp-content\/uploads\/2019\/04\/chambre_1969.jpg\" target=\"_self\"><img decoding=\"async\" width=\"1045\" height=\"700\" src=\"https:\/\/www.golfduvaudreuil.com\/segv_sitewp\/wp-content\/uploads\/2019\/04\/chambre_1969.jpg\" class=\"attachment-full size-full\" alt=\"Chambre 1969\" srcset=\"https:\/\/www.golfduvaudreuil.com\/segv_sitewp\/wp-content\/uploads\/2019\/04\/chambre_1969-200x134.jpg 200w, https:\/\/www.golfduvaudreuil.com\/segv_sitewp\/wp-content\/uploads\/2019\/04\/chambre_1969-400x268.jpg 400w, https:\/\/www.golfduvaudreuil.com\/segv_sitewp\/wp-content\/uploads\/2019\/04\/chambre_1969-600x402.jpg 600w, https:\/\/www.golfduvaudreuil.com\/segv_sitewp\/wp-content\/uploads\/2019\/04\/chambre_1969-800x536.jpg 800w, https:\/\/www.golfduvaudreuil.com\/segv_sitewp\/wp-content\/uploads\/2019\/04\/chambre_1969.jpg 1045w\" sizes=\"(min-width: 2200px) 100vw, (min-width: 766px) 285px, (min-width: 724px) 380px, (min-width: 682px) 570px, (min-width: 640px) 682px, \" \/><\/a><\/div><\/div><\/li><li class=\"fusion-carousel-item\"><div class=\"fusion-carousel-item-wrapper\"><div class=\"fusion-image-wrapper hover-type-zoomin\"><a data-rel=\"iLightbox[image_carousel_1]\" data-title=\"Chambre 1991\" aria-label=\"Chambre 1991\" href=\"https:\/\/www.golfduvaudreuil.com\/segv_sitewp\/wp-content\/uploads\/2019\/04\/chambre_1991.jpg\" target=\"_self\"><img decoding=\"async\" width=\"3762\" height=\"2520\" src=\"https:\/\/www.golfduvaudreuil.com\/segv_sitewp\/wp-content\/uploads\/2019\/04\/chambre_1991.jpg\" class=\"attachment-full size-full\" alt=\"Chambre 1991\" srcset=\"https:\/\/www.golfduvaudreuil.com\/segv_sitewp\/wp-content\/uploads\/2019\/04\/chambre_1991-200x134.jpg 200w, https:\/\/www.golfduvaudreuil.com\/segv_sitewp\/wp-content\/uploads\/2019\/04\/chambre_1991-400x268.jpg 400w, https:\/\/www.golfduvaudreuil.com\/segv_sitewp\/wp-content\/uploads\/2019\/04\/chambre_1991-600x402.jpg 600w, https:\/\/www.golfduvaudreuil.com\/segv_sitewp\/wp-content\/uploads\/2019\/04\/chambre_1991-800x536.jpg 800w, https:\/\/www.golfduvaudreuil.com\/segv_sitewp\/wp-content\/uploads\/2019\/04\/chambre_1991-1200x804.jpg 1200w, https:\/\/www.golfduvaudreuil.com\/segv_sitewp\/wp-content\/uploads\/2019\/04\/chambre_1991.jpg 3762w\" sizes=\"(min-width: 2200px) 100vw, (min-width: 766px) 285px, (min-width: 724px) 380px, (min-width: 682px) 570px, (min-width: 640px) 682px, \" \/><\/a><\/div><\/div><\/li><li class=\"fusion-carousel-item\"><div class=\"fusion-carousel-item-wrapper\"><div class=\"fusion-image-wrapper hover-type-zoomin\"><a data-rel=\"iLightbox[image_carousel_1]\" data-title=\"Chambre 1999\" aria-label=\"Chambre 1999\" href=\"https:\/\/www.golfduvaudreuil.com\/segv_sitewp\/wp-content\/uploads\/2019\/04\/chambre_1999-1.jpg\" target=\"_self\"><img decoding=\"async\" width=\"1045\" height=\"700\" src=\"https:\/\/www.golfduvaudreuil.com\/segv_sitewp\/wp-content\/uploads\/2019\/04\/chambre_1999-1.jpg\" class=\"attachment-full size-full\" alt=\"Chambre 1999\" srcset=\"https:\/\/www.golfduvaudreuil.com\/segv_sitewp\/wp-content\/uploads\/2019\/04\/chambre_1999-1-200x134.jpg 200w, https:\/\/www.golfduvaudreuil.com\/segv_sitewp\/wp-content\/uploads\/2019\/04\/chambre_1999-1-400x268.jpg 400w, https:\/\/www.golfduvaudreuil.com\/segv_sitewp\/wp-content\/uploads\/2019\/04\/chambre_1999-1-600x402.jpg 600w, https:\/\/www.golfduvaudreuil.com\/segv_sitewp\/wp-content\/uploads\/2019\/04\/chambre_1999-1-800x536.jpg 800w, https:\/\/www.golfduvaudreuil.com\/segv_sitewp\/wp-content\/uploads\/2019\/04\/chambre_1999-1.jpg 1045w\" sizes=\"(min-width: 2200px) 100vw, (min-width: 766px) 285px, (min-width: 724px) 380px, (min-width: 682px) 570px, (min-width: 640px) 682px, \" \/><\/a><\/div><\/div><\/li><li class=\"fusion-carousel-item\"><div class=\"fusion-carousel-item-wrapper\"><div class=\"fusion-image-wrapper hover-type-zoomin\"><a data-rel=\"iLightbox[image_carousel_1]\" data-title=\"Chambre 2002\" aria-label=\"Chambre 2002\" href=\"https:\/\/www.golfduvaudreuil.com\/segv_sitewp\/wp-content\/uploads\/2019\/04\/chambre_2002.jpg\" target=\"_self\"><img decoding=\"async\" width=\"1045\" height=\"700\" src=\"https:\/\/www.golfduvaudreuil.com\/segv_sitewp\/wp-content\/uploads\/2019\/04\/chambre_2002.jpg\" class=\"attachment-full size-full\" alt=\"Chambre 2002\" srcset=\"https:\/\/www.golfduvaudreuil.com\/segv_sitewp\/wp-content\/uploads\/2019\/04\/chambre_2002-200x134.jpg 200w, https:\/\/www.golfduvaudreuil.com\/segv_sitewp\/wp-content\/uploads\/2019\/04\/chambre_2002-400x268.jpg 400w, https:\/\/www.golfduvaudreuil.com\/segv_sitewp\/wp-content\/uploads\/2019\/04\/chambre_2002-600x402.jpg 600w, https:\/\/www.golfduvaudreuil.com\/segv_sitewp\/wp-content\/uploads\/2019\/04\/chambre_2002-800x536.jpg 800w, https:\/\/www.golfduvaudreuil.com\/segv_sitewp\/wp-content\/uploads\/2019\/04\/chambre_2002.jpg 1045w\" sizes=\"(min-width: 2200px) 100vw, (min-width: 766px) 285px, (min-width: 724px) 380px, (min-width: 682px) 570px, (min-width: 640px) 682px, \" \/><\/a><\/div><\/div><\/li><li class=\"fusion-carousel-item\"><div class=\"fusion-carousel-item-wrapper\"><div class=\"fusion-image-wrapper hover-type-zoomin\"><a data-rel=\"iLightbox[image_carousel_1]\" data-title=\"Chambre 2012\" aria-label=\"Chambre 2012\" href=\"https:\/\/www.golfduvaudreuil.com\/segv_sitewp\/wp-content\/uploads\/2019\/04\/chambre_2012.jpg\" target=\"_self\"><img decoding=\"async\" width=\"1045\" height=\"700\" src=\"https:\/\/www.golfduvaudreuil.com\/segv_sitewp\/wp-content\/uploads\/2019\/04\/chambre_2012.jpg\" class=\"attachment-full size-full\" alt=\"Chambre 2012\" srcset=\"https:\/\/www.golfduvaudreuil.com\/segv_sitewp\/wp-content\/uploads\/2019\/04\/chambre_2012-200x134.jpg 200w, https:\/\/www.golfduvaudreuil.com\/segv_sitewp\/wp-content\/uploads\/2019\/04\/chambre_2012-400x268.jpg 400w, https:\/\/www.golfduvaudreuil.com\/segv_sitewp\/wp-content\/uploads\/2019\/04\/chambre_2012-600x402.jpg 600w, https:\/\/www.golfduvaudreuil.com\/segv_sitewp\/wp-content\/uploads\/2019\/04\/chambre_2012-800x536.jpg 800w, https:\/\/www.golfduvaudreuil.com\/segv_sitewp\/wp-content\/uploads\/2019\/04\/chambre_2012.jpg 1045w\" sizes=\"(min-width: 2200px) 100vw, (min-width: 766px) 285px, (min-width: 724px) 380px, (min-width: 682px) 570px, (min-width: 640px) 682px, \" \/><\/a><\/div><\/div><\/li><li class=\"fusion-carousel-item\"><div class=\"fusion-carousel-item-wrapper\"><div class=\"fusion-image-wrapper hover-type-zoomin\"><a data-rel=\"iLightbox[image_carousel_1]\" data-title=\"Bureau\" aria-label=\"Bureau\" href=\"https:\/\/www.golfduvaudreuil.com\/segv_sitewp\/wp-content\/uploads\/2019\/04\/bureau.jpg\" target=\"_self\"><img decoding=\"async\" width=\"1045\" height=\"700\" src=\"https:\/\/www.golfduvaudreuil.com\/segv_sitewp\/wp-content\/uploads\/2019\/04\/bureau.jpg\" class=\"attachment-full size-full\" alt=\"Bureau\" srcset=\"https:\/\/www.golfduvaudreuil.com\/segv_sitewp\/wp-content\/uploads\/2019\/04\/bureau-200x134.jpg 200w, https:\/\/www.golfduvaudreuil.com\/segv_sitewp\/wp-content\/uploads\/2019\/04\/bureau-400x268.jpg 400w, https:\/\/www.golfduvaudreuil.com\/segv_sitewp\/wp-content\/uploads\/2019\/04\/bureau-600x402.jpg 600w, https:\/\/www.golfduvaudreuil.com\/segv_sitewp\/wp-content\/uploads\/2019\/04\/bureau-800x536.jpg 800w, https:\/\/www.golfduvaudreuil.com\/segv_sitewp\/wp-content\/uploads\/2019\/04\/bureau.jpg 1045w\" sizes=\"(min-width: 2200px) 100vw, (min-width: 766px) 285px, (min-width: 724px) 380px, (min-width: 682px) 570px, (min-width: 640px) 682px, \" \/><\/a><\/div><\/div><\/li><\/ul><div class=\"fusion-carousel-nav\"><span class=\"fusion-nav-prev\"><\/span><span class=\"fusion-nav-next\"><\/span><\/div><\/div><\/div><\/div><div class=\"fusion-clearfix\"><\/div><\/div><\/div><\/div><\/div><\/p>\n","protected":false},"excerpt":{"rendered":"","protected":false},"author":1,"featured_media":0,"parent":0,"menu_order":0,"comment_status":"closed","ping_status":"closed","template":"100-width.php","meta":{"footnotes":""},"class_list":["post-1854","page","type-page","status-publish","hentry"],"_links":{"self":[{"href":"https:\/\/www.golfduvaudreuil.com\/en\/wp-json\/wp\/v2\/pages\/1854","targetHints":{"allow":["GET"]}}],"collection":[{"href":"https:\/\/www.golfduvaudreuil.com\/en\/wp-json\/wp\/v2\/pages"}],"about":[{"href":"https:\/\/www.golfduvaudreuil.com\/en\/wp-json\/wp\/v2\/types\/page"}],"author":[{"embeddable":true,"href":"https:\/\/www.golfduvaudreuil.com\/en\/wp-json\/wp\/v2\/users\/1"}],"replies":[{"embeddable":true,"href":"https:\/\/www.golfduvaudreuil.com\/en\/wp-json\/wp\/v2\/comments?post=1854"}],"version-history":[{"count":41,"href":"https:\/\/www.golfduvaudreuil.com\/en\/wp-json\/wp\/v2\/pages\/1854\/revisions"}],"predecessor-version":[{"id":8364,"href":"https:\/\/www.golfduvaudreuil.com\/en\/wp-json\/wp\/v2\/pages\/1854\/revisions\/8364"}],"wp:attachment":[{"href":"https:\/\/www.golfduvaudreuil.com\/en\/wp-json\/wp\/v2\/media?parent=1854"}],"curies":[{"name":"wp","href":"https:\/\/api.w.org\/{rel}","templated":true}]}}