{"id":1974,"date":"2019-04-13T16:00:28","date_gmt":"2019-04-13T14:00:28","guid":{"rendered":"https:\/\/www.golfduvaudreuil.com\/?page_id=1974"},"modified":"2026-02-25T12:20:21","modified_gmt":"2026-02-25T11:20:21","slug":"altus-performance-europe","status":"publish","type":"page","link":"https:\/\/www.golfduvaudreuil.com\/en\/altus-performance-europe\/","title":{"rendered":"Altus Performance Europe"},"content":{"rendered":"<p><div class=\"fusion-fullwidth fullwidth-box fusion-builder-row-1 fusion-parallax-none hauteurtitre hundred-percent-fullwidth non-hundred-percent-height-scrolling fusion-equal-height-columns\" style=\"background-color: rgba(255,255,255,0);background-image: url(&quot;https:\/\/www.golfduvaudreuil.com\/segv_sitewp\/wp-content\/uploads\/2019\/04\/altus_bg_titre.jpg&quot;);background-position: center bottom;background-repeat: no-repeat;padding-top:0px;padding-right:0px;padding-bottom:0px;padding-left:0px;border-width: 0px 0px 0px 0px;border-color:#eae9e9;border-style:solid;-webkit-background-size:cover;-moz-background-size:cover;-o-background-size:cover;background-size:cover;\" ><div class=\"fusion-builder-row fusion-row\"><div class=\"fusion-layout-column fusion_builder_column fusion-builder-column-0 fusion_builder_column_1_1 1_1 fusion-one-full fusion-column-first fusion-column-last hauteurtitre\" style=\"margin-top:0px;margin-bottom:0px;\"><div class=\"fusion-column-wrapper fusion-flex-column-wrapper-legacy\" style=\"background-position:left top;background-repeat:no-repeat;-webkit-background-size:cover;-moz-background-size:cover;-o-background-size:cover;background-size:cover;padding: 0px 0px 0px 0px;\"><div class=\"fusion-column-content-centered\"><div class=\"fusion-column-content\"><style type=\"text\/css\"><\/style><div class=\"fusion-title title fusion-title-1 fusion-sep-none fusion-title-text fusion-title-size-one ombretitre\" style=\"font-size:52px;margin-top:0px;margin-right:0px;margin-bottom:10px;margin-left:0px;\"><h1 class=\"title-heading-left fusion-responsive-typography-calculated\" style=\"margin:0;font-size:1em;color:#ffffff;--fontSize:52;line-height:1.2;\">ALTUS PERFORMANCE EUROPE<\/h1><\/div><\/div><\/div><div class=\"fusion-clearfix\"><\/div><\/div><\/div><\/div><\/div><div class=\"fusion-fullwidth fullwidth-box fusion-builder-row-2 hundred-percent-fullwidth non-hundred-percent-height-scrolling fusion-equal-height-columns\" style=\"background-color: rgba(255,255,255,0);background-position: center center;background-repeat: no-repeat;padding-top:0px;padding-right:15%;padding-bottom:0px;padding-left:15%;margin-bottom: 3%;margin-top: 3%;border-width: 0px 0px 0px 0px;border-color:#eae9e9;border-style:solid;\" ><div class=\"fusion-builder-row fusion-row\"><div class=\"fusion-layout-column fusion_builder_column fusion-builder-column-1 fusion_builder_column_1_3 1_3 fusion-one-third fusion-column-first\" style=\"width:33.333333333333%;width:calc(33.333333333333% - ( ( 4% ) * 0.33333333333333 ) );margin-right: 4%;margin-top:20px;margin-bottom:20px;\"><div class=\"fusion-column-wrapper fusion-flex-column-wrapper-legacy\" style=\"background-position:left top;background-repeat:no-repeat;-webkit-background-size:cover;-moz-background-size:cover;-o-background-size:cover;background-size:cover;background-color:rgba(134,185,216,0.1);padding: 5% 5% 5% 5%;\"><div class=\"fusion-column-content-centered\"><div class=\"fusion-column-content\"><div class=\"imageframe-align-center\"><span class=\"fusion-imageframe imageframe-none imageframe-1 hover-type-none\"><img decoding=\"async\" width=\"192\" height=\"200\" alt=\"Altus Performance Europe\" title=\"altus_logo\" src=\"https:\/\/www.golfduvaudreuil.com\/segv_sitewp\/wp-content\/uploads\/2019\/04\/altus_logo.png\" class=\"img-responsive wp-image-1977\"\/><\/span><\/div><style type=\"text\/css\"><\/style><div class=\"fusion-title title fusion-title-2 fusion-sep-none fusion-title-text fusion-title-size-one\" style=\"font-size:24px;margin-top:3%;margin-right:0px;margin-bottom:10px;margin-left:0px;\"><h1 class=\"title-heading-left fusion-responsive-typography-calculated\" style=\"margin:0;font-size:1em;--fontSize:24;line-height:1.17;\"><p style=\"text-align: center;\">RENSEIGNEMENTS<br \/>\n&amp;<br \/>\nR\u00c9SERVATIONS<\/p><\/h1><\/div><div class=\"fusion-sep-clear\"><\/div><div class=\"fusion-separator\" style=\"margin-left: auto;margin-right: auto;margin-top:10px;margin-bottom:30px;width:100%;max-width:20%;\"><div class=\"fusion-separator-border sep-double sep-solid\" style=\"border-color:#3d5567;border-top-width:1px;border-bottom-width:1px;\"><\/div><\/div><div class=\"fusion-sep-clear\"><\/div><div class=\"fusion-text fusion-text-1\"><p style=\"text-align: center;\"><a style=\"color: #000000;\" href=\"tel:+33658666392\">06 58 66 63 92<\/a><\/p>\n<p style=\"text-align: center;\"><a style=\"color: #000000;\" href=\"mailto:europe@altusperformance.com?subject=Demande de renseignement Altus Performance depuis le site.\">europe@altusperformance.com<\/a><\/p>\n<\/div><div class=\"fusion-aligncenter\"><style>.fusion-button.button-1{border-radius:2px 2px 2px 2px;}.fusion-button.button-1 .fusion-button-text{text-transform:uppercase;}<\/style><a class=\"fusion-button button-flat fusion-button-default-size button-default button-1 fusion-button-default-span fusion-button-default-type\" target=\"_blank\" rel=\"noopener noreferrer\" href=\"https:\/\/altusperformance.fr\/\"><span class=\"fusion-button-text fusion-button-text-right\">Visiter le site<\/span><span class=\"fusion-button-icon-divider button-icon-divider-right\"><i class=\"fa-angle-right fas\" aria-hidden=\"true\"><\/i><\/span><\/a><\/div><\/div><\/div><div class=\"fusion-clearfix\"><\/div><\/div><\/div><div class=\"fusion-layout-column fusion_builder_column fusion-builder-column-2 fusion_builder_column_2_3 2_3 fusion-two-third fusion-column-last\" style=\"width:66.666666666667%;width:calc(66.666666666667% - ( ( 4% ) * 0.66666666666667 ) );margin-top:20px;margin-bottom:20px;\"><div class=\"fusion-column-wrapper fusion-flex-column-wrapper-legacy\" style=\"background-position:left top;background-repeat:no-repeat;-webkit-background-size:cover;-moz-background-size:cover;-o-background-size:cover;background-size:cover;padding: 0px 0px 0px 0px;\"><div class=\"fusion-column-content-centered\"><div class=\"fusion-column-content\"><div class=\"fusion-text fusion-text-2\"><h1 style=\"margin-bottom: 20px;\">PR\u00c9PARATION \u00c0 LA HAUTE PERFORMANCE<\/h1>\n<p>Altus Performance Europe a ouvert ses portes en septembre 2018 au Golf PGA France du Vaudreuil.<br \/>\nCette acad\u00e9mie accueille des joueurs professionnels ainsi que des jeunes joueurs en devenir (12-25 ans) \u00e0 travers diff\u00e9rents programmes :<br \/>\n<strong>1. Un programme Full Time \u00e0 l\u2019ann\u00e9e<\/strong> alliant sport et \u00e9tudes :<\/p>\n<div data-olk-copy-source=\"MessageBody\">Le programme\u00a0<b>sport-\u00e9tudes \u00ab Full Time \u00bb<\/b>\u00a0de l\u2019<b>Acad\u00e9mie Altus Performance Europe<\/b>, implant\u00e9e au sein du prestigieux\u00a0<b>Golf PGA France du Vaudreuil<\/b>, s\u2019adresse aux jeunes golfeurs d\u00e9sireux de conjuguer\u00a0<b>ambition sportive et r\u00e9ussite scolaire<\/b>\u00a0dans un environnement d\u2019exception.<\/div>\n<div>Con\u00e7u comme un v\u00e9ritable parcours vers le haut niveau, ce programme propose une\u00a0<b>organisation annuelle structur\u00e9e<\/b>, int\u00e9grant un volume d\u2019entra\u00eenement intensif et un suivi p\u00e9dagogique individualis\u00e9. Gr\u00e2ce \u00e0 notre partenariat avec\u00a0<b>Acadomia<\/b>, les horaires scolaires sont\u00a0<b>am\u00e9nag\u00e9s sur-mesure<\/b>\u00a0et int\u00e9gr\u00e9s au sein m\u00eame du golf, permettant de\u00a0<b>respecter les programmes officiels<\/b>. Cette articulation permet aux joueurs de progresser sereinement, sans compromis entre performance et avenir acad\u00e9mique.<\/div>\n<div>L\u2019entra\u00eenement repose sur une approche globale : perfectionnement technique, travail tactique sur le parcours, pr\u00e9paration physique sp\u00e9cifique au golf et accompagnement mental. Chaque joueur b\u00e9n\u00e9ficie d\u2019un\u00a0<b>projet personnalis\u00e9<\/b>, construit en fonction de son \u00e2ge, de son niveau et de ses objectifs : carri\u00e8re professionnelle, universit\u00e9 am\u00e9ricaine ou fili\u00e8re d\u2019enseignement.<\/div>\n<div>Les infrastructures constituent l\u2019un des atouts majeurs du programme. Les \u00e9l\u00e8ves \u00e9voluent dans un\u00a0<b>centre d\u2019entra\u00eenement de haut niveau<\/b>, comprenant des zones de practice modernes, des aires d&rsquo;entrainement d\u00e9di\u00e9es au petit jeu, des studios d\u2019analyse \u00e9quip\u00e9s des derni\u00e8res technologies, ainsi que des espaces r\u00e9serv\u00e9s au travail physique et \u00e0 la r\u00e9cup\u00e9ration. Le parcours du Golf PGA France du Vaudreuil, h\u00f4te d&rsquo;un tournoi de l&rsquo;Hotel Planner Tour,\u00a0 offre un terrain d\u2019application id\u00e9al pour les mises en situation r\u00e9elles et la pr\u00e9paration \u00e0 la comp\u00e9tition.<\/div>\n<div>Enfin, la vie quotidienne s\u2019organise autour du site : entra\u00eenements, \u00e9tudes et h\u00e9bergement sont regroup\u00e9s sur un m\u00eame lieu, favorisant une\u00a0<b>immersion totale dans la performance<\/b>\u00a0et un cadre s\u00e9curisant, propice \u00e0 la concentration et \u00e0 l\u2019\u00e9panouissement personnel.<\/div>\n<div>Le programme \u00ab Full Time \u00bb d\u2019Altus Performance Europe repr\u00e9sente ainsi une\u00a0<b>voie d\u2019excellence<\/b>\u00a0pour les jeunes golfeurs souhaitant b\u00e2tir un projet sportif ambitieux tout en construisant leur avenir scolaire dans des conditions optimales.<\/div>\n<div><\/div>\n<div>Franck Daux et Maxime Debs, ainsi que les intervenants ext\u00e9rieurs avec qui ils collaborent (pr\u00e9parateur physique, mental, kin\u00e9sith\u00e9rapeute, chiropracteur, fitteur) \u0153uvrent pour que les jeunes b\u00e9n\u00e9ficient d\u2019un suivi et d&rsquo;un cadre d\u2019entra\u00eenement optimal.<\/div>\n<div>Leur travail est coordonn\u00e9 avec celui d\u2019Altus Performance USA, pilot\u00e9 pas Cameron McCormick.<\/div>\n<div><\/div>\n<div><\/div>\n<div><strong>2. Des \u00ab\u00a0week camp\u00a0\u00bb<\/strong> pendant les vacances scolaires :<\/div>\n<div>Les <strong data-start=\"4\" data-end=\"58\">Week Camps d\u2019<span class=\"hover:entity-accent entity-underline inline cursor-pointer align-baseline\"><span class=\"whitespace-normal\">Altus Performance Europe<\/span><\/span><\/strong> sont des stages intensifs organis\u00e9s pendant les vacances scolaires, du <strong data-start=\"130\" data-end=\"151\">lundi au vendredi<\/strong>. Destin\u00e9s aux jeunes golfeurs motiv\u00e9s, ils combinent entra\u00eenement technique, petit jeu et strat\u00e9gie de parcours. Les participants sont <strong data-start=\"308\" data-end=\"359\">h\u00e9berg\u00e9s directement au sein du domaine du golf<\/strong>, avec <strong data-start=\"366\" data-end=\"391\">tous les repas inclus<\/strong>, pour une immersion totale favorisant la progression.<\/div>\n<div><\/div>\n<\/div><\/div><\/div><div class=\"fusion-clearfix\"><\/div><\/div><\/div><\/div><\/div><div class=\"fusion-fullwidth fullwidth-box fusion-builder-row-3 hundred-percent-fullwidth non-hundred-percent-height-scrolling fusion-equal-height-columns\" style=\"background-color: rgba(255,255,255,0);background-position: center center;background-repeat: no-repeat;padding-top:0px;padding-right:15%;padding-bottom:0px;padding-left:15%;margin-bottom: 5%;margin-top: 5%;border-width: 0px 0px 0px 0px;border-color:#eae9e9;border-style:solid;\" ><div class=\"fusion-builder-row fusion-row\"><div class=\"fusion-layout-column fusion_builder_column fusion-builder-column-3 fusion_builder_column_1_1 1_1 fusion-one-full fusion-column-first fusion-column-last\" style=\"margin-top:20px;margin-bottom:20px;\"><div class=\"fusion-column-wrapper fusion-flex-column-wrapper-legacy\" style=\"background-position:left top;background-repeat:no-repeat;-webkit-background-size:cover;-moz-background-size:cover;-o-background-size:cover;background-size:cover;padding: 0px 0px 0px 0px;\"><div class=\"imageframe-align-center\"><span class=\"fusion-imageframe imageframe-none imageframe-2 hover-type-none\"><a class=\"fusion-no-lightbox\" href=\"https:\/\/altusperformance.fr\/\" target=\"_self\" aria-label=\"altus_illustration\" rel=\"noopener\"><img decoding=\"async\" width=\"1760\" height=\"603\" alt=\"ALTUS PERFORMANCE EUROPE\" src=\"https:\/\/www.golfduvaudreuil.com\/segv_sitewp\/wp-content\/uploads\/2019\/04\/altus_illustration-1.jpg\" class=\"img-responsive wp-image-1982\" srcset=\"https:\/\/www.golfduvaudreuil.com\/segv_sitewp\/wp-content\/uploads\/2019\/04\/altus_illustration-1-200x69.jpg 200w, https:\/\/www.golfduvaudreuil.com\/segv_sitewp\/wp-content\/uploads\/2019\/04\/altus_illustration-1-400x137.jpg 400w, https:\/\/www.golfduvaudreuil.com\/segv_sitewp\/wp-content\/uploads\/2019\/04\/altus_illustration-1-600x206.jpg 600w, https:\/\/www.golfduvaudreuil.com\/segv_sitewp\/wp-content\/uploads\/2019\/04\/altus_illustration-1-800x274.jpg 800w, https:\/\/www.golfduvaudreuil.com\/segv_sitewp\/wp-content\/uploads\/2019\/04\/altus_illustration-1-1200x411.jpg 1200w, https:\/\/www.golfduvaudreuil.com\/segv_sitewp\/wp-content\/uploads\/2019\/04\/altus_illustration-1.jpg 1760w\" sizes=\"(max-width: 970px) 100vw, 1200px\" \/><\/a><\/span><\/div><div class=\"fusion-clearfix\"><\/div><\/div><\/div><\/div><\/div><\/p>","protected":false},"excerpt":{"rendered":"","protected":false},"author":1,"featured_media":0,"parent":0,"menu_order":0,"comment_status":"closed","ping_status":"closed","template":"100-width.php","meta":{"footnotes":""},"class_list":["post-1974","page","type-page","status-publish","hentry"],"_links":{"self":[{"href":"https:\/\/www.golfduvaudreuil.com\/en\/wp-json\/wp\/v2\/pages\/1974","targetHints":{"allow":["GET"]}}],"collection":[{"href":"https:\/\/www.golfduvaudreuil.com\/en\/wp-json\/wp\/v2\/pages"}],"about":[{"href":"https:\/\/www.golfduvaudreuil.com\/en\/wp-json\/wp\/v2\/types\/page"}],"author":[{"embeddable":true,"href":"https:\/\/www.golfduvaudreuil.com\/en\/wp-json\/wp\/v2\/users\/1"}],"replies":[{"embeddable":true,"href":"https:\/\/www.golfduvaudreuil.com\/en\/wp-json\/wp\/v2\/comments?post=1974"}],"version-history":[{"count":14,"href":"https:\/\/www.golfduvaudreuil.com\/en\/wp-json\/wp\/v2\/pages\/1974\/revisions"}],"predecessor-version":[{"id":8652,"href":"https:\/\/www.golfduvaudreuil.com\/en\/wp-json\/wp\/v2\/pages\/1974\/revisions\/8652"}],"wp:attachment":[{"href":"https:\/\/www.golfduvaudreuil.com\/en\/wp-json\/wp\/v2\/media?parent=1974"}],"curies":[{"name":"wp","href":"https:\/\/api.w.org\/{rel}","templated":true}]}}