{"id":1987,"date":"2019-04-13T17:20:52","date_gmt":"2019-04-13T15:20:52","guid":{"rendered":"https:\/\/www.golfduvaudreuil.com\/?page_id=1987"},"modified":"2025-07-02T11:21:17","modified_gmt":"2025-07-02T09:21:17","slug":"fitting-center","status":"publish","type":"page","link":"https:\/\/www.golfduvaudreuil.com\/en\/fitting-center\/","title":{"rendered":"Fitting center"},"content":{"rendered":"<p><div class=\"fusion-fullwidth fullwidth-box fusion-builder-row-1 fusion-parallax-none hauteurtitre hundred-percent-fullwidth non-hundred-percent-height-scrolling fusion-equal-height-columns\" style=\"background-color: rgba(255,255,255,0);background-image: url(&quot;https:\/\/www.golfduvaudreuil.com\/segv_sitewp\/wp-content\/uploads\/2025\/07\/Fitting-Center-scaled.jpg&quot;);background-position: center center;background-repeat: no-repeat;padding-top:0px;padding-right:0px;padding-bottom:0px;padding-left:0px;border-width: 0px 0px 0px 0px;border-color:#eae9e9;border-style:solid;-webkit-background-size:cover;-moz-background-size:cover;-o-background-size:cover;background-size:cover;\" ><div class=\"fusion-builder-row fusion-row\"><div class=\"fusion-layout-column fusion_builder_column fusion-builder-column-0 fusion_builder_column_1_1 1_1 fusion-one-full fusion-column-first fusion-column-last hauteurtitre\" style=\"margin-top:0px;margin-bottom:0px;\"><div class=\"fusion-column-wrapper fusion-flex-column-wrapper-legacy\" style=\"background-position:left top;background-repeat:no-repeat;-webkit-background-size:cover;-moz-background-size:cover;-o-background-size:cover;background-size:cover;padding: 0px 0px 0px 0px;\"><div class=\"fusion-column-content-centered\"><div class=\"fusion-column-content\"><style type=\"text\/css\"><\/style><div class=\"fusion-title title fusion-title-1 fusion-sep-none fusion-title-text fusion-title-size-one ombretitre\" style=\"font-size:52px;margin-top:0px;margin-right:0px;margin-bottom:10px;margin-left:0px;\"><h1 class=\"title-heading-left fusion-responsive-typography-calculated\" style=\"margin:0;font-size:1em;color:#ffffff;--fontSize:52;line-height:1.2;\">FITTING CENTER<\/h1><\/div><\/div><\/div><div class=\"fusion-clearfix\"><\/div><\/div><\/div><\/div><\/div><div class=\"fusion-fullwidth fullwidth-box fusion-builder-row-2 hundred-percent-fullwidth non-hundred-percent-height-scrolling fusion-equal-height-columns\" style=\"background-color: rgba(255,255,255,0);background-position: center center;background-repeat: no-repeat;padding-top:0px;padding-right:15%;padding-bottom:0px;padding-left:15%;margin-bottom: 3%;margin-top: 3%;border-width: 0px 0px 0px 0px;border-color:#eae9e9;border-style:solid;\" ><div class=\"fusion-builder-row fusion-row\"><div class=\"fusion-layout-column fusion_builder_column fusion-builder-column-1 fusion_builder_column_1_3 1_3 fusion-one-third fusion-column-first\" style=\"width:33.333333333333%;width:calc(33.333333333333% - ( ( 4% ) * 0.33333333333333 ) );margin-right: 4%;margin-top:20px;margin-bottom:20px;\"><div class=\"fusion-column-wrapper fusion-flex-column-wrapper-legacy\" style=\"background-position:left top;background-repeat:no-repeat;-webkit-background-size:cover;-moz-background-size:cover;-o-background-size:cover;background-size:cover;background-color:rgba(134,185,216,0.1);padding: 5% 5% 5% 5%;\"><div class=\"fusion-column-content-centered\"><div class=\"fusion-column-content\"><style type=\"text\/css\"><\/style><div class=\"fusion-title title fusion-title-2 fusion-sep-none fusion-title-text fusion-title-size-one\" style=\"font-size:24px;margin-top:3%;margin-right:0px;margin-bottom:10px;margin-left:0px;\"><h1 class=\"title-heading-left fusion-responsive-typography-calculated\" style=\"margin:0;font-size:1em;--fontSize:24;line-height:1.17;\"><p style=\"text-align: center;\">RENSEIGNEMENTS<br \/>\n&amp;<br \/>\nR\u00c9SERVATIONS<\/p><\/h1><\/div><div class=\"fusion-sep-clear\"><\/div><div class=\"fusion-separator\" style=\"margin-left: auto;margin-right: auto;margin-top:10px;margin-bottom:30px;width:100%;max-width:20%;\"><div class=\"fusion-separator-border sep-double sep-solid\" style=\"border-color:#3d5567;border-top-width:1px;border-bottom-width:1px;\"><\/div><\/div><div class=\"fusion-sep-clear\"><\/div><div class=\"fusion-text fusion-text-1\"><p style=\"text-align: center;\"><a style=\"color: #000000;\" href=\"tel:+33232590260\">02 32 59 02 60<\/a><\/p>\n<p style=\"text-align: center;\"><a style=\"color: #000000;\" href=\"mailto:info@golfduvaudreuil.com?subject=Demande de renseignement pour une GCA depuis le site.\">info@golfduvaudreuil.com<\/a><\/p>\n<\/div><\/div><\/div><div class=\"fusion-clearfix\"><\/div><\/div><\/div><div class=\"fusion-layout-column fusion_builder_column fusion-builder-column-2 fusion_builder_column_2_3 2_3 fusion-two-third fusion-column-last\" style=\"width:66.666666666667%;width:calc(66.666666666667% - ( ( 4% ) * 0.66666666666667 ) );margin-top:20px;margin-bottom:20px;\"><div class=\"fusion-column-wrapper fusion-flex-column-wrapper-legacy\" style=\"background-position:left top;background-repeat:no-repeat;-webkit-background-size:cover;-moz-background-size:cover;-o-background-size:cover;background-size:cover;padding: 0px 0px 0px 0px;\"><div class=\"fusion-column-content-centered\"><div class=\"fusion-column-content\"><style type=\"text\/css\"><\/style><div class=\"fusion-title title fusion-title-3 fusion-sep-none fusion-title-text fusion-title-size-one\" style=\"font-size:38px;margin-top:0px;margin-right:0px;margin-bottom:10px;margin-left:0px;\"><h1 class=\"title-heading-left fusion-responsive-typography-calculated\" style=\"margin:0;font-size:1em;--fontSize:38;line-height:1.32;\">Notre Fitting Center vous propose une large gamme de choix de clubs, du Driver au Putter, des marques PING et TITLEIST.<\/h1><\/div><\/div><\/div><div class=\"fusion-clearfix\"><\/div><\/div><\/div><\/div><\/div><div class=\"fusion-fullwidth fullwidth-box fusion-builder-row-3 hundred-percent-fullwidth non-hundred-percent-height-scrolling fusion-equal-height-columns\" style=\"background-color: rgba(255,255,255,0);background-position: center center;background-repeat: no-repeat;padding-top:0px;padding-right:15%;padding-bottom:0px;padding-left:15%;margin-bottom: 5%;margin-top: 5%;border-width: 0px 0px 0px 0px;border-color:#eae9e9;border-style:solid;\" ><div class=\"fusion-builder-row fusion-row\"><div class=\"fusion-layout-column fusion_builder_column fusion-builder-column-3 fusion_builder_column_1_1 1_1 fusion-one-full fusion-column-first fusion-column-last fusion-column-no-min-height\" style=\"margin-top:20px;margin-bottom:20px;\"><div class=\"fusion-column-wrapper fusion-flex-column-wrapper-legacy\" style=\"background-position:left top;background-repeat:no-repeat;-webkit-background-size:cover;-moz-background-size:cover;-o-background-size:cover;background-size:cover;border-width: 10px 10px 10px 10px;border-color:#3d5567;border-style:solid;padding: 6% 6% 6% 6%;\"><div class=\"fusion-column-content-centered\"><div class=\"fusion-column-content\"><style type=\"text\/css\"><\/style><div class=\"fusion-title title fusion-title-4 fusion-sep-none fusion-title-text fusion-title-size-one\" style=\"font-size:24px;margin-top:0px;margin-right:0px;margin-bottom:10px;margin-left:0px;\"><h1 class=\"title-heading-left fusion-responsive-typography-calculated\" style=\"margin:0;font-size:1em;--fontSize:24;line-height:1.17;\"><p style=\"text-align: center;\">TROUVEZ LES CLUBS QU&rsquo;IL VOUS FAUT !<\/p><\/h1><\/div><div class=\"fusion-sep-clear\"><\/div><div class=\"fusion-separator\" style=\"margin-left: auto;margin-right: auto;margin-top:10px;margin-bottom:30px;width:100%;max-width:20%;\"><div class=\"fusion-separator-border sep-double sep-solid\" style=\"border-color:#3d5567;border-top-width:1px;border-bottom-width:1px;\"><\/div><\/div><div class=\"fusion-sep-clear\"><\/div><div class=\"fusion-text fusion-text-2\"><p style=\"text-align: center;\"><strong>Avec son box \u00e9quip\u00e9 des derni\u00e8res technologies, notre fitting center fait aujourd&rsquo;hui partie des plus beaux de France.<\/strong><\/p>\n<p style=\"text-align: center;\">Julien DESNUS, responsable du centre, vous propose d&rsquo;essayer une large gamme de combinaison de clubs, qui conviendront \u00e0 tous types de joueurs.<\/p>\n<p style=\"text-align: center;\">Ce centre permet de vous faire fitter tout votre sac, du putter au driver, sur les marques Ping et Titleist.<\/p>\n<\/div><\/div><\/div><div class=\"fusion-clearfix\"><\/div><\/div><\/div><div class=\"fusion-layout-column fusion_builder_column fusion-builder-column-4 fusion_builder_column_1_3 1_3 fusion-one-third fusion-column-first\" style=\"width:33.333333333333%;width:calc(33.333333333333% - ( ( 4% + 4% ) * 0.33333333333333 ) );margin-right: 4%;margin-top:20px;margin-bottom:20px;\"><div class=\"fusion-column-wrapper fusion-flex-column-wrapper-legacy\" style=\"background-position:left top;background-repeat:no-repeat;-webkit-background-size:cover;-moz-background-size:cover;-o-background-size:cover;background-size:cover;border-radius:0px 10px 10px 10px;border-width: 3px 3px 3px 3px;border-color:#3d5567;border-style:solid;border-radius:0px 10px 10px 10px;overflow:hidden;padding: 6% 6% 6% 6%;\"><style type=\"text\/css\">@media only screen and (max-width:970px) {.fusion-title.fusion-title-5{margin-top:8%!important;margin-bottom:!important;}}<\/style><div class=\"fusion-title title fusion-title-5 fusion-sep-none fusion-title-text fusion-title-size-one\" style=\"font-size:24px;margin-top:8%;margin-right:0px;margin-bottom:10px;margin-left:0px;\"><h1 class=\"title-heading-left fusion-responsive-typography-calculated\" style=\"margin:0;font-size:1em;--fontSize:24;line-height:1.17;\"><p style=\"text-align: center;\">S\u00c9RIE DE FERS OU BOIS<\/p><\/h1><\/div><div class=\"fusion-sep-clear\"><\/div><div class=\"fusion-separator\" style=\"margin-left: auto;margin-right: auto;margin-top:10px;margin-bottom:30px;width:100%;max-width:20%;\"><div class=\"fusion-separator-border sep-double sep-solid\" style=\"border-color:#3d5567;border-top-width:1px;border-bottom-width:1px;\"><\/div><\/div><div class=\"fusion-sep-clear\"><\/div><div class=\"imageframe-align-center\"><span class=\"fusion-imageframe imageframe-none imageframe-1 hover-type-none\"><img decoding=\"async\" width=\"494\" height=\"274\" alt=\"Fitting center Golf Plus\" title=\"fitting_center_fer\" src=\"https:\/\/www.golfduvaudreuil.com\/segv_sitewp\/wp-content\/uploads\/2019\/04\/fitting_center_fer.png\" class=\"img-responsive wp-image-1994\" srcset=\"https:\/\/www.golfduvaudreuil.com\/segv_sitewp\/wp-content\/uploads\/2019\/04\/fitting_center_fer-200x111.png 200w, https:\/\/www.golfduvaudreuil.com\/segv_sitewp\/wp-content\/uploads\/2019\/04\/fitting_center_fer-400x222.png 400w, https:\/\/www.golfduvaudreuil.com\/segv_sitewp\/wp-content\/uploads\/2019\/04\/fitting_center_fer.png 494w\" sizes=\"(max-width: 970px) 100vw, 400px\" \/><\/span><\/div><div class=\"fusion-text fusion-text-3\"><h2 style=\"text-align: center;\">80\u20ac<br \/>\n<em>-40\u20ac en cas d&rsquo;achat<\/em><\/h2>\n<h2 style=\"text-align: center;\">Dur\u00e9e : 60mn<\/h2>\n<p style=\"text-align: center; color: #3d5567;\"><strong>&#8211; Powered by Trackman &#8211;<\/strong><\/p>\n<\/div><div class=\"fusion-clearfix\"><\/div><\/div><\/div><div class=\"fusion-layout-column fusion_builder_column fusion-builder-column-5 fusion_builder_column_1_3 1_3 fusion-one-third\" style=\"width:33.333333333333%;width:calc(33.333333333333% - ( ( 4% + 4% ) * 0.33333333333333 ) );margin-right: 4%;margin-top:20px;margin-bottom:20px;\"><div class=\"fusion-column-wrapper fusion-flex-column-wrapper-legacy\" style=\"background-position:left top;background-repeat:no-repeat;-webkit-background-size:cover;-moz-background-size:cover;-o-background-size:cover;background-size:cover;border-radius:0px 10px 10px 10px;border-width: 3px 3px 3px 3px;border-color:#3d5567;border-style:solid;border-radius:0px 10px 10px 10px;overflow:hidden;padding: 6% 6% 6% 6%;\"><style type=\"text\/css\">@media only screen and (max-width:970px) {.fusion-title.fusion-title-6{margin-top:8%!important;margin-bottom:!important;}}<\/style><div class=\"fusion-title title fusion-title-6 fusion-sep-none fusion-title-text fusion-title-size-one\" style=\"font-size:24px;margin-top:8%;margin-right:0px;margin-bottom:10px;margin-left:0px;\"><h1 class=\"title-heading-left fusion-responsive-typography-calculated\" style=\"margin:0;font-size:1em;--fontSize:24;line-height:1.17;\"><p style=\"text-align: center;\">SAC COMPLET<\/p><\/h1><\/div><div class=\"fusion-sep-clear\"><\/div><div class=\"fusion-separator\" style=\"margin-left: auto;margin-right: auto;margin-top:10px;margin-bottom:30px;width:100%;max-width:20%;\"><div class=\"fusion-separator-border sep-double sep-solid\" style=\"border-color:#3d5567;border-top-width:1px;border-bottom-width:1px;\"><\/div><\/div><div class=\"fusion-sep-clear\"><\/div><div class=\"imageframe-align-center\"><span class=\"fusion-imageframe imageframe-none imageframe-2 hover-type-none\"><img decoding=\"async\" width=\"494\" height=\"274\" alt=\"Fitting center Golf Plus\" title=\"fitting_center_bois\" src=\"https:\/\/www.golfduvaudreuil.com\/segv_sitewp\/wp-content\/uploads\/2019\/04\/fitting_center_bois.png\" class=\"img-responsive wp-image-1996\" srcset=\"https:\/\/www.golfduvaudreuil.com\/segv_sitewp\/wp-content\/uploads\/2019\/04\/fitting_center_bois-200x111.png 200w, https:\/\/www.golfduvaudreuil.com\/segv_sitewp\/wp-content\/uploads\/2019\/04\/fitting_center_bois-400x222.png 400w, https:\/\/www.golfduvaudreuil.com\/segv_sitewp\/wp-content\/uploads\/2019\/04\/fitting_center_bois.png 494w\" sizes=\"(max-width: 970px) 100vw, 400px\" \/><\/span><\/div><div class=\"fusion-text fusion-text-4\"><h2 style=\"text-align: center;\">120\u20ac<br \/>\n<em>-60\u20ac en cas d&rsquo;achat<\/em><\/h2>\n<h2 style=\"text-align: center;\">Dur\u00e9e : 1h30<\/h2>\n<p style=\"text-align: center; color: #3d5567;\"><strong>&#8211; Powered by Trackman &#8211;<\/strong><\/p>\n<\/div><div class=\"fusion-clearfix\"><\/div><\/div><\/div><div class=\"fusion-layout-column fusion_builder_column fusion-builder-column-6 fusion_builder_column_1_3 1_3 fusion-one-third fusion-column-last\" style=\"width:33.333333333333%;width:calc(33.333333333333% - ( ( 4% + 4% ) * 0.33333333333333 ) );margin-top:20px;margin-bottom:20px;\"><div class=\"fusion-column-wrapper fusion-flex-column-wrapper-legacy\" style=\"background-position:left top;background-repeat:no-repeat;-webkit-background-size:cover;-moz-background-size:cover;-o-background-size:cover;background-size:cover;border-radius:0px 10px 10px 10px;border-width: 3px 3px 3px 3px;border-color:#3d5567;border-style:solid;border-radius:0px 10px 10px 10px;overflow:hidden;padding: 6% 6% 6% 6%;\"><style type=\"text\/css\">@media only screen and (max-width:970px) {.fusion-title.fusion-title-7{margin-top:8%!important;margin-bottom:!important;}}<\/style><div class=\"fusion-title title fusion-title-7 fusion-sep-none fusion-title-text fusion-title-size-one\" style=\"font-size:24px;margin-top:8%;margin-right:0px;margin-bottom:10px;margin-left:0px;\"><h1 class=\"title-heading-left fusion-responsive-typography-calculated\" style=\"margin:0;font-size:1em;--fontSize:24;line-height:1.17;\"><p style=\"text-align: center;\">PUTTER<\/p><\/h1><\/div><div class=\"fusion-sep-clear\"><\/div><div class=\"fusion-separator\" style=\"margin-left: auto;margin-right: auto;margin-top:10px;margin-bottom:30px;width:100%;max-width:20%;\"><div class=\"fusion-separator-border sep-double sep-solid\" style=\"border-color:#3d5567;border-top-width:1px;border-bottom-width:1px;\"><\/div><\/div><div class=\"fusion-sep-clear\"><\/div><div class=\"imageframe-align-center\"><span class=\"fusion-imageframe imageframe-none imageframe-3 hover-type-none\"><img decoding=\"async\" width=\"494\" height=\"274\" alt=\"Fitting center Golf Plus\" title=\"fiiting_center_putter\" src=\"https:\/\/www.golfduvaudreuil.com\/segv_sitewp\/wp-content\/uploads\/2019\/04\/fiiting_center_putter.png\" class=\"img-responsive wp-image-1990\" srcset=\"https:\/\/www.golfduvaudreuil.com\/segv_sitewp\/wp-content\/uploads\/2019\/04\/fiiting_center_putter-200x111.png 200w, https:\/\/www.golfduvaudreuil.com\/segv_sitewp\/wp-content\/uploads\/2019\/04\/fiiting_center_putter-400x222.png 400w, https:\/\/www.golfduvaudreuil.com\/segv_sitewp\/wp-content\/uploads\/2019\/04\/fiiting_center_putter.png 494w\" sizes=\"(max-width: 970px) 100vw, 400px\" \/><\/span><\/div><div class=\"fusion-text fusion-text-5\"><h2 style=\"text-align: center;\">45\u20ac<\/h2>\n<h2 style=\"text-align: center;\">Dur\u00e9e : 45 mn<\/h2>\n<p style=\"text-align: center; color: #3d5567;\"><strong>&#8211; Powered by Trackman &#8211;<\/strong><\/p>\n<\/div><div class=\"fusion-clearfix\"><\/div><\/div><\/div><\/div><\/div><\/p>","protected":false},"excerpt":{"rendered":"","protected":false},"author":1,"featured_media":0,"parent":0,"menu_order":0,"comment_status":"closed","ping_status":"closed","template":"100-width.php","meta":{"footnotes":""},"class_list":["post-1987","page","type-page","status-publish","hentry"],"_links":{"self":[{"href":"https:\/\/www.golfduvaudreuil.com\/en\/wp-json\/wp\/v2\/pages\/1987","targetHints":{"allow":["GET"]}}],"collection":[{"href":"https:\/\/www.golfduvaudreuil.com\/en\/wp-json\/wp\/v2\/pages"}],"about":[{"href":"https:\/\/www.golfduvaudreuil.com\/en\/wp-json\/wp\/v2\/types\/page"}],"author":[{"embeddable":true,"href":"https:\/\/www.golfduvaudreuil.com\/en\/wp-json\/wp\/v2\/users\/1"}],"replies":[{"embeddable":true,"href":"https:\/\/www.golfduvaudreuil.com\/en\/wp-json\/wp\/v2\/comments?post=1987"}],"version-history":[{"count":21,"href":"https:\/\/www.golfduvaudreuil.com\/en\/wp-json\/wp\/v2\/pages\/1987\/revisions"}],"predecessor-version":[{"id":7239,"href":"https:\/\/www.golfduvaudreuil.com\/en\/wp-json\/wp\/v2\/pages\/1987\/revisions\/7239"}],"wp:attachment":[{"href":"https:\/\/www.golfduvaudreuil.com\/en\/wp-json\/wp\/v2\/media?parent=1987"}],"curies":[{"name":"wp","href":"https:\/\/api.w.org\/{rel}","templated":true}]}}