{"id":2104,"date":"2019-04-15T16:17:07","date_gmt":"2019-04-15T14:17:07","guid":{"rendered":"https:\/\/www.golfduvaudreuil.com\/?page_id=2104"},"modified":"2025-05-26T16:02:15","modified_gmt":"2025-05-26T14:02:15","slug":"entreprises-competitions","status":"publish","type":"page","link":"https:\/\/www.golfduvaudreuil.com\/en\/entreprises-competitions\/","title":{"rendered":"Comp\u00e9tition entreprise"},"content":{"rendered":"<p><div class=\"fusion-fullwidth fullwidth-box fusion-builder-row-1 fusion-parallax-none hauteurtitre hundred-percent-fullwidth non-hundred-percent-height-scrolling fusion-equal-height-columns\" style=\"background-color: rgba(255,255,255,0);background-image: url(&quot;https:\/\/www.golfduvaudreuil.com\/segv_sitewp\/wp-content\/uploads\/2019\/04\/compet_entreprise_bg_titre.jpg&quot;);background-position: center bottom;background-repeat: no-repeat;padding-top:0px;padding-right:0px;padding-bottom:0px;padding-left:0px;border-width: 0px 0px 0px 0px;border-color:#eae9e9;border-style:solid;-webkit-background-size:cover;-moz-background-size:cover;-o-background-size:cover;background-size:cover;\" ><div class=\"fusion-builder-row fusion-row\"><div class=\"fusion-layout-column fusion_builder_column fusion-builder-column-0 fusion_builder_column_1_1 1_1 fusion-one-full fusion-column-first fusion-column-last hauteurtitre\" style=\"margin-top:0px;margin-bottom:0px;\"><div class=\"fusion-column-wrapper fusion-flex-column-wrapper-legacy\" style=\"background-position:left top;background-repeat:no-repeat;-webkit-background-size:cover;-moz-background-size:cover;-o-background-size:cover;background-size:cover;padding: 0px 0px 0px 0px;\"><div class=\"fusion-column-content-centered\"><div class=\"fusion-column-content\"><style type=\"text\/css\"><\/style><div class=\"fusion-title title fusion-title-1 fusion-sep-none fusion-title-text fusion-title-size-one ombretitre\" style=\"font-size:52px;margin-top:0px;margin-right:0px;margin-bottom:10px;margin-left:0px;\"><h1 class=\"title-heading-left fusion-responsive-typography-calculated\" style=\"margin:0;font-size:1em;color:#ffffff;--fontSize:52;line-height:1.2;\">COMP\u00c9TITION ENTREPRISES<\/h1><\/div><\/div><\/div><div class=\"fusion-clearfix\"><\/div><\/div><\/div><\/div><\/div><div class=\"fusion-fullwidth fullwidth-box fusion-builder-row-2 hundred-percent-fullwidth non-hundred-percent-height-scrolling fusion-equal-height-columns\" style=\"background-color: rgba(255,255,255,0);background-position: center center;background-repeat: no-repeat;padding-top:0px;padding-right:15%;padding-bottom:0px;padding-left:15%;margin-top: 3%;border-width: 0px 0px 0px 0px;border-color:#eae9e9;border-style:solid;\" ><div class=\"fusion-builder-row fusion-row\"><div class=\"fusion-layout-column fusion_builder_column fusion-builder-column-1 fusion_builder_column_1_3 1_3 fusion-one-third fusion-column-first\" style=\"width:33.333333333333%;width:calc(33.333333333333% - ( ( 4% ) * 0.33333333333333 ) );margin-right: 4%;margin-top:20px;margin-bottom:20px;\"><div class=\"fusion-column-wrapper fusion-flex-column-wrapper-legacy\" style=\"background-position:left top;background-repeat:no-repeat;-webkit-background-size:cover;-moz-background-size:cover;-o-background-size:cover;background-size:cover;background-color:rgba(134,185,216,0.1);padding: 5% 5% 5% 5%;\"><div class=\"fusion-column-content-centered\"><div class=\"fusion-column-content\"><div class=\"imageframe-align-center\"><span class=\" fusion-imageframe imageframe-none imageframe-1 hover-type-none\"><img decoding=\"async\" width=\"147\" height=\"200\" alt=\"Domaine du Golf PGA France du Vaudreuil\" title=\"golf_pages_logo\" src=\"https:\/\/www.golfduvaudreuil.com\/segv_sitewp\/wp-content\/uploads\/2019\/04\/golf_pages_logo.png\" class=\"img-responsive wp-image-2188\"\/><\/span><\/div><style type=\"text\/css\"><\/style><div class=\"fusion-title title fusion-title-2 fusion-sep-none fusion-title-text fusion-title-size-one\" style=\"font-size:24px;margin-top:3%;margin-right:0px;margin-bottom:10px;margin-left:0px;\"><h1 class=\"title-heading-left fusion-responsive-typography-calculated\" style=\"margin:0;font-size:1em;--fontSize:24;line-height:1.17;\"><p style=\"text-align: center;\">RENSEIGNEMENTS<br \/>\n&amp;<br \/>\nR\u00c9SERVATIONS<\/p><\/h1><\/div><div class=\"fusion-sep-clear\"><\/div><div class=\"fusion-separator\" style=\"margin-left: auto;margin-right: auto;margin-top:10px;margin-bottom:30px;width:100%;max-width:20%;\"><div class=\"fusion-separator-border sep-double sep-solid\" style=\"border-color:#3d5567;border-top-width:1px;border-bottom-width:1px;\"><\/div><\/div><div class=\"fusion-sep-clear\"><\/div><div class=\"fusion-text fusion-text-1\"><p style=\"text-align: center;\"><a style=\"color: #000000;\" href=\"tel:+33232500260\">02 32 59 02 60<\/a><\/p>\n<p style=\"text-align: center;\"><a style=\"color: #000000;\" href=\"mailto:info@golfduvaudreuil.com?subject=Demande de renseignement pour une comp\u00e9tition entreprise depuis le site.\">info@golfduvaudreuil.com<\/a><\/p>\n<\/div><\/div><\/div><div class=\"fusion-clearfix\"><\/div><\/div><\/div><div class=\"fusion-layout-column fusion_builder_column fusion-builder-column-2 fusion_builder_column_2_3 2_3 fusion-two-third fusion-column-last\" style=\"width:66.666666666667%;width:calc(66.666666666667% - ( ( 4% ) * 0.66666666666667 ) );margin-top:20px;margin-bottom:20px;\"><div class=\"fusion-column-wrapper fusion-flex-column-wrapper-legacy\" style=\"background-position:left top;background-repeat:no-repeat;-webkit-background-size:cover;-moz-background-size:cover;-o-background-size:cover;background-size:cover;padding: 0px 0px 0px 0px;\"><div class=\"fusion-column-content-centered\"><div class=\"fusion-column-content\"><div class=\"fusion-text fusion-text-2\"><h1 style=\"margin-bottom: 30px;\">Votre comp\u00e9tition aux couleurs de votre entreprise !<\/h1>\n<h2>Le Golf PGA France du Vaudreuil vous permet d&rsquo;organiser une comp\u00e9tition d\u00e9di\u00e9e \u00e0 votre entreprise avec une formule \u00ab\u00a0\u00e0 la carte\u00a0\u00bb.<\/h2>\n<p>Nous vous proposons notamment les prestations suivantes :<\/p>\n<ul>\n<li>comp\u00e9tition en simple ou par \u00e9quipes (gestion sportive par nos soins);<\/li>\n<li>collation parcours;<\/li>\n<li>concours de driving, approches et\/ou putting;<\/li>\n<li>initiation pour les non-joueurs et analyses Trackman;<\/li>\n<li>caf\u00e9 d&rsquo;accueil, repas, cocktail de remise des prix.<\/li>\n<\/ul>\n<p>Nous accueillerons avec plaisir et professionnalisme vos joueurs et votre entreprise pour organiser une journ\u00e9e inoubliable.<\/p>\n<p><strong>N\u2019h\u00e9sitez pas \u00e0 nous contacter.<\/strong><\/p>\n<\/div><\/div><\/div><div class=\"fusion-clearfix\"><\/div><\/div><\/div><\/div><\/div><div class=\"fusion-fullwidth fullwidth-box fusion-builder-row-3 hundred-percent-fullwidth non-hundred-percent-height-scrolling\" style=\"background-color: rgba(255,255,255,0);background-position: center center;background-repeat: no-repeat;padding-top:0px;padding-right:0px;padding-bottom:0px;padding-left:0px;margin-bottom: 2%;margin-top: 2%;border-width: 0px 0px 0px 0px;border-color:#eae9e9;border-style:solid;\" ><div class=\"fusion-builder-row fusion-row\"><div class=\"fusion-layout-column fusion_builder_column fusion-builder-column-3 fusion_builder_column_1_1 1_1 fusion-one-full fusion-column-first fusion-column-last\" style=\"margin-top:20px;margin-bottom:20px;\"><div class=\"fusion-column-wrapper fusion-flex-column-wrapper-legacy\" style=\"background-position:left top;background-repeat:no-repeat;-webkit-background-size:cover;-moz-background-size:cover;-o-background-size:cover;background-size:cover;border-width: 0 0 0 0;border-color:#3d5567;border-style:solid;padding: 1% 0px 1% 0px;\"><div class=\"fusion-column-content-centered\"><div class=\"fusion-column-content\"><div class=\"fusion-image-carousel fusion-image-carousel-auto fusion-image-carousel-1 lightbox-enabled\"><div class=\"fusion-carousel\" data-autoplay=\"yes\" data-columns=\"4\" data-itemmargin=\"10\" data-itemwidth=\"180\" data-touchscroll=\"no\" data-imagesize=\"auto\" data-scrollitems=\"1\"><div class=\"fusion-carousel-positioner\"><ul class=\"fusion-carousel-holder\"><li class=\"fusion-carousel-item\"><div class=\"fusion-carousel-item-wrapper\"><div class=\"fusion-image-wrapper hover-type-zoomin\"><a data-rel=\"iLightbox[image_carousel_1]\" data-title=\"R\u00e9ception\" aria-label=\"R\u00e9ception\" href=\"https:\/\/www.golfduvaudreuil.com\/segv_sitewp\/wp-content\/uploads\/2019\/04\/terrasse-reception.jpg\" target=\"_self\"><img decoding=\"async\" width=\"1040\" height=\"694\" src=\"https:\/\/www.golfduvaudreuil.com\/segv_sitewp\/wp-content\/uploads\/2019\/04\/terrasse-reception.jpg\" class=\"attachment-full size-full\" alt=\"Restaurant Domaine du Golf PGA France du Vaudreuil\" srcset=\"https:\/\/www.golfduvaudreuil.com\/segv_sitewp\/wp-content\/uploads\/2019\/04\/terrasse-reception-200x133.jpg 200w, https:\/\/www.golfduvaudreuil.com\/segv_sitewp\/wp-content\/uploads\/2019\/04\/terrasse-reception-400x267.jpg 400w, https:\/\/www.golfduvaudreuil.com\/segv_sitewp\/wp-content\/uploads\/2019\/04\/terrasse-reception-600x400.jpg 600w, https:\/\/www.golfduvaudreuil.com\/segv_sitewp\/wp-content\/uploads\/2019\/04\/terrasse-reception-800x534.jpg 800w, https:\/\/www.golfduvaudreuil.com\/segv_sitewp\/wp-content\/uploads\/2019\/04\/terrasse-reception.jpg 1040w\" sizes=\"(min-width: 2200px) 100vw, (min-width: 766px) 285px, (min-width: 724px) 380px, (min-width: 682px) 570px, (min-width: 640px) 682px, \" \/><\/a><\/div><\/div><\/li><li class=\"fusion-carousel-item\"><div class=\"fusion-carousel-item-wrapper\"><div class=\"fusion-image-wrapper hover-type-zoomin\"><a data-rel=\"iLightbox[image_carousel_1]\" data-title=\"R\u00e9ception\" aria-label=\"R\u00e9ception\" href=\"https:\/\/www.golfduvaudreuil.com\/segv_sitewp\/wp-content\/uploads\/2019\/04\/salle_reception.jpg\" target=\"_self\"><img decoding=\"async\" width=\"1040\" height=\"694\" src=\"https:\/\/www.golfduvaudreuil.com\/segv_sitewp\/wp-content\/uploads\/2019\/04\/salle_reception.jpg\" class=\"attachment-full size-full\" alt=\"Restaurant Domaine du Golf PGA France du Vaudreuil\" srcset=\"https:\/\/www.golfduvaudreuil.com\/segv_sitewp\/wp-content\/uploads\/2019\/04\/salle_reception-200x133.jpg 200w, https:\/\/www.golfduvaudreuil.com\/segv_sitewp\/wp-content\/uploads\/2019\/04\/salle_reception-400x267.jpg 400w, https:\/\/www.golfduvaudreuil.com\/segv_sitewp\/wp-content\/uploads\/2019\/04\/salle_reception-600x400.jpg 600w, https:\/\/www.golfduvaudreuil.com\/segv_sitewp\/wp-content\/uploads\/2019\/04\/salle_reception-800x534.jpg 800w, https:\/\/www.golfduvaudreuil.com\/segv_sitewp\/wp-content\/uploads\/2019\/04\/salle_reception.jpg 1040w\" sizes=\"(min-width: 2200px) 100vw, (min-width: 766px) 285px, (min-width: 724px) 380px, (min-width: 682px) 570px, (min-width: 640px) 682px, \" \/><\/a><\/div><\/div><\/li><li class=\"fusion-carousel-item\"><div class=\"fusion-carousel-item-wrapper\"><div class=\"fusion-image-wrapper hover-type-zoomin\"><a data-rel=\"iLightbox[image_carousel_1]\" data-title=\"Coeur de saumon fum\u00e9\" aria-label=\"Coeur de saumon fum\u00e9\" href=\"https:\/\/www.golfduvaudreuil.com\/segv_sitewp\/wp-content\/uploads\/2019\/04\/saumon.jpg\" target=\"_self\"><img decoding=\"async\" width=\"1040\" height=\"694\" src=\"https:\/\/www.golfduvaudreuil.com\/segv_sitewp\/wp-content\/uploads\/2019\/04\/saumon.jpg\" class=\"attachment-full size-full\" alt=\"Restaurant Domaine du Golf PGA France du Vaudreuil\" srcset=\"https:\/\/www.golfduvaudreuil.com\/segv_sitewp\/wp-content\/uploads\/2019\/04\/saumon-200x133.jpg 200w, https:\/\/www.golfduvaudreuil.com\/segv_sitewp\/wp-content\/uploads\/2019\/04\/saumon-400x267.jpg 400w, https:\/\/www.golfduvaudreuil.com\/segv_sitewp\/wp-content\/uploads\/2019\/04\/saumon-600x400.jpg 600w, https:\/\/www.golfduvaudreuil.com\/segv_sitewp\/wp-content\/uploads\/2019\/04\/saumon-800x534.jpg 800w, https:\/\/www.golfduvaudreuil.com\/segv_sitewp\/wp-content\/uploads\/2019\/04\/saumon.jpg 1040w\" sizes=\"(min-width: 2200px) 100vw, (min-width: 766px) 285px, (min-width: 724px) 380px, (min-width: 682px) 570px, (min-width: 640px) 682px, \" \/><\/a><\/div><\/div><\/li><li class=\"fusion-carousel-item\"><div class=\"fusion-carousel-item-wrapper\"><div class=\"fusion-image-wrapper hover-type-zoomin\"><a data-rel=\"iLightbox[image_carousel_1]\" data-title=\"Terrasse\" aria-label=\"Terrasse\" href=\"https:\/\/www.golfduvaudreuil.com\/segv_sitewp\/wp-content\/uploads\/2019\/04\/terrasse.jpg\" target=\"_self\"><img decoding=\"async\" width=\"1040\" height=\"694\" src=\"https:\/\/www.golfduvaudreuil.com\/segv_sitewp\/wp-content\/uploads\/2019\/04\/terrasse.jpg\" class=\"attachment-full size-full\" alt=\"Restaurant Domaine du Golf PGA France du Vaudreuil\" srcset=\"https:\/\/www.golfduvaudreuil.com\/segv_sitewp\/wp-content\/uploads\/2019\/04\/terrasse-200x133.jpg 200w, https:\/\/www.golfduvaudreuil.com\/segv_sitewp\/wp-content\/uploads\/2019\/04\/terrasse-400x267.jpg 400w, https:\/\/www.golfduvaudreuil.com\/segv_sitewp\/wp-content\/uploads\/2019\/04\/terrasse-600x400.jpg 600w, https:\/\/www.golfduvaudreuil.com\/segv_sitewp\/wp-content\/uploads\/2019\/04\/terrasse-800x534.jpg 800w, https:\/\/www.golfduvaudreuil.com\/segv_sitewp\/wp-content\/uploads\/2019\/04\/terrasse.jpg 1040w\" sizes=\"(min-width: 2200px) 100vw, (min-width: 766px) 285px, (min-width: 724px) 380px, (min-width: 682px) 570px, (min-width: 640px) 682px, \" \/><\/a><\/div><\/div><\/li><li class=\"fusion-carousel-item\"><div class=\"fusion-carousel-item-wrapper\"><div class=\"fusion-image-wrapper hover-type-zoomin\"><a data-rel=\"iLightbox[image_carousel_1]\" data-title=\"Salle de restaurant\" aria-label=\"Salle de restaurant\" href=\"https:\/\/www.golfduvaudreuil.com\/segv_sitewp\/wp-content\/uploads\/2019\/04\/salle_vue_haut.jpg\" target=\"_self\"><img decoding=\"async\" width=\"1040\" height=\"693\" src=\"https:\/\/www.golfduvaudreuil.com\/segv_sitewp\/wp-content\/uploads\/2019\/04\/salle_vue_haut.jpg\" class=\"attachment-full size-full\" alt=\"Restaurant Domaine du Golf PGA France du Vaudreuil\" srcset=\"https:\/\/www.golfduvaudreuil.com\/segv_sitewp\/wp-content\/uploads\/2019\/04\/salle_vue_haut-200x133.jpg 200w, https:\/\/www.golfduvaudreuil.com\/segv_sitewp\/wp-content\/uploads\/2019\/04\/salle_vue_haut-400x267.jpg 400w, https:\/\/www.golfduvaudreuil.com\/segv_sitewp\/wp-content\/uploads\/2019\/04\/salle_vue_haut-600x400.jpg 600w, https:\/\/www.golfduvaudreuil.com\/segv_sitewp\/wp-content\/uploads\/2019\/04\/salle_vue_haut-800x533.jpg 800w, https:\/\/www.golfduvaudreuil.com\/segv_sitewp\/wp-content\/uploads\/2019\/04\/salle_vue_haut.jpg 1040w\" sizes=\"(min-width: 2200px) 100vw, (min-width: 766px) 285px, (min-width: 724px) 380px, (min-width: 682px) 570px, (min-width: 640px) 682px, \" \/><\/a><\/div><\/div><\/li><li class=\"fusion-carousel-item\"><div class=\"fusion-carousel-item-wrapper\"><div class=\"fusion-image-wrapper hover-type-zoomin\"><a data-rel=\"iLightbox[image_carousel_1]\" data-title=\"Chemin\u00e9e\" aria-label=\"Chemin\u00e9e\" href=\"https:\/\/www.golfduvaudreuil.com\/segv_sitewp\/wp-content\/uploads\/2019\/04\/cheminee.jpg\" target=\"_self\"><img decoding=\"async\" width=\"1040\" height=\"694\" src=\"https:\/\/www.golfduvaudreuil.com\/segv_sitewp\/wp-content\/uploads\/2019\/04\/cheminee.jpg\" class=\"attachment-full size-full\" alt=\"Restaurant Domaine du Golf PGA France du Vaudreuil\" srcset=\"https:\/\/www.golfduvaudreuil.com\/segv_sitewp\/wp-content\/uploads\/2019\/04\/cheminee-200x133.jpg 200w, https:\/\/www.golfduvaudreuil.com\/segv_sitewp\/wp-content\/uploads\/2019\/04\/cheminee-400x267.jpg 400w, https:\/\/www.golfduvaudreuil.com\/segv_sitewp\/wp-content\/uploads\/2019\/04\/cheminee-600x400.jpg 600w, https:\/\/www.golfduvaudreuil.com\/segv_sitewp\/wp-content\/uploads\/2019\/04\/cheminee-800x534.jpg 800w, https:\/\/www.golfduvaudreuil.com\/segv_sitewp\/wp-content\/uploads\/2019\/04\/cheminee.jpg 1040w\" sizes=\"(min-width: 2200px) 100vw, (min-width: 766px) 285px, (min-width: 724px) 380px, (min-width: 682px) 570px, (min-width: 640px) 682px, \" \/><\/a><\/div><\/div><\/li><li class=\"fusion-carousel-item\"><div class=\"fusion-carousel-item-wrapper\"><div class=\"fusion-image-wrapper hover-type-zoomin\"><a data-rel=\"iLightbox[image_carousel_1]\" data-title=\"Souris d&rsquo;agneau\" aria-label=\"Souris d&rsquo;agneau\" href=\"https:\/\/www.golfduvaudreuil.com\/segv_sitewp\/wp-content\/uploads\/2019\/04\/souris_agneau.jpg\" target=\"_self\"><img decoding=\"async\" width=\"1040\" height=\"694\" src=\"https:\/\/www.golfduvaudreuil.com\/segv_sitewp\/wp-content\/uploads\/2019\/04\/souris_agneau.jpg\" class=\"attachment-full size-full\" alt=\"Restaurant Domaine du Golf PGA France du Vaudreuil\" srcset=\"https:\/\/www.golfduvaudreuil.com\/segv_sitewp\/wp-content\/uploads\/2019\/04\/souris_agneau-200x133.jpg 200w, https:\/\/www.golfduvaudreuil.com\/segv_sitewp\/wp-content\/uploads\/2019\/04\/souris_agneau-400x267.jpg 400w, https:\/\/www.golfduvaudreuil.com\/segv_sitewp\/wp-content\/uploads\/2019\/04\/souris_agneau-600x400.jpg 600w, https:\/\/www.golfduvaudreuil.com\/segv_sitewp\/wp-content\/uploads\/2019\/04\/souris_agneau-800x534.jpg 800w, https:\/\/www.golfduvaudreuil.com\/segv_sitewp\/wp-content\/uploads\/2019\/04\/souris_agneau.jpg 1040w\" sizes=\"(min-width: 2200px) 100vw, (min-width: 766px) 285px, (min-width: 724px) 380px, (min-width: 682px) 570px, (min-width: 640px) 682px, \" \/><\/a><\/div><\/div><\/li><li class=\"fusion-carousel-item\"><div class=\"fusion-carousel-item-wrapper\"><div class=\"fusion-image-wrapper hover-type-zoomin\"><a data-rel=\"iLightbox[image_carousel_1]\" href=\"https:\/\/www.golfduvaudreuil.com\/segv_sitewp\/wp-content\/uploads\/2019\/04\/rotary.jpg\" target=\"_self\"><img decoding=\"async\" width=\"1040\" height=\"694\" src=\"https:\/\/www.golfduvaudreuil.com\/segv_sitewp\/wp-content\/uploads\/2019\/04\/rotary.jpg\" class=\"attachment-full size-full\" alt=\"\" srcset=\"https:\/\/www.golfduvaudreuil.com\/segv_sitewp\/wp-content\/uploads\/2019\/04\/rotary-200x133.jpg 200w, https:\/\/www.golfduvaudreuil.com\/segv_sitewp\/wp-content\/uploads\/2019\/04\/rotary-400x267.jpg 400w, https:\/\/www.golfduvaudreuil.com\/segv_sitewp\/wp-content\/uploads\/2019\/04\/rotary-600x400.jpg 600w, https:\/\/www.golfduvaudreuil.com\/segv_sitewp\/wp-content\/uploads\/2019\/04\/rotary-800x534.jpg 800w, https:\/\/www.golfduvaudreuil.com\/segv_sitewp\/wp-content\/uploads\/2019\/04\/rotary.jpg 1040w\" sizes=\"(min-width: 2200px) 100vw, (min-width: 766px) 285px, (min-width: 724px) 380px, (min-width: 682px) 570px, (min-width: 640px) 682px, \" \/><\/a><\/div><\/div><\/li><li class=\"fusion-carousel-item\"><div class=\"fusion-carousel-item-wrapper\"><div class=\"fusion-image-wrapper hover-type-zoomin\"><a data-rel=\"iLightbox[image_carousel_1]\" href=\"https:\/\/www.golfduvaudreuil.com\/segv_sitewp\/wp-content\/uploads\/2019\/04\/cocktail_jacquart.jpg\" target=\"_self\"><img decoding=\"async\" width=\"1040\" height=\"694\" src=\"https:\/\/www.golfduvaudreuil.com\/segv_sitewp\/wp-content\/uploads\/2019\/04\/cocktail_jacquart.jpg\" class=\"attachment-full size-full\" alt=\"Domaine du Golf PGA France du Vaudreuil\" srcset=\"https:\/\/www.golfduvaudreuil.com\/segv_sitewp\/wp-content\/uploads\/2019\/04\/cocktail_jacquart-200x133.jpg 200w, https:\/\/www.golfduvaudreuil.com\/segv_sitewp\/wp-content\/uploads\/2019\/04\/cocktail_jacquart-400x267.jpg 400w, https:\/\/www.golfduvaudreuil.com\/segv_sitewp\/wp-content\/uploads\/2019\/04\/cocktail_jacquart-600x400.jpg 600w, https:\/\/www.golfduvaudreuil.com\/segv_sitewp\/wp-content\/uploads\/2019\/04\/cocktail_jacquart-800x534.jpg 800w, https:\/\/www.golfduvaudreuil.com\/segv_sitewp\/wp-content\/uploads\/2019\/04\/cocktail_jacquart.jpg 1040w\" sizes=\"(min-width: 2200px) 100vw, (min-width: 766px) 285px, (min-width: 724px) 380px, (min-width: 682px) 570px, (min-width: 640px) 682px, \" \/><\/a><\/div><\/div><\/li><\/ul><div class=\"fusion-carousel-nav\"><span class=\"fusion-nav-prev\"><\/span><span class=\"fusion-nav-next\"><\/span><\/div><\/div><\/div><\/div><\/div><\/div><div class=\"fusion-clearfix\"><\/div><\/div><\/div><\/div><\/div><\/p>\n","protected":false},"excerpt":{"rendered":"","protected":false},"author":1,"featured_media":0,"parent":0,"menu_order":0,"comment_status":"closed","ping_status":"closed","template":"100-width.php","meta":{"footnotes":""},"class_list":["post-2104","page","type-page","status-publish","hentry"],"_links":{"self":[{"href":"https:\/\/www.golfduvaudreuil.com\/en\/wp-json\/wp\/v2\/pages\/2104","targetHints":{"allow":["GET"]}}],"collection":[{"href":"https:\/\/www.golfduvaudreuil.com\/en\/wp-json\/wp\/v2\/pages"}],"about":[{"href":"https:\/\/www.golfduvaudreuil.com\/en\/wp-json\/wp\/v2\/types\/page"}],"author":[{"embeddable":true,"href":"https:\/\/www.golfduvaudreuil.com\/en\/wp-json\/wp\/v2\/users\/1"}],"replies":[{"embeddable":true,"href":"https:\/\/www.golfduvaudreuil.com\/en\/wp-json\/wp\/v2\/comments?post=2104"}],"version-history":[{"count":7,"href":"https:\/\/www.golfduvaudreuil.com\/en\/wp-json\/wp\/v2\/pages\/2104\/revisions"}],"predecessor-version":[{"id":6989,"href":"https:\/\/www.golfduvaudreuil.com\/en\/wp-json\/wp\/v2\/pages\/2104\/revisions\/6989"}],"wp:attachment":[{"href":"https:\/\/www.golfduvaudreuil.com\/en\/wp-json\/wp\/v2\/media?parent=2104"}],"curies":[{"name":"wp","href":"https:\/\/api.w.org\/{rel}","templated":true}]}}