{"id":2128,"date":"2019-04-15T18:02:06","date_gmt":"2019-04-15T16:02:06","guid":{"rendered":"https:\/\/www.golfduvaudreuil.com\/?page_id=2128"},"modified":"2024-12-08T11:55:21","modified_gmt":"2024-12-08T10:55:21","slug":"seminairesentreprises","status":"publish","type":"page","link":"https:\/\/www.golfduvaudreuil.com\/en\/seminairesentreprises\/","title":{"rendered":"Entreprises"},"content":{"rendered":"<p><div class=\"fusion-fullwidth fullwidth-box fusion-builder-row-1 fusion-parallax-none hauteurtitre hundred-percent-fullwidth non-hundred-percent-height-scrolling fusion-equal-height-columns\" style=\"background-color: rgba(255,255,255,0);background-image: url(&quot;https:\/\/www.golfduvaudreuil.com\/segv_sitewp\/wp-content\/uploads\/2024\/02\/\u00a9L.SAINTIER-GdV-EGO-3312-scaled.jpg&quot;);background-position: center center;background-repeat: no-repeat;padding-top:0px;padding-right:0px;padding-bottom:0px;padding-left:0px;border-width: 0px 0px 0px 0px;border-color:#eae9e9;border-style:solid;-webkit-background-size:cover;-moz-background-size:cover;-o-background-size:cover;background-size:cover;\" ><div class=\"fusion-builder-row fusion-row\"><div class=\"fusion-layout-column fusion_builder_column fusion-builder-column-0 fusion_builder_column_1_1 1_1 fusion-one-full fusion-column-first fusion-column-last hauteurtitre\" style=\"margin-top:0px;margin-bottom:0px;\"><div class=\"fusion-column-wrapper fusion-flex-column-wrapper-legacy\" style=\"background-position:left top;background-repeat:no-repeat;-webkit-background-size:cover;-moz-background-size:cover;-o-background-size:cover;background-size:cover;padding: 0px 0px 0px 0px;\"><div class=\"fusion-column-content-centered\"><div class=\"fusion-column-content\"><style type=\"text\/css\"><\/style><div class=\"fusion-title title fusion-title-1 fusion-sep-none fusion-title-text fusion-title-size-one ombretitre\" style=\"font-size:52px;margin-top:0px;margin-right:0px;margin-bottom:10px;margin-left:0px;\"><h1 class=\"title-heading-left fusion-responsive-typography-calculated\" style=\"margin:0;font-size:1em;color:#ffffff;--fontSize:52;line-height:1.2;\">S\u00e9minaires et \u00e9v\u00e8nements d&rsquo;entreprises<\/h1><\/div><\/div><\/div><div class=\"fusion-clearfix\"><\/div><\/div><\/div><\/div><\/div><div class=\"fusion-fullwidth fullwidth-box fusion-builder-row-2 hundred-percent-fullwidth non-hundred-percent-height-scrolling fusion-equal-height-columns\" style=\"background-color: rgba(255,255,255,0);background-position: center center;background-repeat: no-repeat;padding-top:0px;padding-right:15%;padding-bottom:0px;padding-left:15%;margin-bottom: 3%;margin-top: 1%;border-width: 0px 0px 0px 0px;border-color:#eae9e9;border-style:solid;\" ><div class=\"fusion-builder-row fusion-row\"><div class=\"fusion-layout-column fusion_builder_column fusion-builder-column-1 fusion_builder_column_1_1 1_1 fusion-one-full fusion-column-first fusion-column-last\" style=\"margin-top:20px;margin-bottom:20px;\"><div class=\"fusion-column-wrapper fusion-flex-column-wrapper-legacy\" style=\"background-position:left top;background-repeat:no-repeat;-webkit-background-size:cover;-moz-background-size:cover;-o-background-size:cover;background-size:cover;background-color:rgba(134,185,216,0.1);padding: 3% 3% 3% 3%;\"><div class=\"fusion-text fusion-text-1\"><h2>LE DOMAINE DU GOLF PGA FRANCE DU VAUDREUIL : UN LIEU ID\u00c9AL POUR ORGANISER VOS S\u00c9MINAIRES ET \u00c9VENEMENTS D&rsquo;ENTREPRISES<\/h2>\n<\/div><div class=\"fusion-clearfix\"><\/div><\/div><\/div><\/div><\/div><div class=\"fusion-fullwidth fullwidth-box fusion-builder-row-3 hundred-percent-fullwidth non-hundred-percent-height-scrolling fusion-equal-height-columns\" style=\"background-color: rgba(255,255,255,0);background-position: center center;background-repeat: no-repeat;padding-top:0px;padding-right:15%;padding-bottom:0px;padding-left:15%;margin-bottom: 6%;margin-top: 1%;border-width: 0px 0px 0px 0px;border-color:#eae9e9;border-style:solid;\" ><div class=\"fusion-builder-row fusion-row\"><div class=\"fusion-layout-column fusion_builder_column fusion-builder-column-2 fusion_builder_column_1_3 1_3 fusion-one-third fusion-column-first fusion-column-inner-bg-wrapper\" style=\"width:33.333333333333%;width:calc(33.333333333333% - ( ( 6% + 6% ) * 0.33333333333333 ) );margin-right: 6%;margin-top:20px;margin-bottom:20px;\"><div class=\"fusion-column-wrapper fusion-flex-column-wrapper-legacy\" style=\"padding: 0px 0px 0px 0px;\"><div class=\"fusion-column-content-centered\"><div class=\"fusion-column-content\"><style type=\"text\/css\"><\/style><div class=\"fusion-title title fusion-title-2 fusion-sep-none fusion-title-text fusion-title-size-one\" style=\"margin-top:0px;margin-right:0px;margin-bottom:10px;margin-left:0px;\"><h1 class=\"title-heading-left fusion-responsive-typography-calculated\" style=\"margin:0;--fontSize:38;line-height:1.2;\">S\u00c9MINAIRE &amp; R\u00c9CEPTION<\/h1><\/div><div class=\"fusion-sep-clear\"><\/div><div class=\"fusion-separator fusion-clearfix\" style=\"float:left;margin-top:10px;margin-bottom:30px;width:100%;max-width:20%;\"><div class=\"fusion-separator-border sep-double sep-solid\" style=\"border-color:#3d5567;border-top-width:1px;border-bottom-width:1px;\"><\/div><\/div><div class=\"fusion-sep-clear\"><\/div><div class=\"fusion-text fusion-text-2\"><p><strong>Un lieu id\u00e9al pour organiser des s\u00e9minaires, team building, lancements de produits, cocktails et r\u00e9ceptions.\u00a0<\/strong><\/p>\n<\/div><div class=\"imageframe-align-center\"><span class=\"fusion-imageframe imageframe-none imageframe-1 hover-type-none\" style=\"border:3px solid #3d5567;\"><img decoding=\"async\" width=\"2560\" height=\"1703\" alt=\"S\u00e9minaires\" title=\"S\u00e9minaire\" src=\"https:\/\/www.golfduvaudreuil.com\/segv_sitewp\/wp-content\/uploads\/2024\/02\/\u00a9L.SAINTIER-GdV-EGO-3312-scaled.jpg\" class=\"img-responsive wp-image-5412\" srcset=\"https:\/\/www.golfduvaudreuil.com\/segv_sitewp\/wp-content\/uploads\/2024\/02\/\u00a9L.SAINTIER-GdV-EGO-3312-200x133.jpg 200w, https:\/\/www.golfduvaudreuil.com\/segv_sitewp\/wp-content\/uploads\/2024\/02\/\u00a9L.SAINTIER-GdV-EGO-3312-400x266.jpg 400w, https:\/\/www.golfduvaudreuil.com\/segv_sitewp\/wp-content\/uploads\/2024\/02\/\u00a9L.SAINTIER-GdV-EGO-3312-600x399.jpg 600w, https:\/\/www.golfduvaudreuil.com\/segv_sitewp\/wp-content\/uploads\/2024\/02\/\u00a9L.SAINTIER-GdV-EGO-3312-800x532.jpg 800w, https:\/\/www.golfduvaudreuil.com\/segv_sitewp\/wp-content\/uploads\/2024\/02\/\u00a9L.SAINTIER-GdV-EGO-3312-1200x798.jpg 1200w, https:\/\/www.golfduvaudreuil.com\/segv_sitewp\/wp-content\/uploads\/2024\/02\/\u00a9L.SAINTIER-GdV-EGO-3312-scaled.jpg 2560w\" sizes=\"(max-width: 970px) 100vw, 400px\" \/><\/span><\/div><div class=\"fusion-sep-clear\"><\/div><div class=\"fusion-separator fusion-full-width-sep\" style=\"margin-left: auto;margin-right: auto;width:100%;\"><div class=\"fusion-separator-border sep-single\" style=\"border-color:#3d5567;border-top-width:1px;\"><\/div><\/div><div class=\"fusion-sep-clear\"><\/div><div class=\"fusion-aligncenter\"><style>.fusion-button.button-1{border-radius:2px 2px 2px 2px;}<\/style><a class=\"fusion-button button-flat fusion-button-default-size button-default button-1 fusion-button-default-span fusion-button-default-type\" target=\"_self\" href=\"https:\/\/www.golfduvaudreuil.com\/segv_sitewp\/wp-content\/uploads\/2024\/12\/PLAQUETTE-ENTREPRISE-3.pdf\"><span class=\"fusion-button-text\">Plaquette s\u00e9minaires et r\u00e9ceptions<\/span><\/a><\/div><\/div><\/div><div class=\"fusion-clearfix\"><\/div><\/div><span class=\"fusion-column-inner-bg hover-type-none\"><a class=\"fusion-column-anchor\" href=\"https:\/\/www.golfduvaudreuil.com\/en\/entreprises-seminaire-reception\/\"><span class=\"fusion-column-inner-bg-image\" style=\"background-position:left top;background-repeat:no-repeat;-webkit-background-size:cover;-moz-background-size:cover;-o-background-size:cover;background-size:cover;\"><\/span><\/a><\/span><\/div><div class=\"fusion-layout-column fusion_builder_column fusion-builder-column-3 fusion_builder_column_1_3 1_3 fusion-one-third fusion-column-inner-bg-wrapper\" style=\"width:33.333333333333%;width:calc(33.333333333333% - ( ( 6% + 6% ) * 0.33333333333333 ) );margin-right: 6%;margin-top:20px;margin-bottom:20px;\"><div class=\"fusion-column-wrapper fusion-flex-column-wrapper-legacy\" style=\"padding: 0px 0px 0px 0px;\"><div class=\"fusion-column-content-centered\"><div class=\"fusion-column-content\"><style type=\"text\/css\"><\/style><div class=\"fusion-title title fusion-title-3 fusion-sep-none fusion-title-text fusion-title-size-one\" style=\"margin-top:0px;margin-right:0px;margin-bottom:10px;margin-left:0px;\"><h1 class=\"title-heading-left fusion-responsive-typography-calculated\" style=\"margin:0;--fontSize:38;line-height:1.2;\">COMP\u00c9TITION D\u00c9DI\u00c9E<\/h1><\/div><div class=\"fusion-sep-clear\"><\/div><div class=\"fusion-separator fusion-clearfix\" style=\"float:left;margin-top:10px;margin-bottom:30px;width:100%;max-width:20%;\"><div class=\"fusion-separator-border sep-double sep-solid\" style=\"border-color:#3d5567;border-top-width:1px;border-bottom-width:1px;\"><\/div><\/div><div class=\"fusion-sep-clear\"><\/div><div class=\"fusion-text fusion-text-3\"><p data-fontsize=\"38\" data-lineheight=\"45\"><strong>Votre comp\u00e9tition aux couleurs de votre entreprise pour une journ\u00e9e m\u00e9morable&#8230;<\/strong><\/p>\n<\/div><div class=\"imageframe-align-center\"><span class=\"fusion-imageframe imageframe-none imageframe-2 hover-type-none\" style=\"border:3px solid #3d5567;\"><img decoding=\"async\" width=\"816\" height=\"612\" alt=\"Domaine du Golf PGA France du Vaudreuil\" title=\"entreprises_competition\" src=\"https:\/\/www.golfduvaudreuil.com\/segv_sitewp\/wp-content\/uploads\/2019\/04\/entreprises_competition.jpg\" class=\"img-responsive wp-image-2134\" srcset=\"https:\/\/www.golfduvaudreuil.com\/segv_sitewp\/wp-content\/uploads\/2019\/04\/entreprises_competition-200x150.jpg 200w, https:\/\/www.golfduvaudreuil.com\/segv_sitewp\/wp-content\/uploads\/2019\/04\/entreprises_competition-400x300.jpg 400w, https:\/\/www.golfduvaudreuil.com\/segv_sitewp\/wp-content\/uploads\/2019\/04\/entreprises_competition-600x450.jpg 600w, https:\/\/www.golfduvaudreuil.com\/segv_sitewp\/wp-content\/uploads\/2019\/04\/entreprises_competition-800x600.jpg 800w, https:\/\/www.golfduvaudreuil.com\/segv_sitewp\/wp-content\/uploads\/2019\/04\/entreprises_competition.jpg 816w\" sizes=\"(max-width: 970px) 100vw, 400px\" \/><\/span><\/div><\/div><\/div><div class=\"fusion-clearfix\"><\/div><\/div><span class=\"fusion-column-inner-bg hover-type-none\"><a class=\"fusion-column-anchor\" href=\"https:\/\/www.golfduvaudreuil.com\/en\/entreprises-competitions\/\"><span class=\"fusion-column-inner-bg-image\" style=\"background-position:left top;background-repeat:no-repeat;-webkit-background-size:cover;-moz-background-size:cover;-o-background-size:cover;background-size:cover;\"><\/span><\/a><\/span><\/div><div class=\"fusion-layout-column fusion_builder_column fusion-builder-column-4 fusion_builder_column_1_3 1_3 fusion-one-third fusion-column-last fusion-column-inner-bg-wrapper\" style=\"width:33.333333333333%;width:calc(33.333333333333% - ( ( 6% + 6% ) * 0.33333333333333 ) );margin-top:20px;margin-bottom:20px;\"><div class=\"fusion-column-wrapper fusion-flex-column-wrapper-legacy\" style=\"padding: 0px 0px 0px 0px;\"><div class=\"fusion-column-content-centered\"><div class=\"fusion-column-content\"><style type=\"text\/css\"><\/style><div class=\"fusion-title title fusion-title-4 fusion-sep-none fusion-title-text fusion-title-size-one\" style=\"margin-top:0px;margin-right:0px;margin-bottom:10px;margin-left:0px;\"><h1 class=\"title-heading-left fusion-responsive-typography-calculated\" style=\"margin:0;--fontSize:38;line-height:1.2;\"><p>LE<br \/>\nCLUB \u00c0 PAR<\/p><\/h1><\/div><div class=\"fusion-sep-clear\"><\/div><div class=\"fusion-separator fusion-clearfix\" style=\"float:left;margin-top:10px;margin-bottom:30px;width:100%;max-width:20%;\"><div class=\"fusion-separator-border sep-double sep-solid\" style=\"border-color:#3d5567;border-top-width:1px;border-bottom-width:1px;\"><\/div><\/div><div class=\"fusion-sep-clear\"><\/div><div class=\"fusion-text fusion-text-4\"><p><strong>Golfeur ou non, rejoignez une centaine de d\u00e9cideurs et entrepreneurs r\u00e9gionaux&#8230;<\/strong><\/p>\n<\/div><div class=\"imageframe-align-center\"><span class=\"fusion-imageframe imageframe-none imageframe-3 hover-type-none\" style=\"border:3px solid #3d5567;\"><img decoding=\"async\" width=\"816\" height=\"612\" alt=\"Domaine du Golf PGA France du Vaudreuil\" title=\"entreprises-club_a_par\" src=\"https:\/\/www.golfduvaudreuil.com\/segv_sitewp\/wp-content\/uploads\/2019\/04\/entreprises-club_a_par.jpg\" class=\"img-responsive wp-image-2138\" srcset=\"https:\/\/www.golfduvaudreuil.com\/segv_sitewp\/wp-content\/uploads\/2019\/04\/entreprises-club_a_par-200x150.jpg 200w, https:\/\/www.golfduvaudreuil.com\/segv_sitewp\/wp-content\/uploads\/2019\/04\/entreprises-club_a_par-400x300.jpg 400w, https:\/\/www.golfduvaudreuil.com\/segv_sitewp\/wp-content\/uploads\/2019\/04\/entreprises-club_a_par-600x450.jpg 600w, https:\/\/www.golfduvaudreuil.com\/segv_sitewp\/wp-content\/uploads\/2019\/04\/entreprises-club_a_par-800x600.jpg 800w, https:\/\/www.golfduvaudreuil.com\/segv_sitewp\/wp-content\/uploads\/2019\/04\/entreprises-club_a_par.jpg 816w\" sizes=\"(max-width: 970px) 100vw, 400px\" \/><\/span><\/div><div class=\"fusion-sep-clear\"><\/div><div class=\"fusion-separator fusion-full-width-sep\" style=\"margin-left: auto;margin-right: auto;width:100%;\"><div class=\"fusion-separator-border sep-single\" style=\"border-color:#3d5567;border-top-width:1px;\"><\/div><\/div><div class=\"fusion-sep-clear\"><\/div><div class=\"fusion-aligncenter\"><style>.fusion-button.button-2{border-radius:2px 2px 2px 2px;}<\/style><a class=\"fusion-button button-flat fusion-button-default-size button-default button-2 fusion-button-default-span fusion-button-default-type\" target=\"_self\" href=\"https:\/\/www.golfduvaudreuil.com\/segv_sitewp\/wp-content\/uploads\/2024\/12\/Commande-FLYER-Club-a-PAR.pdf\"><span class=\"fusion-button-text\">Brochure Club A Par<\/span><\/a><\/div><\/div><\/div><div class=\"fusion-clearfix\"><\/div><\/div><span class=\"fusion-column-inner-bg hover-type-none\"><a class=\"fusion-column-anchor\" href=\"https:\/\/www.golfduvaudreuil.com\/en\/club-a-par\/\"><span class=\"fusion-column-inner-bg-image\" style=\"background-position:left top;background-repeat:no-repeat;-webkit-background-size:cover;-moz-background-size:cover;-o-background-size:cover;background-size:cover;\"><\/span><\/a><\/span><\/div><\/div><\/div><\/p>","protected":false},"excerpt":{"rendered":"","protected":false},"author":1,"featured_media":0,"parent":0,"menu_order":0,"comment_status":"closed","ping_status":"closed","template":"100-width.php","meta":{"footnotes":""},"class_list":["post-2128","page","type-page","status-publish","hentry"],"_links":{"self":[{"href":"https:\/\/www.golfduvaudreuil.com\/en\/wp-json\/wp\/v2\/pages\/2128","targetHints":{"allow":["GET"]}}],"collection":[{"href":"https:\/\/www.golfduvaudreuil.com\/en\/wp-json\/wp\/v2\/pages"}],"about":[{"href":"https:\/\/www.golfduvaudreuil.com\/en\/wp-json\/wp\/v2\/types\/page"}],"author":[{"embeddable":true,"href":"https:\/\/www.golfduvaudreuil.com\/en\/wp-json\/wp\/v2\/users\/1"}],"replies":[{"embeddable":true,"href":"https:\/\/www.golfduvaudreuil.com\/en\/wp-json\/wp\/v2\/comments?post=2128"}],"version-history":[{"count":15,"href":"https:\/\/www.golfduvaudreuil.com\/en\/wp-json\/wp\/v2\/pages\/2128\/revisions"}],"predecessor-version":[{"id":5977,"href":"https:\/\/www.golfduvaudreuil.com\/en\/wp-json\/wp\/v2\/pages\/2128\/revisions\/5977"}],"wp:attachment":[{"href":"https:\/\/www.golfduvaudreuil.com\/en\/wp-json\/wp\/v2\/media?parent=2128"}],"curies":[{"name":"wp","href":"https:\/\/api.w.org\/{rel}","templated":true}]}}