{"id":2393,"date":"2019-05-17T14:52:19","date_gmt":"2019-05-17T12:52:19","guid":{"rendered":"https:\/\/www.golfduvaudreuil.com\/?page_id=2393"},"modified":"2024-03-27T11:35:42","modified_gmt":"2024-03-27T10:35:42","slug":"espace-membre","status":"publish","type":"page","link":"https:\/\/www.golfduvaudreuil.com\/en\/espace-membre\/","title":{"rendered":"Espace membre &#8211; profil"},"content":{"rendered":"<div class=\"fusion-fullwidth fullwidth-box fusion-builder-row-1 hundred-percent-fullwidth non-hundred-percent-height-scrolling\" style=\"background-color: rgba(255,255,255,0);background-position: center center;background-repeat: no-repeat;padding-top:3%;padding-right:12%;padding-bottom:3%;padding-left:12%;margin-bottom: 0px;margin-top: 0px;border-width: 0px 0px 0px 0px;border-color:#eae9e9;border-style:solid;\" ><div class=\"fusion-builder-row fusion-row\"><div class=\"fusion-layout-column fusion_builder_column fusion-builder-column-0 fusion_builder_column_1_1 1_1 fusion-one-full fusion-column-first fusion-column-last\" style=\"margin-top:0px;margin-bottom:0px;\"><div class=\"fusion-column-wrapper fusion-flex-column-wrapper-legacy\" style=\"background-position:left top;background-repeat:no-repeat;-webkit-background-size:cover;-moz-background-size:cover;-o-background-size:cover;background-size:cover;padding: 0px 0px 0px 0px;\"><div class=\"fusion-column-content-centered\"><div class=\"fusion-column-content\"><div class=\"fusion-text fusion-text-1\"><h2>Cher membre,<\/h2>\n<h2>Bienvenue dans votre espace personnel.<\/h2>\n<h2>A l&rsquo;aide de vos identifiants de connexion Albatros, vous pouvez acc\u00e9der \u00e0 vos informations personnelles, r\u00e9server un d\u00e9part, voir vos r\u00e9servations et la liste des comp\u00e9titions du golf, etc&#8230;<\/h2>\n<h2>Pour toute question, nous sommes \u00e0 votre disposition au 02 32 59 02 60.<\/h2>\n<\/div><iframe src=\"https:\/\/vaudreuil-a9.dgsgolf.com\/a9online\/#\/auth\/login\" seamless=\"seamless\" style=\"width:1230px; height:930px; margin:0;\"><\/iframe><\/div><\/div><div class=\"fusion-clearfix\"><\/div><\/div><\/div><\/div><\/div>","protected":false},"excerpt":{"rendered":"","protected":false},"author":1,"featured_media":0,"parent":0,"menu_order":0,"comment_status":"closed","ping_status":"closed","template":"100-width.php","meta":{"footnotes":""},"class_list":["post-2393","page","type-page","status-publish","hentry"],"_links":{"self":[{"href":"https:\/\/www.golfduvaudreuil.com\/en\/wp-json\/wp\/v2\/pages\/2393","targetHints":{"allow":["GET"]}}],"collection":[{"href":"https:\/\/www.golfduvaudreuil.com\/en\/wp-json\/wp\/v2\/pages"}],"about":[{"href":"https:\/\/www.golfduvaudreuil.com\/en\/wp-json\/wp\/v2\/types\/page"}],"author":[{"embeddable":true,"href":"https:\/\/www.golfduvaudreuil.com\/en\/wp-json\/wp\/v2\/users\/1"}],"replies":[{"embeddable":true,"href":"https:\/\/www.golfduvaudreuil.com\/en\/wp-json\/wp\/v2\/comments?post=2393"}],"version-history":[{"count":40,"href":"https:\/\/www.golfduvaudreuil.com\/en\/wp-json\/wp\/v2\/pages\/2393\/revisions"}],"predecessor-version":[{"id":5455,"href":"https:\/\/www.golfduvaudreuil.com\/en\/wp-json\/wp\/v2\/pages\/2393\/revisions\/5455"}],"wp:attachment":[{"href":"https:\/\/www.golfduvaudreuil.com\/en\/wp-json\/wp\/v2\/media?parent=2393"}],"curies":[{"name":"wp","href":"https:\/\/api.w.org\/{rel}","templated":true}]}}