{"id":3350,"date":"2021-06-03T22:29:38","date_gmt":"2021-06-03T20:29:38","guid":{"rendered":"https:\/\/www.golfduvaudreuil.com\/?page_id=3350"},"modified":"2025-07-13T12:04:17","modified_gmt":"2025-07-13T10:04:17","slug":"asgv","status":"publish","type":"page","link":"https:\/\/www.golfduvaudreuil.com\/en\/asgv\/","title":{"rendered":"L&rsquo;AS &#8211; actus et infos"},"content":{"rendered":"<p><div class=\"fusion-fullwidth fullwidth-box fusion-builder-row-1 fusion-parallax-none hauteurtitre hundred-percent-fullwidth non-hundred-percent-height-scrolling fusion-equal-height-columns\" style=\"background-color: rgba(255,255,255,0);background-image: url(&quot;https:\/\/www.golfduvaudreuil.com\/segv_sitewp\/wp-content\/uploads\/2021\/02\/as_actus_infos_bg_titre.jpg&quot;);background-position: center bottom;background-repeat: no-repeat;padding-top:0px;padding-right:0px;padding-bottom:0px;padding-left:0px;border-width: 0px 0px 0px 0px;border-color:#eae9e9;border-style:solid;-webkit-background-size:cover;-moz-background-size:cover;-o-background-size:cover;background-size:cover;\" ><div class=\"fusion-builder-row fusion-row\"><div class=\"fusion-layout-column fusion_builder_column fusion-builder-column-0 fusion_builder_column_1_1 1_1 fusion-one-full fusion-column-first fusion-column-last hauteurtitre\" style=\"margin-top:0px;margin-bottom:0px;\"><div class=\"fusion-column-wrapper fusion-flex-column-wrapper-legacy\" style=\"background-position:left top;background-repeat:no-repeat;-webkit-background-size:cover;-moz-background-size:cover;-o-background-size:cover;background-size:cover;padding: 0px 0px 0px 0px;\"><div class=\"fusion-column-content-centered\"><div class=\"fusion-column-content\"><style type=\"text\/css\"><\/style><div class=\"fusion-title title fusion-title-1 fusion-sep-none fusion-title-text fusion-title-size-one ombretitre\" style=\"font-size:52px;margin-top:0px;margin-right:0px;margin-bottom:10px;margin-left:0px;\"><h1 class=\"title-heading-left fusion-responsive-typography-calculated\" style=\"margin:0;font-size:1em;color:#ffffff;--fontSize:52;line-height:1.2;\">L&rsquo;ASSOCIATION SPORTIVE &#8211; Actus et infos<\/h1><\/div><\/div><\/div><div class=\"fusion-clearfix\"><\/div><\/div><\/div><\/div><\/div><div class=\"fusion-fullwidth fullwidth-box fusion-builder-row-2 hundred-percent-fullwidth non-hundred-percent-height-scrolling fusion-equal-height-columns fusion-no-small-visibility fusion-no-medium-visibility\" style=\"background-color: rgba(255,255,255,0);background-position: center center;background-repeat: no-repeat;padding-top:0px;padding-right:15%;padding-bottom:0px;padding-left:15%;border-width: 0px 0px 0px 0px;border-color:#eae9e9;border-style:solid;\" ><div class=\"fusion-builder-row fusion-row\"><div class=\"fusion-layout-column fusion_builder_column fusion-builder-column-1 fusion_builder_column_1_1 1_1 fusion-one-full fusion-column-first fusion-column-last\" style=\"margin-top:0px;margin-bottom:0px;\"><div class=\"fusion-column-wrapper fusion-flex-column-wrapper-legacy\" style=\"background-position:left top;background-repeat:no-repeat;-webkit-background-size:cover;-moz-background-size:cover;-o-background-size:cover;background-size:cover;padding: 0px 0px 0px 0px;\"><div class=\"fusion-column-content-centered\"><div class=\"fusion-column-content\"><div class=\"fusion-text fusion-text-1\"><h2 style=\"color: #86b9d8; text-decoration: none; text-align: right;\">\u00a0<a style=\"margin-right: 4%;\" href=\"https:\/\/www.golfduvaudreuil.com\/en\/asgv\/\">&gt; Actus et infos<\/a><a style=\"margin-right: 4%;\" href=\"https:\/\/www.golfduvaudreuil.com\/en\/asgv-equipes\/\">&gt; Les \u00e9quipes\u00a0<\/a><a href=\"https:\/\/www.golfduvaudreuil.com\/en\/asgv-competitions\/\">&gt; Comp\u00e9titions<\/a><\/h2>\n<\/div><\/div><\/div><div class=\"fusion-clearfix\"><\/div><\/div><\/div><\/div><\/div><div class=\"fusion-fullwidth fullwidth-box fusion-builder-row-3 hundred-percent-fullwidth non-hundred-percent-height-scrolling fusion-equal-height-columns fusion-no-large-visibility\" style=\"background-color: rgba(255,255,255,0);background-position: center center;background-repeat: no-repeat;padding-top:0px;padding-right:15%;padding-bottom:0px;padding-left:15%;border-width: 0px 0px 0px 0px;border-color:#eae9e9;border-style:solid;\" ><div class=\"fusion-builder-row fusion-row\"><div class=\"fusion-layout-column fusion_builder_column fusion-builder-column-2 fusion_builder_column_1_1 1_1 fusion-one-full fusion-column-first fusion-column-last\" style=\"margin-top:0px;margin-bottom:0px;\"><div class=\"fusion-column-wrapper fusion-flex-column-wrapper-legacy\" style=\"background-position:left top;background-repeat:no-repeat;-webkit-background-size:cover;-moz-background-size:cover;-o-background-size:cover;background-size:cover;padding: 0px 0px 0px 0px;\"><div class=\"fusion-column-content-centered\"><div class=\"fusion-column-content\"><div class=\"fusion-text fusion-text-2\"><h2 style=\"color: #86b9d8; text-decoration: none; text-align: left;\"><a href=\"https:\/\/www.golfduvaudreuil.com\/en\/asgv\/\">&gt; Actus et infos<\/a><br \/>\n<a href=\"https:\/\/www.golfduvaudreuil.com\/en\/asgv-equipes\/\">&gt; Les \u00e9quipes\u00a0<\/a><br \/>\n<a href=\"https:\/\/www.golfduvaudreuil.com\/en\/asgv-competitions\/\">&gt; Comp\u00e9titions<\/a><\/h2>\n<\/div><\/div><\/div><div class=\"fusion-clearfix\"><\/div><\/div><\/div><\/div><\/div><div class=\"fusion-fullwidth fullwidth-box fusion-builder-row-4 hundred-percent-fullwidth non-hundred-percent-height-scrolling fusion-equal-height-columns\" style=\"background-color: rgba(255,255,255,0);background-position: center center;background-repeat: no-repeat;padding-top:0px;padding-right:15%;padding-bottom:0px;padding-left:15%;margin-bottom: 0%;margin-top: 3%;border-width: 0px 0px 0px 0px;border-color:#eae9e9;border-style:solid;\" ><div class=\"fusion-builder-row fusion-row\"><div class=\"fusion-layout-column fusion_builder_column fusion-builder-column-3 fusion_builder_column_1_1 1_1 fusion-one-full fusion-column-first fusion-column-last\" style=\"margin-top:20px;margin-bottom:20px;\"><div class=\"fusion-column-wrapper fusion-flex-column-wrapper-legacy\" style=\"background-position:left top;background-repeat:no-repeat;-webkit-background-size:cover;-moz-background-size:cover;-o-background-size:cover;background-size:cover;padding: 0px 0px 0px 0px;\"><div class=\"fusion-column-content-centered\"><div class=\"fusion-column-content\"><style type=\"text\/css\"><\/style><div class=\"fusion-title title fusion-title-2 fusion-sep-none fusion-title-text fusion-title-size-one\" style=\"font-size:24px;margin-top:3%;margin-right:0px;margin-bottom:10px;margin-left:0px;\"><h1 class=\"title-heading-left fusion-responsive-typography-calculated\" style=\"margin:0;font-size:1em;--fontSize:24;line-height:1.17;\"><span style=\"font-size: 1em; background-color: rgba(255, 255, 255, 0);\"><b>L&rsquo;ASSOCIATION SPORTIVE DU GOLF DU VAUDREUIL<\/b><\/span><\/h1><\/div><div class=\"fusion-sep-clear\"><\/div><div class=\"fusion-separator fusion-clearfix\" style=\"float:left;margin-top:10px;margin-bottom:30px;width:100%;max-width:20%;\"><div class=\"fusion-separator-border sep-double sep-solid\" style=\"border-color:#3d5567;border-top-width:1px;border-bottom-width:1px;\"><\/div><\/div><div class=\"fusion-sep-clear\"><\/div><div class=\"fusion-text fusion-text-3\"><p><b data-fusion-font=\"true\" style=\"font-size: 18px;\">L\u2019Association Sportive est une composante essentielle de la vie du Golf PGA France du Vaudreuil. Elle accompagne et dynamise la pratique du golf pour tous les membres, dans un esprit de partage, de progression et de convivialit\u00e9.<\/b><\/p>\n<p><u><span data-fusion-font=\"true\" style=\"font-size: 18px;\">Ses principales missions sont :<\/span><\/u><\/p>\n<ul>\n<li><span data-fusion-font=\"true\" style=\"font-size: 18px;\">Organiser la vie sportive : \u00e9laboration du calendrier en collaboration avec la SEGV, coordination des \u00e9quipes du club engag\u00e9es en comp\u00e9titions r\u00e9gionales et nationales, pour toutes les cat\u00e9gories (Jeunes, Dames, Messieurs, Seniors). Le club se distingue r\u00e9guli\u00e8rement par ses performances et son dynamisme au niveau r\u00e9gional.<\/span><\/li>\n<li><span data-fusion-font=\"true\" style=\"font-size: 18px;\">Former les jeunes golfeurs : d\u00e8s le plus jeune \u00e2ge, l\u2019Association soutient la d\u00e9couverte et la progression \u00e0 travers l\u2019\u00e9cole de golf, le baby-golf, les passages de drapeaux, les comp\u00e9titions adapt\u00e9es et les entra\u00eenements d\u00e9di\u00e9s. L\u2019objectif est de faire grandir les talents de demain dans un cadre structurant et bienveillant.<\/span><\/li>\n<li><span data-fusion-font=\"true\" style=\"font-size: 18px;\">Animer la vie du club : tout au long de l\u2019ann\u00e9e, des \u00e9v\u00e9nements sont propos\u00e9s pour renforcer les liens entre les membres et faire vivre l\u2019esprit du club, dans une ambiance chaleureuse.<\/span><\/li>\n<li><span data-fusion-font=\"true\" style=\"font-size: 18px;\">Assurer le lien avec les instances f\u00e9d\u00e9rales : gestion des licences et relations avec la FFGolf et la Ligue de Normandie.<\/span><\/li>\n<\/ul>\n<p><b data-fusion-font=\"true\" style=\"font-size: 18px;\">En cotisant \u00e0 l\u2019AS, les membres participent activement \u00e0 la vie du club et b\u00e9n\u00e9ficient :<\/b><\/p>\n<\/p>\n<ul>\n<li><b data-fusion-font=\"true\" style=\"font-size: 18px;\">Des r\u00e9ciprocit\u00e9s avec nos quatre golfs partenaires pour jouer gratuitement et en illimit\u00e9 sur chaque parcours,<\/b><\/li>\n<li><b data-fusion-font=\"true\" style=\"font-size: 18px;\">D&rsquo;un tarif pr\u00e9f\u00e9rentiel sur le droit de jeu lors des comp\u00e9titions.<\/b><\/li>\n<\/ul>\n<p><b data-fusion-font=\"true\" style=\"font-size: 18px;\">L\u2019Association remercie chaleureusement l\u2019ensemble des membres pour leur soutien et leur participation active.<\/b><\/p>\n<\/div><\/div><\/div><div class=\"fusion-clearfix\"><\/div><\/div><\/div><\/div><\/div><div class=\"fusion-fullwidth fullwidth-box fusion-builder-row-5 fusion-flex-container hundred-percent-fullwidth non-hundred-percent-height-scrolling\" style=\"background-color: rgba(255,255,255,0);background-position: center center;background-repeat: no-repeat;border-width: 0px 0px 0px 0px;border-color:#eae9e9;border-style:solid;\" ><div class=\"fusion-builder-row fusion-row fusion-flex-align-items-stretch fusion-flex-justify-content-space-around\" style=\"width:104% !important;max-width:104% !important;margin-left: calc(-4% \/ 2 );margin-right: calc(-4% \/ 2 );\"><div class=\"fusion-layout-column fusion_builder_column fusion-builder-column-4 fusion_builder_column_1_1 1_1 fusion-flex-column fusion-column-no-min-height\"><div class=\"fusion-column-wrapper fusion-flex-justify-content-flex-start fusion-content-layout-column\" style=\"background-position:left top;background-repeat:no-repeat;-webkit-background-size:cover;-moz-background-size:cover;-o-background-size:cover;background-size:cover;padding: 0px 0px 0px 0px;\"><style type=\"text\/css\">@media only screen and (max-width:679px) {.fusion-title.fusion-title-3{margin-top:3%!important; margin-right:0px!important;margin-bottom:10px!important;margin-left:0px!important;}}@media only screen and (max-width:640px) {.fusion-title.fusion-title-3{margin-top:0px!important; margin-right:0px!important;margin-bottom:20px!important; margin-left:0px!important;}}<\/style><div class=\"fusion-title title fusion-title-3 fusion-sep-none fusion-title-center fusion-title-text fusion-title-size-one\" style=\"font-size:24px;margin-top:3%;margin-right:0px;margin-bottom:10px;margin-left:0px;\"><h1 class=\"title-heading-center fusion-responsive-typography-calculated\" style=\"margin:0;font-size:1em;--fontSize:24;line-height:1.17;\">COMIT\u00c9 POUR L\u2019ANN\u00c9E 2025<\/h1><\/div><div class=\"fusion-separator\" style=\"align-self: center;margin-left: auto;margin-right: auto;margin-top:10px;margin-bottom:30px;width:100%;max-width:20%;\"><div class=\"fusion-separator-border sep-double sep-solid\" style=\"border-color:#3d5567;border-top-width:1px;border-bottom-width:1px;\"><\/div><\/div><\/div><style type=\"text\/css\">.fusion-body .fusion-builder-column-4{width:100% !important;margin-top : 20px;margin-bottom : 0px;}.fusion-builder-column-4 > .fusion-column-wrapper {padding-top : 0px !important;padding-right : 0px !important;margin-right : 0%;padding-bottom : 0px !important;padding-left : 0px !important;margin-left : 0%;}@media only screen and (max-width:679px) {.fusion-body .fusion-builder-column-4{width:100% !important;order : 0;}.fusion-builder-column-4 > .fusion-column-wrapper {margin-right : 1.92%;margin-left : 1.92%;}}@media only screen and (max-width:640px) {.fusion-body .fusion-builder-column-4{width:100% !important;order : 0;}.fusion-builder-column-4 > .fusion-column-wrapper {margin-right : 1.92%;margin-left : 1.92%;}}<\/style><\/div><div class=\"fusion-layout-column fusion_builder_column fusion-builder-column-5 fusion_builder_column_1_1 1_1 fusion-flex-column\"><div class=\"fusion-column-wrapper fusion-flex-justify-content-flex-start fusion-content-layout-column\" style=\"background-position:left top;background-repeat:no-repeat;-webkit-background-size:cover;-moz-background-size:cover;-o-background-size:cover;background-size:cover;padding: 0px 0px 0px 0px;\"><div class=\"fusion-text fusion-text-4\"><h3 style=\"text-align: center; --fontSize: 20; line-height: 1.2; --minFontSize: 20;\" data-fontsize=\"20\" data-lineheight=\"24px\" class=\"fusion-responsive-typography-calculated\">\n<p><b>Fr\u00e9d\u00e9ric HUGUET<\/b><br \/><span style=\"background-color: rgba(255, 255, 255, 0);\"><i>Pr\u00e9sident <\/i><\/span><\/p>\n<p><b>Alain GRAINDORGE<\/b><br \/><i>Vice-Pr\u00e9sident<\/i><\/p>\n<p><b>Isabelle TAMARELLE<\/b><br \/><i>Tr\u00e9sori\u00e8re<\/i><\/p>\n<p> <b>Dany DORON-HOVETTE<\/b><br \/><i style=\"background-color: rgba(255, 255, 255, 0);\">Secr\u00e9taire<\/i><\/p>\n<p><b>Virginie SANNIER<\/b><br \/><i>Pr\u00e9sidente de la Commission Sportive <\/i><\/p>\n<p><b>G\u00e9r\u00f4me BIGARE<\/b><br \/><span style=\"background-color: rgba(255, 255, 255, 0);\"><i>Capitaine des jeux Messieurs<\/i><\/span><\/p>\n<p><b>Eric CASTELAIN<br \/><\/b><span style=\"background-color: rgba(255, 255, 255, 0);\"><i>Capitaine des Jeunes<\/i><\/span><\/p>\n<\/h3>\n<\/div><\/div><style type=\"text\/css\">.fusion-body .fusion-builder-column-5{width:100% !important;margin-top : 20px;margin-bottom : 20px;}.fusion-builder-column-5 > .fusion-column-wrapper {padding-top : 0px !important;padding-right : 0px !important;margin-right : 0%;padding-bottom : 0px !important;padding-left : 0px !important;margin-left : 0%;}@media only screen and (max-width:679px) {.fusion-body .fusion-builder-column-5{width:100% !important;order : 0;}.fusion-builder-column-5 > .fusion-column-wrapper {margin-right : 1.92%;margin-left : 1.92%;}}@media only screen and (max-width:640px) {.fusion-body .fusion-builder-column-5{width:100% !important;order : 0;}.fusion-builder-column-5 > .fusion-column-wrapper {margin-right : 1.92%;margin-left : 1.92%;}}<\/style><\/div><\/div><style type=\"text\/css\">.fusion-body .fusion-flex-container.fusion-builder-row-5{ padding-top : 0px;margin-top : 0%;padding-right : 15%;padding-bottom : 0px;margin-bottom : 3%;padding-left : 15%;}<\/style><\/div><\/p>","protected":false},"excerpt":{"rendered":"","protected":false},"author":1,"featured_media":0,"parent":0,"menu_order":0,"comment_status":"closed","ping_status":"closed","template":"100-width.php","meta":{"footnotes":""},"class_list":["post-3350","page","type-page","status-publish","hentry"],"_links":{"self":[{"href":"https:\/\/www.golfduvaudreuil.com\/en\/wp-json\/wp\/v2\/pages\/3350","targetHints":{"allow":["GET"]}}],"collection":[{"href":"https:\/\/www.golfduvaudreuil.com\/en\/wp-json\/wp\/v2\/pages"}],"about":[{"href":"https:\/\/www.golfduvaudreuil.com\/en\/wp-json\/wp\/v2\/types\/page"}],"author":[{"embeddable":true,"href":"https:\/\/www.golfduvaudreuil.com\/en\/wp-json\/wp\/v2\/users\/1"}],"replies":[{"embeddable":true,"href":"https:\/\/www.golfduvaudreuil.com\/en\/wp-json\/wp\/v2\/comments?post=3350"}],"version-history":[{"count":54,"href":"https:\/\/www.golfduvaudreuil.com\/en\/wp-json\/wp\/v2\/pages\/3350\/revisions"}],"predecessor-version":[{"id":7259,"href":"https:\/\/www.golfduvaudreuil.com\/en\/wp-json\/wp\/v2\/pages\/3350\/revisions\/7259"}],"wp:attachment":[{"href":"https:\/\/www.golfduvaudreuil.com\/en\/wp-json\/wp\/v2\/media?parent=3350"}],"curies":[{"name":"wp","href":"https:\/\/api.w.org\/{rel}","templated":true}]}}