{"id":3997,"date":"2022-04-21T20:40:02","date_gmt":"2022-04-21T18:40:02","guid":{"rendered":"https:\/\/www.golfduvaudreuil.com\/?page_id=3997"},"modified":"2026-01-03T17:21:49","modified_gmt":"2026-01-03T16:21:49","slug":"pavillon-putter-house","status":"publish","type":"page","link":"https:\/\/www.golfduvaudreuil.com\/en\/pavillon-putter-house\/","title":{"rendered":"Pavillon Putter House"},"content":{"rendered":"<p><div class=\"fusion-fullwidth fullwidth-box fusion-builder-row-1 fusion-parallax-none hauteurtitre hundred-percent-fullwidth non-hundred-percent-height-scrolling fusion-equal-height-columns\" style=\"background-color: rgba(255,255,255,0);background-image: url(&quot;https:\/\/www.golfduvaudreuil.com\/segv_sitewp\/wp-content\/uploads\/2025\/01\/Pavillon-Putter-House_sejour-e1738160311888-1200x498.png&quot;);background-position: center center;background-repeat: no-repeat;padding-top:0px;padding-right:0px;padding-bottom:0px;padding-left:0px;border-width: 0px 0px 0px 0px;border-color:#eae9e9;border-style:solid;-webkit-background-size:cover;-moz-background-size:cover;-o-background-size:cover;background-size:cover;\" ><div class=\"fusion-builder-row fusion-row\"><div class=\"fusion-layout-column fusion_builder_column fusion-builder-column-0 fusion_builder_column_1_1 1_1 fusion-one-full fusion-column-first fusion-column-last\" style=\"margin-top:20px;margin-bottom:20px;\"><div class=\"fusion-column-wrapper fusion-flex-column-wrapper-legacy\" style=\"background-position:left top;background-repeat:no-repeat;-webkit-background-size:cover;-moz-background-size:cover;-o-background-size:cover;background-size:cover;padding: 0px 0px 0px 0px;\"><div class=\"fusion-clearfix\"><\/div><\/div><\/div><\/div><\/div><div class=\"fusion-fullwidth fullwidth-box fusion-builder-row-2 hundred-percent-fullwidth non-hundred-percent-height-scrolling fusion-equal-height-columns\" style=\"background-color: rgba(255,255,255,0);background-position: center center;background-repeat: no-repeat;padding-top:0px;padding-right:15%;padding-bottom:0px;padding-left:15%;margin-bottom: 0px;margin-top: 3%;border-width: 0px 0px 0px 0px;border-color:#eae9e9;border-style:solid;\" ><div class=\"fusion-builder-row fusion-row\"><div class=\"fusion-layout-column fusion_builder_column fusion-builder-column-1 fusion_builder_column_2_3 2_3 fusion-two-third fusion-column-first\" style=\"width:66.666666666667%;width:calc(66.666666666667% - ( ( 5% ) * 0.66666666666667 ) );margin-right: 5%;margin-top:20px;margin-bottom:20px;\"><div class=\"fusion-column-wrapper fusion-flex-column-wrapper-legacy\" style=\"background-position:left top;background-blend-mode: overlay;background-repeat:no-repeat;-webkit-background-size:cover;-moz-background-size:cover;-o-background-size:cover;background-size:cover;padding: 3% 3% 3% 3%;\"><div class=\"fusion-text fusion-text-1\"><h1 class=\"fusion-responsive-typography-calculated\" style=\"margin-bottom: 20px; --fontsize: 38; line-height: 1.2; color: #002a57;\" data-fontsize=\"38\" data-lineheight=\"45.6px\"><span style=\"color: #002a57;\">LE <\/span><span style=\"color: #002a57;\">PAVILLON PUTTER HOUSE<\/span><\/h1>\n<div tabindex=\"0\" role=\"article\" data-tabster=\"{\" data-content=\"ai-message\" aria-labelledby=\"L8wdzAGSCSHnCZnZcV4Uh-author} L8wdzAGSCSHnCZnZcV4Uh-content-0\">\n<div id=\"L8wdzAGSCSHnCZnZcV4Uh-content-0\" class=\"space-y-3 break-words\">\n<h2><strong>Ce charmant pavillon d\u00e9cor\u00e9 avec go\u00fbt et lumineux est parfait pour un s\u00e9jour entre amis ou en famille. Avec ses grandes fen\u00eatres, il baigne dans la lumi\u00e8re naturelle, cr\u00e9ant une atmosph\u00e8re chaleureuse et accueillante.<\/strong><\/h2>\n<\/div>\n<\/div>\n<p style=\"font-size: 16px; line-height: 20px;\" data-fusion-font=\"true\">Par sa situation exceptionnelle \u2013 5 minutes de la sortie 19 de l\u2019autoroute A13 \u2013 c\u2019est le point de d\u00e9part id\u00e9al d\u2019un week-end de d\u00e9couverte de la Normandie et de sa diversit\u00e9 : Giverny, Deauville, Rouen\u2026<\/p>\n<p style=\"font-size: 16px; line-height: 20px;\" data-fusion-font=\"true\">Id\u00e9alement implant\u00e9 au c\u0153ur du Domaine du Golf PGA France du Vaudreuil, le pavillon Putter House est le lieu de r\u00e9sidence id\u00e9al pour vos s\u00e9jours golfiques ou pauses d\u00e9tente.<\/p>\n<\/div><div class=\"fusion-clearfix\"><\/div><\/div><\/div><div class=\"fusion-layout-column fusion_builder_column fusion-builder-column-2 fusion_builder_column_1_3 1_3 fusion-one-third fusion-column-last\" style=\"width:33.333333333333%;width:calc(33.333333333333% - ( ( 5% ) * 0.33333333333333 ) );margin-top:45px;margin-bottom:0px;\"><div class=\"fusion-column-wrapper fusion-flex-column-wrapper-legacy\" style=\"background-position:left top;background-repeat:no-repeat;-webkit-background-size:cover;-moz-background-size:cover;-o-background-size:cover;background-size:cover;background-color:#f9f5ed;border-width: 0 20px 0 20px;border-color:#f9f5ed;border-style:solid;padding: 2% 0% 0% 1%;\"><div class=\"fusion-fa-align-center\"><i class=\"fb-icon-element-1 fb-icon-element fontawesome-icon fa-user-friends fas circle-no fusion-no-medium-visibility\" style=\"font-size:30px;margin-top:15px;\"><\/i><\/div><style>i.fb-icon-element.fontawesome-icon.fb-icon-element-1{ color: #002a57;}i.fb-icon-element.fontawesome-icon.fb-icon-element-1:hover { color: #002a57;}<\/style><div class=\"fusion-text fusion-text-2\"><p style=\"text-align: center;\">\u00a0<strong>Capacit\u00e9 : 10 personnes<\/strong><\/p>\n<p class=\"cvGsUA direction-ltr align-justify para-style-body\"><strong><span class=\"OYPEnA font-feature-liga-off font-feature-clig-off font-feature-calt-off text-decoration-none text-strikethrough-none\">4 chambres + 1 espace nuit :<\/span><\/strong><\/p>\n<ul>\n<li><span class=\"OYPEnA font-feature-liga-off font-feature-clig-off font-feature-calt-off text-decoration-none text-strikethrough-none\">4 chambres double : <\/span><span class=\"OYPEnA font-feature-liga-off font-feature-clig-off font-feature-calt-off text-decoration-none text-strikethrough-none\">lit double ou 2 lits simples<\/span><\/li>\n<li><span class=\"OYPEnA font-feature-liga-off font-feature-clig-off font-feature-calt-off text-decoration-none text-strikethrough-none\">Espace nuit sur le palier (2 personnes) :<\/span> <span class=\"OYPEnA font-feature-liga-off font-feature-clig-off font-feature-calt-off text-decoration-none text-strikethrough-none\">1 lit double ou 2 lits simples<\/span><\/li>\n<\/ul>\n<p class=\"cvGsUA direction-ltr align-justify para-style-body\"><strong><span class=\"OYPEnA font-feature-liga-off font-feature-clig-off font-feature-calt-off text-decoration-none text-strikethrough-none\">4 salles d\u2019eau privatives avec douche<\/span><\/strong><\/p>\n<p class=\"cvGsUA direction-ltr align-justify para-style-body\"><span class=\"OYPEnA font-feature-liga-off font-feature-clig-off font-feature-calt-off text-decoration-none text-strikethrough-none\"><strong>S\u00e9jour spacieux et cuisine \u00e9quip\u00e9e<\/strong> : <\/span><span class=\"OYPEnA font-feature-liga-off font-feature-clig-off font-feature-calt-off text-decoration-none text-strikethrough-none\">Plaques \u00e0 induction, r\u00e9frig\u00e9rateur, four, micro-ondes, bouilloire, machine \u00e0 caf\u00e9 (dosettes) grille-pain, lave-vaisselle.<\/span><\/p>\n<p class=\"cvGsUA direction-ltr align-justify para-style-body\"><em><span class=\"OYPEnA font-feature-liga-off font-feature-clig-off font-feature-calt-off text-decoration-none text-strikethrough-none\">Linge de lit et serviettes de toilettes fournies.<\/span><\/em><\/p>\n<\/div><div class=\"fusion-clearfix\"><\/div><\/div><\/div><\/div><\/div><div class=\"fusion-fullwidth fullwidth-box fusion-builder-row-3 fusion-flex-container nonhundred-percent-fullwidth non-hundred-percent-height-scrolling\" style=\"background-color: rgba(255,255,255,0);background-position: center center;background-repeat: no-repeat;border-width: 0px 0px 0px 0px;border-color:#eae9e9;border-style:solid;\" ><div class=\"fusion-builder-row fusion-row fusion-flex-align-items-flex-start\" style=\"max-width:1216.8px;margin-left: calc(-4% \/ 2 );margin-right: calc(-4% \/ 2 );\"><div class=\"fusion-layout-column fusion_builder_column fusion-builder-column-3 fusion_builder_column_1_1 1_1 fusion-flex-column\"><div class=\"fusion-column-wrapper fusion-flex-justify-content-flex-start fusion-content-layout-column\" style=\"background-position:left top;background-repeat:no-repeat;-webkit-background-size:cover;-moz-background-size:cover;-o-background-size:cover;background-size:cover;padding: 0px 0px 0px 0px;\"><div style=\"text-align:center;\"><style>.fusion-button.button-1 .fusion-button-text,.fusion-button.button-1 i{color:rgba(255,255,255,0.95);}.fusion-button.button-1{border-color:rgba(255,255,255,0.95);border-radius:2px 2px 2px 2px;background:#002a57;}.fusion-button.button-1:hover .fusion-button-text,.fusion-button.button-1:hover i,.fusion-button.button-1:focus .fusion-button-text,.fusion-button.button-1:focus i,.fusion-button.button-1:active .fusion-button-text,.fusion-button.button-1:active i{color:#ffffff;}.fusion-button.button-1:hover,.fusion-button.button-1:active,.fusion-button.button-1:focus{border-color:#ffffff;background:#002a57;background-image:linear-gradient(180deg,#002a57 0%,#86b9d8 100%);}<\/style><a class=\"fusion-button button-flat fusion-button-default-size button-custom button-1 fusion-button-default-span fusion-button-default-type\" target=\"_self\" href=\"https:\/\/www.golfduvaudreuil.com\/segv_sitewp\/wp-content\/uploads\/2026\/01\/Tarifs-2026-Hebergements-Golf-PGA-France-du-Vaudreuil-7.pdf\"><span class=\"fusion-button-text\">d\u00e9couvrir notre Plaquette tarifaire<\/span><\/a><\/div><\/div><style type=\"text\/css\">.fusion-body .fusion-builder-column-3{width:100% !important;margin-top : 20px;margin-bottom : 20px;}.fusion-builder-column-3 > .fusion-column-wrapper {padding-top : 0px !important;padding-right : 0px !important;margin-right : 1.92%;padding-bottom : 0px !important;padding-left : 0px !important;margin-left : 1.92%;}@media only screen and (max-width:679px) {.fusion-body .fusion-builder-column-3{width:100% !important;order : 0;}.fusion-builder-column-3 > .fusion-column-wrapper {margin-right : 1.92%;margin-left : 1.92%;}}@media only screen and (max-width:640px) {.fusion-body .fusion-builder-column-3{width:100% !important;order : 0;}.fusion-builder-column-3 > .fusion-column-wrapper {margin-right : 1.92%;margin-left : 1.92%;}}<\/style><\/div><\/div><style type=\"text\/css\">.fusion-body .fusion-flex-container.fusion-builder-row-3{ padding-top : 0px;margin-top : 0px;padding-right : 0px;padding-bottom : 0px;margin-bottom : 0px;padding-left : 0px;}<\/style><\/div><div class=\"fusion-fullwidth fullwidth-box fusion-builder-row-4 nonhundred-percent-fullwidth non-hundred-percent-height-scrolling\" style=\"background-color: rgba(255,255,255,0);background-position: center center;background-repeat: no-repeat;padding-top:0px;padding-right:0px;padding-bottom:0px;padding-left:0px;margin-bottom: 0%;margin-top: 0%;border-width: 0px 0px 0px 0px;border-color:#eae9e9;border-style:solid;\" ><div class=\"fusion-builder-row fusion-row\"><div class=\"fusion-layout-column fusion_builder_column fusion-builder-column-4 fusion_builder_column_1_1 1_1 fusion-one-full fusion-column-first fusion-column-last\" style=\"margin-top:20px;margin-bottom:20px;\"><div class=\"fusion-column-wrapper fusion-flex-column-wrapper-legacy\" style=\"background-position:left top;background-blend-mode: overlay;background-repeat:no-repeat;-webkit-background-size:cover;-moz-background-size:cover;-o-background-size:cover;background-size:cover;padding: 1% 0px 1% 0px;\"><div class=\"fusion-image-carousel fusion-image-carousel-auto fusion-image-carousel-1 lightbox-enabled\"><div class=\"fusion-carousel\" data-autoplay=\"yes\" data-columns=\"4\" data-itemmargin=\"10\" data-itemwidth=\"180\" data-touchscroll=\"no\" data-imagesize=\"auto\" data-scrollitems=\"1\"><div class=\"fusion-carousel-positioner\"><ul class=\"fusion-carousel-holder\"><li class=\"fusion-carousel-item\"><div class=\"fusion-carousel-item-wrapper\"><div class=\"fusion-image-wrapper hover-type-zoomin\"><a data-rel=\"iLightbox[image_carousel_1]\" data-title=\"Pavillon Putter House &#8211; S\u00e9jour\" aria-label=\"Pavillon Putter House &#8211; S\u00e9jour\" href=\"https:\/\/www.golfduvaudreuil.com\/segv_sitewp\/wp-content\/uploads\/2025\/01\/Pavillon-Putter-House_sejour-1-600x450.png\" target=\"_self\"><img decoding=\"async\" width=\"4032\" height=\"3024\" src=\"https:\/\/www.golfduvaudreuil.com\/segv_sitewp\/wp-content\/uploads\/2025\/01\/Pavillon-Putter-House_sejour-1.png\" class=\"attachment-full size-full\" alt=\"\" srcset=\"https:\/\/www.golfduvaudreuil.com\/segv_sitewp\/wp-content\/uploads\/2025\/01\/Pavillon-Putter-House_sejour-1-200x150.png 200w, https:\/\/www.golfduvaudreuil.com\/segv_sitewp\/wp-content\/uploads\/2025\/01\/Pavillon-Putter-House_sejour-1-400x300.png 400w, https:\/\/www.golfduvaudreuil.com\/segv_sitewp\/wp-content\/uploads\/2025\/01\/Pavillon-Putter-House_sejour-1-600x450.png 600w, https:\/\/www.golfduvaudreuil.com\/segv_sitewp\/wp-content\/uploads\/2025\/01\/Pavillon-Putter-House_sejour-1-800x600.png 800w, https:\/\/www.golfduvaudreuil.com\/segv_sitewp\/wp-content\/uploads\/2025\/01\/Pavillon-Putter-House_sejour-1-1200x900.png 1200w, https:\/\/www.golfduvaudreuil.com\/segv_sitewp\/wp-content\/uploads\/2025\/01\/Pavillon-Putter-House_sejour-1.png 4032w\" sizes=\"(min-width: 2200px) 100vw, (min-width: 724px) 383px, (min-width: 682px) 575px, (min-width: 640px) 682px, \" \/><\/a><\/div><\/div><\/li><li class=\"fusion-carousel-item\"><div class=\"fusion-carousel-item-wrapper\"><div class=\"fusion-image-wrapper hover-type-zoomin\"><a data-rel=\"iLightbox[image_carousel_1]\" data-title=\"Pavillon Putter House &#8211; Cuisine\" aria-label=\"Pavillon Putter House &#8211; Cuisine\" href=\"https:\/\/www.golfduvaudreuil.com\/segv_sitewp\/wp-content\/uploads\/2025\/01\/Pavillon-Putter-House_cuisine-600x800.png\" target=\"_self\"><img decoding=\"async\" width=\"3024\" height=\"4032\" src=\"https:\/\/www.golfduvaudreuil.com\/segv_sitewp\/wp-content\/uploads\/2025\/01\/Pavillon-Putter-House_cuisine.png\" class=\"attachment-full size-full\" alt=\"\" srcset=\"https:\/\/www.golfduvaudreuil.com\/segv_sitewp\/wp-content\/uploads\/2025\/01\/Pavillon-Putter-House_cuisine-200x267.png 200w, https:\/\/www.golfduvaudreuil.com\/segv_sitewp\/wp-content\/uploads\/2025\/01\/Pavillon-Putter-House_cuisine-400x533.png 400w, https:\/\/www.golfduvaudreuil.com\/segv_sitewp\/wp-content\/uploads\/2025\/01\/Pavillon-Putter-House_cuisine-600x800.png 600w, https:\/\/www.golfduvaudreuil.com\/segv_sitewp\/wp-content\/uploads\/2025\/01\/Pavillon-Putter-House_cuisine-800x1067.png 800w, https:\/\/www.golfduvaudreuil.com\/segv_sitewp\/wp-content\/uploads\/2025\/01\/Pavillon-Putter-House_cuisine-1200x1600.png 1200w, https:\/\/www.golfduvaudreuil.com\/segv_sitewp\/wp-content\/uploads\/2025\/01\/Pavillon-Putter-House_cuisine.png 3024w\" sizes=\"(min-width: 2200px) 100vw, (min-width: 724px) 383px, (min-width: 682px) 575px, (min-width: 640px) 682px, \" \/><\/a><\/div><\/div><\/li><li class=\"fusion-carousel-item\"><div class=\"fusion-carousel-item-wrapper\"><div class=\"fusion-image-wrapper hover-type-zoomin\"><a data-rel=\"iLightbox[image_carousel_1]\" data-title=\"Pavillon Putter House &#8211; Chambre RDC\" aria-label=\"Pavillon Putter House &#8211; Chambre RDC\" href=\"https:\/\/www.golfduvaudreuil.com\/segv_sitewp\/wp-content\/uploads\/2025\/01\/Pavillon-Putter-House_Chambre-600x450.png\" target=\"_self\"><img decoding=\"async\" width=\"3024\" height=\"2268\" src=\"https:\/\/www.golfduvaudreuil.com\/segv_sitewp\/wp-content\/uploads\/2025\/01\/Pavillon-Putter-House_Chambre.png\" class=\"attachment-full size-full\" alt=\"\" srcset=\"https:\/\/www.golfduvaudreuil.com\/segv_sitewp\/wp-content\/uploads\/2025\/01\/Pavillon-Putter-House_Chambre-200x150.png 200w, https:\/\/www.golfduvaudreuil.com\/segv_sitewp\/wp-content\/uploads\/2025\/01\/Pavillon-Putter-House_Chambre-400x300.png 400w, https:\/\/www.golfduvaudreuil.com\/segv_sitewp\/wp-content\/uploads\/2025\/01\/Pavillon-Putter-House_Chambre-600x450.png 600w, https:\/\/www.golfduvaudreuil.com\/segv_sitewp\/wp-content\/uploads\/2025\/01\/Pavillon-Putter-House_Chambre-800x600.png 800w, https:\/\/www.golfduvaudreuil.com\/segv_sitewp\/wp-content\/uploads\/2025\/01\/Pavillon-Putter-House_Chambre-1200x900.png 1200w, https:\/\/www.golfduvaudreuil.com\/segv_sitewp\/wp-content\/uploads\/2025\/01\/Pavillon-Putter-House_Chambre.png 3024w\" sizes=\"(min-width: 2200px) 100vw, (min-width: 724px) 383px, (min-width: 682px) 575px, (min-width: 640px) 682px, \" \/><\/a><\/div><\/div><\/li><\/ul><div class=\"fusion-carousel-nav\"><span class=\"fusion-nav-prev\"><\/span><span class=\"fusion-nav-next\"><\/span><\/div><\/div><\/div><\/div><div class=\"fusion-clearfix\"><\/div><\/div><\/div><\/div><\/div><div class=\"fusion-fullwidth fullwidth-box fusion-builder-row-5 hundred-percent-fullwidth non-hundred-percent-height-scrolling fusion-equal-height-columns\" style=\"background-color: rgba(255,255,255,0);background-position: center center;background-repeat: no-repeat;padding-top:0px;padding-right:15%;padding-bottom:0px;padding-left:15%;margin-bottom: 1%;border-width: 0px 0px 0px 0px;border-color:#eae9e9;border-style:solid;\" ><div class=\"fusion-builder-row fusion-row\"><div class=\"fusion-layout-column fusion_builder_column fusion-builder-column-5 fusion_builder_column_1_1 1_1 fusion-one-full fusion-column-first fusion-column-last\" style=\"margin-top:0px;margin-bottom:0px;\"><div class=\"fusion-column-wrapper fusion-flex-column-wrapper-legacy\" style=\"background-position:left top;background-blend-mode: overlay;background-repeat:no-repeat;-webkit-background-size:cover;-moz-background-size:cover;-o-background-size:cover;background-size:cover;background-color:rgba(134,185,216,0.1);padding: 0% 5% 0px 5%;\"><div class=\"fusion-column-content-centered\"><div class=\"fusion-column-content\"><style type=\"text\/css\"><\/style><div class=\"fusion-title title fusion-title-1 fusion-sep-none fusion-title-center fusion-title-text fusion-title-size-one\" style=\"font-size:24px;margin-top:0px;margin-right:0px;margin-bottom:10px;margin-left:0px;\"><h1 class=\"title-heading-center fusion-responsive-typography-calculated\" style=\"margin:0;font-size:1em;--fontSize:24;line-height:1.17;\">RENSEIGNEMENTS &amp; R\u00c9SERVATIONS<\/h1><\/div><div class=\"fusion-sep-clear\"><\/div><div class=\"fusion-separator\" style=\"margin-left: auto;margin-right: auto;margin-top:10px;margin-bottom:30px;width:100%;max-width:20%;\"><div class=\"fusion-separator-border sep-double sep-solid\" style=\"border-color:#3d5567;border-top-width:1px;border-bottom-width:1px;\"><\/div><\/div><div class=\"fusion-sep-clear\"><\/div><div class=\"fusion-text fusion-text-3\"><p style=\"text-align: center;\"><a style=\"color: #000000; font-size: 18px;\" href=\"tel:+33232590260\" data-fusion-font=\"true\">02 32 59 02 60<\/a> &#8211; <a style=\"font-family: var(--body_typography-font-family); font-style: var(--body_typography-font-style,normal); font-weight: var(--body_typography-font-weight); letter-spacing: var(--body_typography-letter-spacing); color: #000000; font-size: 18px;\" href=\"mailto:info@golfduvaudreuil.com?subject=Demande de renseignement pour le Pavillon Ryder Cup depuis le site.\" data-fusion-font=\"true\">info@golfduvaudreuil.com<\/a><\/p>\n<p style=\"text-align: center;\">\n<\/div><\/div><\/div><div class=\"fusion-clearfix\"><\/div><\/div><\/div><\/div><\/div><\/p>\n","protected":false},"excerpt":{"rendered":"","protected":false},"author":1,"featured_media":0,"parent":0,"menu_order":0,"comment_status":"closed","ping_status":"closed","template":"100-width.php","meta":{"footnotes":""},"class_list":["post-3997","page","type-page","status-publish","hentry"],"_links":{"self":[{"href":"https:\/\/www.golfduvaudreuil.com\/en\/wp-json\/wp\/v2\/pages\/3997","targetHints":{"allow":["GET"]}}],"collection":[{"href":"https:\/\/www.golfduvaudreuil.com\/en\/wp-json\/wp\/v2\/pages"}],"about":[{"href":"https:\/\/www.golfduvaudreuil.com\/en\/wp-json\/wp\/v2\/types\/page"}],"author":[{"embeddable":true,"href":"https:\/\/www.golfduvaudreuil.com\/en\/wp-json\/wp\/v2\/users\/1"}],"replies":[{"embeddable":true,"href":"https:\/\/www.golfduvaudreuil.com\/en\/wp-json\/wp\/v2\/comments?post=3997"}],"version-history":[{"count":54,"href":"https:\/\/www.golfduvaudreuil.com\/en\/wp-json\/wp\/v2\/pages\/3997\/revisions"}],"predecessor-version":[{"id":8366,"href":"https:\/\/www.golfduvaudreuil.com\/en\/wp-json\/wp\/v2\/pages\/3997\/revisions\/8366"}],"wp:attachment":[{"href":"https:\/\/www.golfduvaudreuil.com\/en\/wp-json\/wp\/v2\/media?parent=3997"}],"curies":[{"name":"wp","href":"https:\/\/api.w.org\/{rel}","templated":true}]}}