{"id":7521,"date":"2025-08-19T08:49:53","date_gmt":"2025-08-19T06:49:53","guid":{"rendered":"https:\/\/www.golfduvaudreuil.com\/?page_id=7521"},"modified":"2025-08-27T13:18:59","modified_gmt":"2025-08-27T11:18:59","slug":"debuter-le-golf","status":"publish","type":"page","link":"https:\/\/www.golfduvaudreuil.com\/en\/debuter-le-golf\/","title":{"rendered":"D\u00e9buter le golf"},"content":{"rendered":"<div class=\"fusion-fullwidth fullwidth-box fusion-builder-row-1 fusion-flex-container nonhundred-percent-fullwidth non-hundred-percent-height-scrolling\" style=\"background-color: rgba(255,255,255,0);background-position: center center;background-repeat: no-repeat;border-width: 0px 0px 0px 0px;border-color:#eae9e9;border-style:solid;\" ><div class=\"fusion-builder-row fusion-row fusion-flex-align-items-flex-start\" style=\"max-width:1216.8px;margin-left: calc(-4% \/ 2 );margin-right: calc(-4% \/ 2 );\"><div class=\"fusion-layout-column fusion_builder_column fusion-builder-column-0 fusion_builder_column_1_1 1_1 fusion-flex-column\"><div class=\"fusion-column-wrapper fusion-flex-justify-content-flex-start fusion-content-layout-column\" style=\"background-position:left top;background-repeat:no-repeat;-webkit-background-size:cover;-moz-background-size:cover;-o-background-size:cover;background-size:cover;padding: 0px 0px 0px 0px;\"><div style=\"text-align:center;\"><style>.fusion-imageframe.imageframe-1{ margin-top : 0px;}<\/style><span class=\"fusion-imageframe imageframe-none imageframe-1 hover-type-none\"><img data-dominant-color=\"a07746\" data-has-transparency=\"false\" style=\"--dominant-color: #a07746;\" decoding=\"async\" width=\"1350\" height=\"600\" title=\"Banni\u00e8re initiations\" src=\"https:\/\/www.golfduvaudreuil.com\/segv_sitewp\/wp-content\/uploads\/2025\/08\/Banniere-initiations.webp\" alt class=\"img-responsive wp-image-7616 not-transparent\" srcset=\"https:\/\/www.golfduvaudreuil.com\/segv_sitewp\/wp-content\/uploads\/2025\/08\/Banniere-initiations-200x89.webp 200w, https:\/\/www.golfduvaudreuil.com\/segv_sitewp\/wp-content\/uploads\/2025\/08\/Banniere-initiations-300x133.webp 300w, https:\/\/www.golfduvaudreuil.com\/segv_sitewp\/wp-content\/uploads\/2025\/08\/Banniere-initiations-400x178.webp 400w, https:\/\/www.golfduvaudreuil.com\/segv_sitewp\/wp-content\/uploads\/2025\/08\/Banniere-initiations-600x267.webp 600w, https:\/\/www.golfduvaudreuil.com\/segv_sitewp\/wp-content\/uploads\/2025\/08\/Banniere-initiations-768x341.webp 768w, https:\/\/www.golfduvaudreuil.com\/segv_sitewp\/wp-content\/uploads\/2025\/08\/Banniere-initiations-800x356.webp 800w, https:\/\/www.golfduvaudreuil.com\/segv_sitewp\/wp-content\/uploads\/2025\/08\/Banniere-initiations-1024x455.webp 1024w, https:\/\/www.golfduvaudreuil.com\/segv_sitewp\/wp-content\/uploads\/2025\/08\/Banniere-initiations-1200x533.webp 1200w, https:\/\/www.golfduvaudreuil.com\/segv_sitewp\/wp-content\/uploads\/2025\/08\/Banniere-initiations.webp 1350w\" sizes=\"(max-width: 679px) 100vw, (max-width: 640px) 100vw, 1200px\" \/><\/span><\/div><\/div><style type=\"text\/css\">.fusion-body .fusion-builder-column-0{width:100% !important;margin-top : 20px;margin-bottom : 20px;}.fusion-builder-column-0 > .fusion-column-wrapper {padding-top : 0px !important;padding-right : 0px !important;margin-right : 1.92%;padding-bottom : 0px !important;padding-left : 0px !important;margin-left : 1.92%;}@media only screen and (max-width:679px) {.fusion-body .fusion-builder-column-0{width:100% !important;order : 0;}.fusion-builder-column-0 > .fusion-column-wrapper {margin-right : 1.92%;margin-left : 1.92%;}}@media only screen and (max-width:640px) {.fusion-body .fusion-builder-column-0{width:100% !important;order : 0;}.fusion-builder-column-0 > .fusion-column-wrapper {margin-right : 1.92%;margin-left : 1.92%;}}<\/style><\/div><div class=\"fusion-layout-column fusion_builder_column fusion-builder-column-1 fusion_builder_column_1_2 1_2 fusion-flex-column\"><div class=\"fusion-column-wrapper fusion-flex-justify-content-flex-start fusion-content-layout-column\" style=\"background-position:left top;background-repeat:no-repeat;-webkit-background-size:cover;-moz-background-size:cover;-o-background-size:cover;background-size:cover;background-color:#ffffff;padding: 0px 0px 0px 0px;\"><div class=\"fusion-text fusion-text-1\" style=\"margin-top:20px;\"><h1 class=\"\" style=\"--fontsize: 38; line-height: 1.2;\" data-fontsize=\"38\" data-lineheight=\"45.6px\"><\/h1>\n<h1 class=\"\" style=\"--fontsize: 38; line-height: 1.2;\" data-fontsize=\"38\" data-lineheight=\"45.6px\"><\/h1>\n<h1 class=\"\" style=\"--fontsize: 38; line-height: 1.2;\" data-fontsize=\"38\" data-lineheight=\"45.6px\">D\u00e9butez le golf !<\/h1>\n<\/div><div class=\"fusion-text fusion-text-2\"><h5 data-start=\"123\" data-end=\"302\">Vous r\u00eavez de d\u00e9buter le golf \u00e0 votre rythme, dans une ambiance conviviale et un cadre d\u2019exception ?<\/h5>\n<h2 data-start=\"123\" data-end=\"302\">La <strong data-start=\"229\" data-end=\"251\">First Golf Academy<\/strong> du Golf PGA France du Vaudreuil est faite pour vous !<\/h2>\n<h2 data-start=\"304\" data-end=\"353\">Pendant un an, progressez sereinement gr\u00e2ce \u00e0 :<\/h2>\n<ul data-start=\"354\" data-end=\"562\">\n<li data-start=\"354\" data-end=\"438\">\n<h2 data-start=\"356\" data-end=\"438\">des <strong data-start=\"360\" data-end=\"390\">cours collectifs illimit\u00e9s*<\/strong> pour apprendre \u00e0 votre rythme,<\/h2>\n<\/li>\n<li data-start=\"439\" data-end=\"479\">\n<h2 data-start=\"441\" data-end=\"479\"><strong>1\/2 s\u00e9rie de clubs offerte<\/strong> pour d\u00e9marrer avec du bon mat\u00e9riel,<\/h2>\n<\/li>\n<li>\n<h2><span class=\"a_GcMg font-feature-liga-off font-feature-clig-off font-feature-calt-off text-decoration-none text-strikethrough-none\"><strong>30 seaux de balles inclus<\/strong> pour vous exercer en toute libert\u00e9,<\/span><\/h2>\n<\/li>\n<li data-start=\"480\" data-end=\"562\">\n<h2 data-start=\"482\" data-end=\"562\">l\u2019<strong data-start=\"484\" data-end=\"505\">acc\u00e8s au parcours<\/strong> pour vivre pleinement vos premi\u00e8res sensations de jeu.<\/h2>\n<\/li>\n<\/ul>\n<h2 data-start=\"564\" data-end=\"817\"><em><span class=\"a_GcMg font-feature-liga-off font-feature-clig-off font-feature-calt-off text-decoration-none text-strikethrough-none\">*Cours collectifs assur\u00e9s par un enseignant professionnel ou l\u2019\u00e9l\u00e8ve moniteur sous sa responsabilit\u00e9. Engagement d&rsquo;un an.<\/span><\/em><\/h2>\n<\/div><\/div><style type=\"text\/css\">.fusion-body .fusion-builder-column-1{width:50% !important;margin-top : 20px;margin-bottom : 20px;}.fusion-builder-column-1 > .fusion-column-wrapper {padding-top : 0px !important;padding-right : 0px !important;margin-right : 3.84%;padding-bottom : 0px !important;padding-left : 0px !important;margin-left : 3.84%;}@media only screen and (max-width:679px) {.fusion-body .fusion-builder-column-1{width:100% !important;order : 0;}.fusion-builder-column-1 > .fusion-column-wrapper {margin-right : 1.92%;margin-left : 1.92%;}}@media only screen and (max-width:640px) {.fusion-body .fusion-builder-column-1{width:100% !important;order : 0;}.fusion-builder-column-1 > .fusion-column-wrapper {margin-right : 1.92%;margin-left : 1.92%;}}<\/style><\/div><div class=\"fusion-layout-column fusion_builder_column fusion-builder-column-2 fusion_builder_column_1_2 1_2 fusion-flex-column\"><div class=\"fusion-column-wrapper fusion-flex-justify-content-flex-start fusion-content-layout-column\" style=\"background-position:left top;background-repeat:no-repeat;-webkit-background-size:cover;-moz-background-size:cover;-o-background-size:cover;background-size:cover;background-color:#ffffff;padding: 0px 0px 0px 0px;\"><div ><span class=\"fusion-imageframe imageframe-none imageframe-2 hover-type-none\"><img data-dominant-color=\"f3ebe1\" data-has-transparency=\"false\" style=\"--dominant-color: #f3ebe1;\" decoding=\"async\" width=\"1080\" height=\"1150\" title=\"POST CALENDRIER COMPET INSTA (1080 x 1150 px)\" src=\"https:\/\/www.golfduvaudreuil.com\/segv_sitewp\/wp-content\/uploads\/2025\/08\/POST-CALENDRIER-COMPET-INSTA-1080-x-1150-px-2.webp\" alt class=\"img-responsive wp-image-7618 not-transparent\" srcset=\"https:\/\/www.golfduvaudreuil.com\/segv_sitewp\/wp-content\/uploads\/2025\/08\/POST-CALENDRIER-COMPET-INSTA-1080-x-1150-px-2-200x213.webp 200w, https:\/\/www.golfduvaudreuil.com\/segv_sitewp\/wp-content\/uploads\/2025\/08\/POST-CALENDRIER-COMPET-INSTA-1080-x-1150-px-2-282x300.webp 282w, https:\/\/www.golfduvaudreuil.com\/segv_sitewp\/wp-content\/uploads\/2025\/08\/POST-CALENDRIER-COMPET-INSTA-1080-x-1150-px-2-400x426.webp 400w, https:\/\/www.golfduvaudreuil.com\/segv_sitewp\/wp-content\/uploads\/2025\/08\/POST-CALENDRIER-COMPET-INSTA-1080-x-1150-px-2-600x639.webp 600w, https:\/\/www.golfduvaudreuil.com\/segv_sitewp\/wp-content\/uploads\/2025\/08\/POST-CALENDRIER-COMPET-INSTA-1080-x-1150-px-2-768x818.webp 768w, https:\/\/www.golfduvaudreuil.com\/segv_sitewp\/wp-content\/uploads\/2025\/08\/POST-CALENDRIER-COMPET-INSTA-1080-x-1150-px-2-800x852.webp 800w, https:\/\/www.golfduvaudreuil.com\/segv_sitewp\/wp-content\/uploads\/2025\/08\/POST-CALENDRIER-COMPET-INSTA-1080-x-1150-px-2-962x1024.webp 962w, https:\/\/www.golfduvaudreuil.com\/segv_sitewp\/wp-content\/uploads\/2025\/08\/POST-CALENDRIER-COMPET-INSTA-1080-x-1150-px-2.webp 1080w\" sizes=\"(max-width: 679px) 100vw, (max-width: 640px) 100vw, 600px\" \/><\/span><\/div><\/div><style type=\"text\/css\">.fusion-body .fusion-builder-column-2{width:50% !important;margin-top : 20px;margin-bottom : 20px;}.fusion-builder-column-2 > .fusion-column-wrapper {padding-top : 0px !important;padding-right : 0px !important;margin-right : 3.84%;padding-bottom : 0px !important;padding-left : 0px !important;margin-left : 3.84%;}@media only screen and (max-width:679px) {.fusion-body .fusion-builder-column-2{width:100% !important;order : 0;}.fusion-builder-column-2 > .fusion-column-wrapper {margin-right : 1.92%;margin-left : 1.92%;}}@media only screen and (max-width:640px) {.fusion-body .fusion-builder-column-2{width:100% !important;order : 0;}.fusion-builder-column-2 > .fusion-column-wrapper {margin-right : 1.92%;margin-left : 1.92%;}}<\/style><\/div><div class=\"fusion-layout-column fusion_builder_column fusion-builder-column-3 fusion_builder_column_1_1 1_1 fusion-flex-column fusion-flex-align-self-flex-start\"><div class=\"fusion-column-wrapper fusion-flex-justify-content-flex-start fusion-content-layout-column\" style=\"background-position:left top;background-repeat:no-repeat;-webkit-background-size:cover;-moz-background-size:cover;-o-background-size:cover;background-size:cover;padding: 0px 0px 0px 0px;\"><div class=\"fusion-text fusion-text-3\"><h5 style=\"text-align: center; --fontSize: 26; line-height: 1.4;\" data-start=\"564\" data-end=\"817\" data-fontsize=\"26\" data-lineheight=\"36.4px\" class=\"fusion-responsive-typography-calculated\">Envie d&rsquo;essayer avant de vous engager ? Optez pour la formule \u00ab\u00a0<strong data-start=\"709\" data-end=\"722\">Go for Golf\u00a0\u00bb<\/strong> !<br \/>\nTestez l\u2019exp\u00e9rience pendant<strong data-start=\"753\" data-end=\"788\"> 1, 2 ou 3 mois, sans engagement<\/strong>, avant de franchir le pas.<\/h5>\n<p style=\"text-align: center;\"><em><span style=\"color: rgb(67, 86, 94);\"><b data-fusion-font=\"true\" style=\"font-size: 17px;\">Acc\u00e8s illimit\u00e9 <\/b><\/span><\/em><em style=\"background-color: rgba(255, 255, 255, 0);\"><span style=\"color: rgb(67, 86, 94);\"><b data-fusion-font=\"true\" style=\"font-size: 17px;\">aux cours collectifs , 10 seaux de practice offerts et pr\u00eat de clubs lors des le\u00e7ons.<\/b><\/span><\/em><\/p>\n<\/div><div class=\"fusion-text fusion-text-4\"><p style=\"color: rgb(255, 255, 255);\">#golfd\u00e9butant #apprendrelegolf #d\u00e9buterlegolf<\/p>\n<\/div><\/div><style type=\"text\/css\">.fusion-body .fusion-builder-column-3{width:100% !important;margin-top : 20px;margin-bottom : 20px;}.fusion-builder-column-3 > .fusion-column-wrapper {padding-top : 0px !important;padding-right : 0px !important;margin-right : 1.92%;padding-bottom : 0px !important;padding-left : 0px !important;margin-left : 1.92%;}@media only screen and (max-width:679px) {.fusion-body .fusion-builder-column-3{width:100% !important;order : 0;}.fusion-builder-column-3 > .fusion-column-wrapper {margin-right : 1.92%;margin-left : 1.92%;}}@media only screen and (max-width:640px) {.fusion-body .fusion-builder-column-3{width:100% !important;order : 0;}.fusion-builder-column-3 > .fusion-column-wrapper {margin-right : 1.92%;margin-left : 1.92%;}}<\/style><\/div><\/div><style type=\"text\/css\">.fusion-body .fusion-flex-container.fusion-builder-row-1{ padding-top : 0px;margin-top : 0px;padding-right : 0px;padding-bottom : 0px;margin-bottom : 0px;padding-left : 0px;}<\/style><\/div>","protected":false},"excerpt":{"rendered":"","protected":false},"author":5,"featured_media":0,"parent":0,"menu_order":0,"comment_status":"closed","ping_status":"closed","template":"","meta":{"footnotes":""},"class_list":["post-7521","page","type-page","status-publish","hentry"],"_links":{"self":[{"href":"https:\/\/www.golfduvaudreuil.com\/en\/wp-json\/wp\/v2\/pages\/7521","targetHints":{"allow":["GET"]}}],"collection":[{"href":"https:\/\/www.golfduvaudreuil.com\/en\/wp-json\/wp\/v2\/pages"}],"about":[{"href":"https:\/\/www.golfduvaudreuil.com\/en\/wp-json\/wp\/v2\/types\/page"}],"author":[{"embeddable":true,"href":"https:\/\/www.golfduvaudreuil.com\/en\/wp-json\/wp\/v2\/users\/5"}],"replies":[{"embeddable":true,"href":"https:\/\/www.golfduvaudreuil.com\/en\/wp-json\/wp\/v2\/comments?post=7521"}],"version-history":[{"count":50,"href":"https:\/\/www.golfduvaudreuil.com\/en\/wp-json\/wp\/v2\/pages\/7521\/revisions"}],"predecessor-version":[{"id":7655,"href":"https:\/\/www.golfduvaudreuil.com\/en\/wp-json\/wp\/v2\/pages\/7521\/revisions\/7655"}],"wp:attachment":[{"href":"https:\/\/www.golfduvaudreuil.com\/en\/wp-json\/wp\/v2\/media?parent=7521"}],"curies":[{"name":"wp","href":"https:\/\/api.w.org\/{rel}","templated":true}]}}