{"id":7736,"date":"2025-09-15T14:56:57","date_gmt":"2025-09-15T12:56:57","guid":{"rendered":"https:\/\/www.golfduvaudreuil.com\/?page_id=7736"},"modified":"2025-09-15T16:39:33","modified_gmt":"2025-09-15T14:39:33","slug":"ecole-de-golf-normandie","status":"publish","type":"page","link":"https:\/\/www.golfduvaudreuil.com\/en\/ecole-de-golf-normandie\/","title":{"rendered":"\u00c9cole de golf"},"content":{"rendered":"<div class=\"fusion-fullwidth fullwidth-box fusion-builder-row-1 fusion-flex-container nonhundred-percent-fullwidth non-hundred-percent-height-scrolling\" style=\"background-color: rgba(255,255,255,0);background-position: center center;background-repeat: no-repeat;border-width: 0px 0px 0px 0px;border-color:#eae9e9;border-style:solid;\" ><div class=\"fusion-builder-row fusion-row fusion-flex-align-items-flex-start\" style=\"max-width:1216.8px;margin-left: calc(-4% \/ 2 );margin-right: calc(-4% \/ 2 );\"><div class=\"fusion-layout-column fusion_builder_column fusion-builder-column-0 fusion_builder_column_1_1 1_1 fusion-flex-column fusion-flex-align-self-flex-start\"><div class=\"fusion-column-wrapper fusion-flex-justify-content-flex-start fusion-content-layout-column\" style=\"background-position:left top;background-repeat:no-repeat;-webkit-background-size:cover;-moz-background-size:cover;-o-background-size:cover;background-size:cover;padding: 0px 0px 0px 0px;\"><div style=\"text-align:center;\"><style>.fusion-imageframe.imageframe-1{ margin-top : 0px;}<\/style><span class=\"fusion-imageframe imageframe-none imageframe-1 hover-type-none\"><img data-dominant-color=\"73876a\" data-has-transparency=\"false\" style=\"--dominant-color: #73876a;\" decoding=\"async\" width=\"1350\" height=\"600\" title=\"Banni\u00e8re initiations (2)\" src=\"https:\/\/www.golfduvaudreuil.com\/segv_sitewp\/wp-content\/uploads\/2025\/09\/Banniere-initiations-2.webp\" alt class=\"img-responsive wp-image-7788 not-transparent\" srcset=\"https:\/\/www.golfduvaudreuil.com\/segv_sitewp\/wp-content\/uploads\/2025\/09\/Banniere-initiations-2-200x89.webp 200w, https:\/\/www.golfduvaudreuil.com\/segv_sitewp\/wp-content\/uploads\/2025\/09\/Banniere-initiations-2-300x133.webp 300w, https:\/\/www.golfduvaudreuil.com\/segv_sitewp\/wp-content\/uploads\/2025\/09\/Banniere-initiations-2-400x178.webp 400w, https:\/\/www.golfduvaudreuil.com\/segv_sitewp\/wp-content\/uploads\/2025\/09\/Banniere-initiations-2-600x267.webp 600w, https:\/\/www.golfduvaudreuil.com\/segv_sitewp\/wp-content\/uploads\/2025\/09\/Banniere-initiations-2-768x341.webp 768w, https:\/\/www.golfduvaudreuil.com\/segv_sitewp\/wp-content\/uploads\/2025\/09\/Banniere-initiations-2-800x356.webp 800w, https:\/\/www.golfduvaudreuil.com\/segv_sitewp\/wp-content\/uploads\/2025\/09\/Banniere-initiations-2-1024x455.webp 1024w, https:\/\/www.golfduvaudreuil.com\/segv_sitewp\/wp-content\/uploads\/2025\/09\/Banniere-initiations-2-1200x533.webp 1200w, https:\/\/www.golfduvaudreuil.com\/segv_sitewp\/wp-content\/uploads\/2025\/09\/Banniere-initiations-2.webp 1350w\" sizes=\"(max-width: 679px) 100vw, (max-width: 640px) 100vw, 1200px\" \/><\/span><\/div><\/div><style type=\"text\/css\">.fusion-body .fusion-builder-column-0{width:100% !important;margin-top : 20px;margin-bottom : 20px;}.fusion-builder-column-0 > .fusion-column-wrapper {padding-top : 0px !important;padding-right : 0px !important;margin-right : 1.92%;padding-bottom : 0px !important;padding-left : 0px !important;margin-left : 1.92%;}@media only screen and (max-width:679px) {.fusion-body .fusion-builder-column-0{width:100% !important;order : 0;}.fusion-builder-column-0 > .fusion-column-wrapper {margin-right : 1.92%;margin-left : 1.92%;}}@media only screen and (max-width:640px) {.fusion-body .fusion-builder-column-0{width:100% !important;order : 0;}.fusion-builder-column-0 > .fusion-column-wrapper {margin-right : 1.92%;margin-left : 1.92%;}}<\/style><\/div><div class=\"fusion-layout-column fusion_builder_column fusion-builder-column-1 fusion_builder_column_1_2 1_2 fusion-flex-column\"><div class=\"fusion-column-wrapper fusion-flex-justify-content-flex-start fusion-content-layout-column\" style=\"background-position:left top;background-repeat:no-repeat;-webkit-background-size:cover;-moz-background-size:cover;-o-background-size:cover;background-size:cover;background-color:#ffffff;padding: 0px 0px 0px 0px;\"><div class=\"fusion-text fusion-text-1\"><h4 class=\"fusion-responsive-typography-calculated\" style=\"--fontsize: 24; line-height: 1.33; font-size: 23px;\" data-fontsize=\"24\" data-lineheight=\"31.92px\" data-fusion-font=\"true\"><b>\u00c0 la recherche d\u2019une activit\u00e9 sportive conviviale, ludique et \u00e9ducative pour vos enfants cette ann\u00e9e ? Pensez \u00e0 l\u2019\u00e9cole de golf !<\/b><\/h4>\n<h2 class=\"fusion-responsive-typography-calculated\" style=\"text-align: justify; --fontsize: 16; line-height: 1.5; --minfontsize: 16; font-size: 18px;\" data-fontsize=\"16\" data-lineheight=\"24px\" data-fusion-font=\"true\">Que ce soit pour d\u00e9couvrir le golf ou se perfectionner, vos enfants de 5 \u00e0 17 ans seront accompagn\u00e9s par notre \u00e9quipe passionn\u00e9e, chaque mercredi, samedi et dimanche.<\/h2>\n<h4 style=\"text-align: center; --fontsize: 16; line-height: 1.5; --minfontsize: 16; font-size: 18px;\"><em style=\"font-size: 16px;\"><strong>Bonus :<\/strong><br \/>\n<\/em><em style=\"color: #3d5567; font-family: Montserrat, 'Trebuchet MS', Helvetica, sans-serif; font-size: 16px;\">Les s\u00e9ances sont offertes jusqu\u2019aux vacances de la Toussaint<br \/>\n<\/em><em style=\"color: #3d5567; font-family: Montserrat, 'Trebuchet MS', Helvetica, sans-serif; font-size: 16px;\">afin de tester avant de s\u2019engager.<\/em><\/h4>\n<\/div><\/div><style type=\"text\/css\">.fusion-body .fusion-builder-column-1{width:50% !important;margin-top : 20px;margin-bottom : 20px;}.fusion-builder-column-1 > .fusion-column-wrapper {padding-top : 0px !important;padding-right : 0px !important;margin-right : 3.84%;padding-bottom : 0px !important;padding-left : 0px !important;margin-left : 3.84%;}@media only screen and (max-width:679px) {.fusion-body .fusion-builder-column-1{width:100% !important;order : 0;}.fusion-builder-column-1 > .fusion-column-wrapper {margin-right : 1.92%;margin-left : 1.92%;}}@media only screen and (max-width:640px) {.fusion-body .fusion-builder-column-1{width:100% !important;order : 0;}.fusion-builder-column-1 > .fusion-column-wrapper {margin-right : 1.92%;margin-left : 1.92%;}}<\/style><\/div><div class=\"fusion-layout-column fusion_builder_column fusion-builder-column-2 fusion_builder_column_1_2 1_2 fusion-flex-column\"><div class=\"fusion-column-wrapper fusion-flex-justify-content-flex-start fusion-content-layout-column\" style=\"background-position:left top;background-repeat:no-repeat;-webkit-background-size:cover;-moz-background-size:cover;-o-background-size:cover;background-size:cover;background-color:#ffffff;padding: 0px 0px 0px 0px;\"><div ><style>.fusion-imageframe.imageframe-2{ margin-top : 0px;}<\/style><span class=\"fusion-imageframe imageframe-none imageframe-2 hover-type-none\"><img data-dominant-color=\"e3e5e3\" data-has-transparency=\"false\" style=\"--dominant-color: #e3e5e3;\" decoding=\"async\" width=\"1080\" height=\"585\" title=\"Visuel site FGA et GO FOR GOLF\" src=\"https:\/\/www.golfduvaudreuil.com\/segv_sitewp\/wp-content\/uploads\/2025\/09\/Visuel-site-FGA-et-GO-FOR-GOLF-e1757944370841.webp\" alt class=\"img-responsive wp-image-7758 not-transparent\" srcset=\"https:\/\/www.golfduvaudreuil.com\/segv_sitewp\/wp-content\/uploads\/2025\/09\/Visuel-site-FGA-et-GO-FOR-GOLF-e1757944370841-200x108.webp 200w, https:\/\/www.golfduvaudreuil.com\/segv_sitewp\/wp-content\/uploads\/2025\/09\/Visuel-site-FGA-et-GO-FOR-GOLF-e1757944370841-300x163.webp 300w, https:\/\/www.golfduvaudreuil.com\/segv_sitewp\/wp-content\/uploads\/2025\/09\/Visuel-site-FGA-et-GO-FOR-GOLF-e1757944370841-400x217.webp 400w, https:\/\/www.golfduvaudreuil.com\/segv_sitewp\/wp-content\/uploads\/2025\/09\/Visuel-site-FGA-et-GO-FOR-GOLF-e1757944370841-600x325.webp 600w, https:\/\/www.golfduvaudreuil.com\/segv_sitewp\/wp-content\/uploads\/2025\/09\/Visuel-site-FGA-et-GO-FOR-GOLF-e1757944370841-768x416.webp 768w, https:\/\/www.golfduvaudreuil.com\/segv_sitewp\/wp-content\/uploads\/2025\/09\/Visuel-site-FGA-et-GO-FOR-GOLF-e1757944370841-800x433.webp 800w, https:\/\/www.golfduvaudreuil.com\/segv_sitewp\/wp-content\/uploads\/2025\/09\/Visuel-site-FGA-et-GO-FOR-GOLF-e1757944370841-1024x555.webp 1024w, https:\/\/www.golfduvaudreuil.com\/segv_sitewp\/wp-content\/uploads\/2025\/09\/Visuel-site-FGA-et-GO-FOR-GOLF-e1757944370841.webp 1080w\" sizes=\"(max-width: 679px) 100vw, (max-width: 640px) 100vw, 600px\" \/><\/span><\/div><\/div><style type=\"text\/css\">.fusion-body .fusion-builder-column-2{width:50% !important;margin-top : 20px;margin-bottom : 20px;}.fusion-builder-column-2 > .fusion-column-wrapper {padding-top : 0px !important;padding-right : 0px !important;margin-right : 3.84%;padding-bottom : 0px !important;padding-left : 0px !important;margin-left : 3.84%;}@media only screen and (max-width:679px) {.fusion-body .fusion-builder-column-2{width:100% !important;order : 0;}.fusion-builder-column-2 > .fusion-column-wrapper {margin-right : 1.92%;margin-left : 1.92%;}}@media only screen and (max-width:640px) {.fusion-body .fusion-builder-column-2{width:100% !important;order : 0;}.fusion-builder-column-2 > .fusion-column-wrapper {margin-right : 1.92%;margin-left : 1.92%;}}<\/style><\/div><div class=\"fusion-layout-column fusion_builder_column fusion-builder-column-3 fusion_builder_column_1_1 1_1 fusion-flex-column fusion-flex-align-self-flex-start\"><div class=\"fusion-column-wrapper fusion-flex-justify-content-flex-start fusion-content-layout-column\" style=\"background-position:left top;background-repeat:no-repeat;-webkit-background-size:cover;-moz-background-size:cover;-o-background-size:cover;background-size:cover;padding: 0px 0px 0px 0px;\"><div ><span class=\"fusion-imageframe imageframe-none imageframe-3 hover-type-none\"><img data-dominant-color=\"dae3e1\" data-has-transparency=\"false\" style=\"--dominant-color: #dae3e1;\" decoding=\"async\" width=\"1584\" height=\"434\" title=\"Banni\u00e8res\" src=\"https:\/\/www.golfduvaudreuil.com\/segv_sitewp\/wp-content\/uploads\/2025\/09\/Bannieres.webp\" alt class=\"img-responsive wp-image-7764 not-transparent\" srcset=\"https:\/\/www.golfduvaudreuil.com\/segv_sitewp\/wp-content\/uploads\/2025\/09\/Bannieres-200x55.webp 200w, https:\/\/www.golfduvaudreuil.com\/segv_sitewp\/wp-content\/uploads\/2025\/09\/Bannieres-300x82.webp 300w, https:\/\/www.golfduvaudreuil.com\/segv_sitewp\/wp-content\/uploads\/2025\/09\/Bannieres-400x110.webp 400w, https:\/\/www.golfduvaudreuil.com\/segv_sitewp\/wp-content\/uploads\/2025\/09\/Bannieres-600x164.webp 600w, https:\/\/www.golfduvaudreuil.com\/segv_sitewp\/wp-content\/uploads\/2025\/09\/Bannieres-768x210.webp 768w, https:\/\/www.golfduvaudreuil.com\/segv_sitewp\/wp-content\/uploads\/2025\/09\/Bannieres-800x219.webp 800w, https:\/\/www.golfduvaudreuil.com\/segv_sitewp\/wp-content\/uploads\/2025\/09\/Bannieres-1024x281.webp 1024w, https:\/\/www.golfduvaudreuil.com\/segv_sitewp\/wp-content\/uploads\/2025\/09\/Bannieres-1200x329.webp 1200w, https:\/\/www.golfduvaudreuil.com\/segv_sitewp\/wp-content\/uploads\/2025\/09\/Bannieres-1536x421.webp 1536w, https:\/\/www.golfduvaudreuil.com\/segv_sitewp\/wp-content\/uploads\/2025\/09\/Bannieres.webp 1584w\" sizes=\"(max-width: 679px) 100vw, (max-width: 640px) 100vw, 1200px\" \/><\/span><\/div><div class=\"fusion-text fusion-text-2\"><h2 style=\"text-align: center;\">Contactez nous au 02 32 59 02 60 ou par mail info@golfduvaudreuil.com,<br \/>\nou venez nous rendre visite au club !<\/h2>\n<\/div><\/div><style type=\"text\/css\">.fusion-body .fusion-builder-column-3{width:100% !important;margin-top : 20px;margin-bottom : 20px;}.fusion-builder-column-3 > .fusion-column-wrapper {padding-top : 0px !important;padding-right : 0px !important;margin-right : 1.92%;padding-bottom : 0px !important;padding-left : 0px !important;margin-left : 1.92%;}@media only screen and (max-width:679px) {.fusion-body .fusion-builder-column-3{width:100% !important;order : 0;}.fusion-builder-column-3 > .fusion-column-wrapper {margin-right : 1.92%;margin-left : 1.92%;}}@media only screen and (max-width:640px) {.fusion-body .fusion-builder-column-3{width:100% !important;order : 0;}.fusion-builder-column-3 > .fusion-column-wrapper {margin-right : 1.92%;margin-left : 1.92%;}}<\/style><\/div><div class=\"fusion-layout-column fusion_builder_column fusion-builder-column-4 fusion_builder_column_1_1 1_1 fusion-flex-column fusion-flex-align-self-flex-start\"><div class=\"fusion-column-wrapper fusion-flex-justify-content-flex-start fusion-content-layout-column\" style=\"background-position:left top;background-repeat:no-repeat;-webkit-background-size:cover;-moz-background-size:cover;-o-background-size:cover;background-size:cover;padding: 0px 0px 0px 0px;\"><div class=\"fusion-text fusion-text-3\"><p style=\"color: #ffffff;\">#ecoledegolf #golfenfant #d\u00e9buterlegolf #golfenfantnormandie<\/p>\n<\/div><\/div><style type=\"text\/css\">.fusion-body .fusion-builder-column-4{width:100% !important;margin-top : 20px;margin-bottom : 20px;}.fusion-builder-column-4 > .fusion-column-wrapper {padding-top : 0px !important;padding-right : 0px !important;margin-right : 1.92%;padding-bottom : 0px !important;padding-left : 0px !important;margin-left : 1.92%;}@media only screen and (max-width:679px) {.fusion-body .fusion-builder-column-4{width:100% !important;order : 0;}.fusion-builder-column-4 > .fusion-column-wrapper {margin-right : 1.92%;margin-left : 1.92%;}}@media only screen and (max-width:640px) {.fusion-body .fusion-builder-column-4{width:100% !important;order : 0;}.fusion-builder-column-4 > .fusion-column-wrapper {margin-right : 1.92%;margin-left : 1.92%;}}<\/style><\/div><\/div><style type=\"text\/css\">.fusion-body .fusion-flex-container.fusion-builder-row-1{ padding-top : 0px;margin-top : 0px;padding-right : 0px;padding-bottom : 0px;margin-bottom : 0px;padding-left : 0px;}<\/style><\/div>","protected":false},"excerpt":{"rendered":"","protected":false},"author":5,"featured_media":0,"parent":0,"menu_order":0,"comment_status":"closed","ping_status":"closed","template":"","meta":{"footnotes":""},"class_list":["post-7736","page","type-page","status-publish","hentry"],"_links":{"self":[{"href":"https:\/\/www.golfduvaudreuil.com\/en\/wp-json\/wp\/v2\/pages\/7736","targetHints":{"allow":["GET"]}}],"collection":[{"href":"https:\/\/www.golfduvaudreuil.com\/en\/wp-json\/wp\/v2\/pages"}],"about":[{"href":"https:\/\/www.golfduvaudreuil.com\/en\/wp-json\/wp\/v2\/types\/page"}],"author":[{"embeddable":true,"href":"https:\/\/www.golfduvaudreuil.com\/en\/wp-json\/wp\/v2\/users\/5"}],"replies":[{"embeddable":true,"href":"https:\/\/www.golfduvaudreuil.com\/en\/wp-json\/wp\/v2\/comments?post=7736"}],"version-history":[{"count":33,"href":"https:\/\/www.golfduvaudreuil.com\/en\/wp-json\/wp\/v2\/pages\/7736\/revisions"}],"predecessor-version":[{"id":7760,"href":"https:\/\/www.golfduvaudreuil.com\/en\/wp-json\/wp\/v2\/pages\/7736\/revisions\/7760"}],"wp:attachment":[{"href":"https:\/\/www.golfduvaudreuil.com\/en\/wp-json\/wp\/v2\/media?parent=7736"}],"curies":[{"name":"wp","href":"https:\/\/api.w.org\/{rel}","templated":true}]}}