{"id":8267,"date":"2025-12-01T17:14:40","date_gmt":"2025-12-01T16:14:40","guid":{"rendered":"https:\/\/www.golfduvaudreuil.com\/?page_id=8267"},"modified":"2025-12-01T17:46:18","modified_gmt":"2025-12-01T16:46:18","slug":"proshop","status":"publish","type":"page","link":"https:\/\/www.golfduvaudreuil.com\/en\/proshop\/","title":{"rendered":"Proshop"},"content":{"rendered":"<p><div class=\"fusion-fullwidth fullwidth-box fusion-builder-row-1 fusion-parallax-none hauteurtitre hundred-percent-fullwidth non-hundred-percent-height-scrolling fusion-equal-height-columns\" style=\"background-color: rgba(255,255,255,0);background-image: url(&quot;https:\/\/www.golfduvaudreuil.com\/segv_sitewp\/wp-content\/uploads\/2025\/12\/Proshop-scaled-e1764605643200.webp&quot;);background-position: center center;background-repeat: no-repeat;padding-top:0px;padding-right:0px;padding-bottom:0px;padding-left:0px;border-width: 0px 0px 0px 0px;border-color:#eae9e9;border-style:solid;-webkit-background-size:cover;-moz-background-size:cover;-o-background-size:cover;background-size:cover;\" ><div class=\"fusion-builder-row fusion-row\"><div class=\"fusion-layout-column fusion_builder_column fusion-builder-column-0 fusion_builder_column_1_1 1_1 fusion-one-full fusion-column-first fusion-column-last hauteurtitre\" style=\"margin-top:0px;margin-bottom:0px;\"><div class=\"fusion-column-wrapper fusion-flex-column-wrapper-legacy\" style=\"background-position:left top;background-blend-mode: overlay;background-repeat:no-repeat;-webkit-background-size:cover;-moz-background-size:cover;-o-background-size:cover;background-size:cover;padding: 0px 0px 0px 0px;\"><div class=\"fusion-column-content-centered\"><div class=\"fusion-column-content\"><style type=\"text\/css\"><\/style><div class=\"fusion-title title fusion-title-1 fusion-sep-none fusion-title-text fusion-title-size-one ombretitre\" style=\"font-size:52px;margin-top:0px;margin-right:0px;margin-bottom:10px;margin-left:0px;\"><h1 class=\"title-heading-left fusion-responsive-typography-calculated\" style=\"margin:0;font-size:1em;color:#ffffff;--fontSize:52;line-height:1.2;\">LE PROSHOP<\/h1><\/div><\/div><\/div><div class=\"fusion-clearfix\"><\/div><\/div><\/div><\/div><\/div><div class=\"fusion-fullwidth fullwidth-box fusion-builder-row-2 hundred-percent-fullwidth non-hundred-percent-height-scrolling fusion-equal-height-columns\" style=\"background-color: rgba(255,255,255,0);background-position: center center;background-repeat: no-repeat;padding-top:0px;padding-right:15%;padding-bottom:0px;padding-left:15%;margin-bottom: 3%;margin-top: 3%;border-width: 0px 0px 0px 0px;border-color:#eae9e9;border-style:solid;\" ><div class=\"fusion-builder-row fusion-row\"><div class=\"fusion-layout-column fusion_builder_column fusion-builder-column-1 fusion_builder_column_1_1 1_1 fusion-one-full fusion-column-first fusion-column-last\" style=\"margin-top:20px;margin-bottom:20px;\"><div class=\"fusion-column-wrapper fusion-flex-column-wrapper-legacy\" style=\"background-position:left top;background-blend-mode: overlay;background-repeat:no-repeat;-webkit-background-size:cover;-moz-background-size:cover;-o-background-size:cover;background-size:cover;padding: 0px 0px 0px 0px;\"><div class=\"fusion-column-content-centered\"><div class=\"fusion-column-content\"><div class=\"fusion-text fusion-text-1\"><h1>Le Proshop de r\u00e9f\u00e9rence des golfeurs de tous niveaux en Normandie<\/h1>\n<\/div><div class=\"fusion-text fusion-text-2 fusion-text-no-margin\" style=\"margin-top:2%;margin-bottom:5%;\"><h3 class=\"fusion-responsive-typography-calculated\" style=\"--fontsize: 20; line-height: 1.2; --minfontsize: 20;\" data-fontsize=\"20\" data-lineheight=\"24px\">D\u00e9couvrez le <strong data-start=\"208\" data-end=\"251\">Proshop du Golf PGA France du Vaudreuil<\/strong>, un espace enti\u00e8rement d\u00e9di\u00e9 aux passionn\u00e9s de golf, en Normandie. Nous proposons un large choix de produits issus des <strong data-start=\"357\" data-end=\"379\">meilleures marques<\/strong> : <strong data-start=\"382\" data-end=\"454\">Titleist, FootJoy, Ping, WellPutt, Callaway, R\u00f6hnisch, Under Armour, Nike&#8230;<\/strong> et bien d\u2019autres .<\/h3>\n<\/div><div class=\"fusion-text fusion-text-3 fusion-text-no-margin\" style=\"margin-bottom:2%;\"><h2 class=\"fusion-responsive-typography-calculated\" style=\"--fontsize: 16; line-height: 1.5; --minfontsize: 16;\" data-start=\"475\" data-end=\"517\" data-fontsize=\"16\" data-lineheight=\"24px\"><strong data-start=\"479\" data-end=\"517\">Tout l\u2019essentiel pour les golfeurs<\/strong><\/h2>\n<p style=\"font-size: 16px;\" data-start=\"518\" data-end=\"549\" data-fusion-font=\"true\">Retrouvez dans notre boutique :<\/p>\n<ul data-start=\"551\" data-end=\"848\">\n<li data-start=\"551\" data-end=\"596\">\n<p data-start=\"553\" data-end=\"596\"><strong style=\"font-size: 16px;\" data-start=\"553\" data-end=\"574\" data-fusion-font=\"true\">V\u00eatements de golf<\/strong><span style=\"font-size: 16px;\" data-fusion-font=\"true\"> pour homme et femme<\/span><\/p>\n<\/li>\n<li data-start=\"597\" data-end=\"647\">\n<p data-start=\"599\" data-end=\"647\"><strong style=\"font-size: 16px;\" data-start=\"599\" data-end=\"613\" data-fusion-font=\"true\">Chaussures<\/strong><span style=\"font-size: 16px;\" data-fusion-font=\"true\"> adapt\u00e9es \u00e0 toutes les pratiques<\/span><\/p>\n<\/li>\n<li data-start=\"648\" data-end=\"677\">\n<p data-start=\"650\" data-end=\"677\"><strong style=\"font-size: 16px;\" data-start=\"650\" data-end=\"675\" data-fusion-font=\"true\">Clubs et sacs de golf<\/strong><\/p>\n<\/li>\n<li data-start=\"678\" data-end=\"720\">\n<p data-start=\"680\" data-end=\"720\"><strong style=\"font-size: 16px;\" data-start=\"680\" data-end=\"718\" data-fusion-font=\"true\">Casquettes et accessoires textiles<\/strong><\/p>\n<\/li>\n<li data-start=\"721\" data-end=\"791\">\n<p data-start=\"723\" data-end=\"791\"><strong style=\"font-size: 16px;\" data-start=\"723\" data-end=\"752\" data-fusion-font=\"true\">Indispensables du golfeur<\/strong><span style=\"font-size: 16px;\" data-fusion-font=\"true\"> : gants, tees, rel\u00e8ve-pitch, balles\u2026<\/span><\/p>\n<\/li>\n<li data-start=\"792\" data-end=\"848\">\n<p data-start=\"794\" data-end=\"848\"><strong style=\"font-size: 16px;\" data-start=\"794\" data-end=\"819\" data-fusion-font=\"true\">Outils d\u2019entra\u00eenement<\/strong><span style=\"font-size: 16px;\" data-fusion-font=\"true\"> pour progresser efficacement<\/span><\/p>\n<\/li>\n<\/ul>\n<h2 class=\"fusion-responsive-typography-calculated\" style=\"--fontsize: 16; line-height: 1.5; --minfontsize: 16;\" data-start=\"850\" data-end=\"898\" data-fontsize=\"16\" data-lineheight=\"24px\"><strong data-start=\"854\" data-end=\"898\">Qualit\u00e9, choix et conseils personnalis\u00e9s<\/strong><\/h2>\n<p style=\"font-size: 16px;\" data-start=\"899\" data-end=\"1153\" data-fusion-font=\"true\">Notre \u00e9quipe vous accompagne pour choisir l\u2019\u00e9quipement le plus adapt\u00e9 \u00e0 votre niveau, \u00e0 votre style de jeu et \u00e0 vos envies.<\/p>\n<\/div><div class=\"fusion-text fusion-text-4 fusion-text-no-margin\" style=\"margin-bottom:2%;\"><h2 class=\"fusion-responsive-typography-calculated\" style=\"text-align: center; --fontsize: 16; line-height: 1.5; --minfontsize: 16;\" data-fontsize=\"16\" data-lineheight=\"24px\"><b><span style=\"font-size: 22px;\" data-fusion-font=\"true\">Une question, un conseil ?<\/span><br \/>\n<span style=\"font-size: 22px;\" data-fusion-font=\"true\">Contactez notre \u00e9quipe !<\/span><\/b><\/h2>\n<h2 class=\"fusion-responsive-typography-calculated\" style=\"text-align: center; --fontsize: 16; line-height: 1.5; --minfontsize: 16; font-size: 21px;\" data-fontsize=\"16\" data-lineheight=\"24px\" data-fusion-font=\"true\"><i><span style=\"font-size: 18px;\" data-fusion-font=\"true\">02 32 59 02 60 &#8211; info@golfduvaudreuil.com<\/span><\/i><\/h2>\n<\/div><\/div><\/div><div class=\"fusion-clearfix\"><\/div><\/div><\/div><\/div><\/div><\/p>","protected":false},"excerpt":{"rendered":"","protected":false},"author":5,"featured_media":0,"parent":0,"menu_order":0,"comment_status":"closed","ping_status":"closed","template":"100-width.php","meta":{"footnotes":""},"class_list":["post-8267","page","type-page","status-publish","hentry"],"_links":{"self":[{"href":"https:\/\/www.golfduvaudreuil.com\/en\/wp-json\/wp\/v2\/pages\/8267","targetHints":{"allow":["GET"]}}],"collection":[{"href":"https:\/\/www.golfduvaudreuil.com\/en\/wp-json\/wp\/v2\/pages"}],"about":[{"href":"https:\/\/www.golfduvaudreuil.com\/en\/wp-json\/wp\/v2\/types\/page"}],"author":[{"embeddable":true,"href":"https:\/\/www.golfduvaudreuil.com\/en\/wp-json\/wp\/v2\/users\/5"}],"replies":[{"embeddable":true,"href":"https:\/\/www.golfduvaudreuil.com\/en\/wp-json\/wp\/v2\/comments?post=8267"}],"version-history":[{"count":17,"href":"https:\/\/www.golfduvaudreuil.com\/en\/wp-json\/wp\/v2\/pages\/8267\/revisions"}],"predecessor-version":[{"id":8291,"href":"https:\/\/www.golfduvaudreuil.com\/en\/wp-json\/wp\/v2\/pages\/8267\/revisions\/8291"}],"wp:attachment":[{"href":"https:\/\/www.golfduvaudreuil.com\/en\/wp-json\/wp\/v2\/media?parent=8267"}],"curies":[{"name":"wp","href":"https:\/\/api.w.org\/{rel}","templated":true}]}}